{"id":293,"date":"2024-01-23T19:19:58","date_gmt":"2024-01-23T18:19:58","guid":{"rendered":"https:\/\/surtech.es\/?page_id=293"},"modified":"2025-03-27T08:54:40","modified_gmt":"2025-03-27T07:54:40","slug":"surtech-engineering-surface-treatment-technology","status":"publish","type":"page","link":"https:\/\/www.surtech.es\/es\/","title":{"rendered":"Surtech Engineering Surface Treatment Technology"},"content":{"rendered":"<section class=\"l-section wpb_row height_auto width_full\"><div class=\"l-section-overlay\" style=\"background:var(--color-content-primary-grad)\"><\/div><div class=\"l-section-h i-cf\"><div class=\"g-cols vc_row via_grid cols_1 laptops-cols_inherit tablets-cols_inherit mobiles-cols_1 valign_top type_default stacking_default\"><div class=\"wpb_column vc_column_container\"><div class=\"vc_column-inner\">\n\t\t\t<!-- START Portada REVOLUTION SLIDER 6.6.19 --><p class=\"rs-p-wp-fix\"><\/p>\n\t\t\t<rs-module-wrap id=\"rev_slider_1_1_wrapper\" data-source=\"gallery\" style=\"visibility:hidden;background:transparent;padding:0;margin:0px auto;margin-top:0;margin-bottom:0;\">\n\t\t\t\t<rs-module id=\"rev_slider_1_1\" style=\"\" data-version=\"6.6.19\">\n\t\t\t\t\t<rs-slides style=\"overflow: hidden; position: absolute;\">\n\t\t\t\t\t\t<rs-slide style=\"position: absolute;\" data-key=\"rs-5\" data-title=\"Video\" data-thumb=\"\/\/somarda.com\/_surtech\/wp-content\/uploads\/revslider\/video-media\/ingeniero_3.jpeg\" data-in=\"o:0;\" data-out=\"a:false;\">\n\t\t\t\t\t\t\t<img decoding=\"async\" src=\"\/\/www.surtech.es\/wp-content\/plugins\/revslider\/public\/assets\/assets\/dummy.png\" alt=\"technology\" title=\"ingeniero_3.jpeg\" width=\"1920\" height=\"600\" class=\"rev-slidebg tp-rs-img rs-lazyload\" data-lazyload=\"\/\/somarda.com\/_surtech\/wp-content\/uploads\/revslider\/video-media\/ingeniero_3.jpeg\" data-no-retina>\n\t\t\t\t\t\t\t<rs-bgvideo \n\t\t\t\t\t\t\t\tdata-video=\"w:100%;h:100%;nse:false;l:true;ptimer:false;vfc:true;\"\n\t\t\t\t\t\t\t\tdata-mp4=\"\/\/www.surtech.es\/wp-content\/uploads\/2024\/01\/ingeniero.mp4\"\n\t\t\t\t\t\t\t><\/rs-bgvideo>\n<!--\n\t\t\t\t\t\t\t--><rs-layer\n\t\t\t\t\t\t\t\tid=\"slider-1-slide-5-layer-0\" \n\t\t\t\t\t\t\t\tdata-type=\"text\"\n\t\t\t\t\t\t\t\tdata-rsp_ch=\"on\"\n\t\t\t\t\t\t\t\tdata-xy=\"x:c;y:m;\"\n\t\t\t\t\t\t\t\tdata-text=\"w:normal;s:50,41,31,19;l:50,41,31,19;a:center;\"\n\t\t\t\t\t\t\t\tdata-padding=\"t:10,8,6,4;r:20,17,13,8;b:20,17,13,8;l:20,17,13,8;\"\n\t\t\t\t\t\t\t\tdata-frame_0=\"y:100%;\"\n\t\t\t\t\t\t\t\tdata-frame_0_mask=\"u:t;\"\n\t\t\t\t\t\t\t\tdata-frame_1=\"sp:1600;\"\n\t\t\t\t\t\t\t\tdata-frame_1_mask=\"u:t;\"\n\t\t\t\t\t\t\t\tdata-frame_999=\"o:0;st:w;sR:3400;\"\n\t\t\t\t\t\t\t\tstyle=\"z-index:5;background-color:rgba(0,120,194,0.7);font-family:'Archivo Narrow';\"\n\t\t\t\t\t\t\t><H6>INNOVACI\u00d3N M\u00c1S ALL\u00c1 DE LA SUPERFICIE<\/H6> \n\t\t\t\t\t\t\t<\/rs-layer><!--\n-->\t\t\t\t\t\t<\/rs-slide>\n\t\t\t\t\t\t<rs-slide style=\"position: absolute;\" data-key=\"rs-8\" data-title=\"Video2\" data-thumb=\"\/\/somarda.com\/_surtech\/wp-content\/uploads\/revslider\/video-media\/fondo-abstracto_4.jpeg\" data-in=\"o:0;\" data-out=\"a:false;\">\n\t\t\t\t\t\t\t<img decoding=\"async\" src=\"\/\/www.surtech.es\/wp-content\/plugins\/revslider\/public\/assets\/assets\/dummy.png\" alt=\"\" title=\"fondo-abstracto_4.jpeg\" width=\"1920\" height=\"600\" class=\"rev-slidebg tp-rs-img rs-lazyload\" data-lazyload=\"\/\/somarda.com\/_surtech\/wp-content\/uploads\/revslider\/video-media\/fondo-abstracto_4.jpeg\" data-no-retina>\n\t\t\t\t\t\t\t<rs-bgvideo \n\t\t\t\t\t\t\t\tdata-video=\"w:100%;h:100%;nse:false;l:true;ptimer:false;vfc:true;\"\n\t\t\t\t\t\t\t\tdata-mp4=\"\/\/www.surtech.es\/wp-content\/uploads\/2024\/01\/fondo-abstracto.mp4\"\n\t\t\t\t\t\t\t><\/rs-bgvideo>\n<!--\n\t\t\t\t\t\t\t--><rs-layer\n\t\t\t\t\t\t\t\tid=\"slider-1-slide-8-layer-1\" \n\t\t\t\t\t\t\t\tdata-type=\"text\"\n\t\t\t\t\t\t\t\tdata-tsh=\"c:rgba(0,0,0,0.87);h:1px,0px,0px,0px;v:1px,0px,0px,0px;b:5px,4px,3px,1px;\"\n\t\t\t\t\t\t\t\tdata-rsp_ch=\"on\"\n\t\t\t\t\t\t\t\tdata-xy=\"x:c;y:m;\"\n\t\t\t\t\t\t\t\tdata-text=\"w:normal;s:80,66,50,30;l:80,66,50,30;a:center;\"\n\t\t\t\t\t\t\t\tdata-padding=\"t:10,8,6,4;r:20,17,13,8;b:20,17,13,8;l:20,17,13,8;\"\n\t\t\t\t\t\t\t\tdata-frame_0=\"sX:0.9;sY:0.9;\"\n\t\t\t\t\t\t\t\tdata-frame_1=\"e:power2.inOut;sp:2620;\"\n\t\t\t\t\t\t\t\tdata-frame_999=\"o:0;st:w;sR:2380;\"\n\t\t\t\t\t\t\t\tstyle=\"z-index:5;background-color:rgba(255,255,255,0);font-family:'Archivo Narrow';\"\n\t\t\t\t\t\t\t><h6> SOLUCIONES AVANZADAS EN TRATAMIENTO SUPERFICIAL <\/h6> \n\t\t\t\t\t\t\t<\/rs-layer><!--\n-->\t\t\t\t\t\t<\/rs-slide>\n\t\t\t\t\t<\/rs-slides>\n\t\t\t\t<\/rs-module>\n\t\t\t\t<script>\n\t\t\t\t\tsetREVStartSize({c: 'rev_slider_1_1',rl:[1240,1024,778,480],el:[600,768,960,720],gw:[1240,1024,778,480],gh:[600,768,960,720],type:'standard',justify:'',layout:'fullwidth',mh:\"0\"});if (window.RS_MODULES!==undefined && window.RS_MODULES.modules!==undefined && window.RS_MODULES.modules[\"revslider11\"]!==undefined) {window.RS_MODULES.modules[\"revslider11\"].once = false;window.revapi1 = undefined;if (window.RS_MODULES.checkMinimal!==undefined) window.RS_MODULES.checkMinimal()}\n\t\t\t\t<\/script>\n\t\t\t<\/rs-module-wrap>\n\t\t\t<!-- END REVOLUTION SLIDER -->\n<\/div><\/div><\/div><\/div><\/section><section class=\"l-section wpb_row height_medium with_img parallax_ver\"><div class=\"l-section-img\" role=\"img\" data-img-width=\"2808\" data-img-height=\"1869\" style=\"background-image: url(https:\/\/www.surtech.es\/wp-content\/uploads\/2024\/01\/fondo-mapa2.png);\"><\/div><div class=\"l-section-overlay\" style=\"background:linear-gradient(180deg,rgba(255,255,255,0.91494140625),rgba(255,255,255,0.75869140625))\"><\/div><div class=\"l-section-h i-cf\"><div class=\"g-cols vc_row via_grid cols_1 laptops-cols_inherit tablets-cols_inherit mobiles-cols_1 valign_top type_default stacking_default\"><div class=\"wpb_column vc_column_container\"><div class=\"vc_column-inner\"><div class=\"wpb_text_column\"><div class=\"wpb_wrapper\"><h2 style=\"text-align: center;\"><strong data-start=\"1065\" data-end=\"1123\">Tecnolog\u00eda y experiencia para transformar la industria<\/strong><\/h2>\n<\/div><\/div><div class=\"w-separator size_small\"><\/div><div class=\"wpb_text_column\"><div class=\"wpb_wrapper\"><p data-start=\"1127\" data-end=\"1535\">En Surtech Engineering, combinamos innovaci\u00f3n y conocimiento para ofrecer soluciones integrales en tratamiento de superficies. Desde el dise\u00f1o hasta la instalaci\u00f3n, implementamos sistemas automatizados y procesos optimizados que garantizan eficiencia, calidad y alto rendimiento.<\/p>\n<\/div><\/div><div class=\"w-separator size_small\"><\/div><div class=\"g-cols wpb_row via_grid cols_2-1 laptops-cols_inherit tablets-cols_inherit mobiles-cols_1 valign_top type_default stacking_default\" style=\"--gap:3rem;\"><div class=\"wpb_column vc_column_container\"><div class=\"vc_column-inner\"><div class=\"wpb_text_column\"><div class=\"wpb_wrapper\"><p>Nuestra experiencia en el sector nos permite adaptarnos a cada proyecto con soluciones avanzadas y personalizadas.<\/p>\n<\/div><\/div><\/div><\/div><div class=\"wpb_column vc_column_container\"><div class=\"vc_column-inner\"><div class=\"w-btn-wrapper align_center\"><a class=\"w-btn us-btn-style_1 icon_atleft\" href=\"https:\/\/www.surtech.es\/es\/about-us\/\"><i class=\"fas fa-info-circle\"><\/i><span class=\"w-btn-label\">Sobre nosotros<\/span><\/a><\/div><\/div><\/div><\/div><\/div><\/div><\/div><\/div><\/section><section class=\"l-section wpb_row height_medium with_video\"><div class=\"l-section-video\" id=\"us_bg_video_z5e0\"><style>@media(max-width:100px){#us_bg_video_z5e0{display:none!important}}<\/style><video  autoplay loop muted playsinline preload=\"auto\"><source type=\"video\/mp4\" src=\"https:\/\/surtech.es\/wp-content\/uploads\/2024\/01\/fondo-abstracto.mp4\" \/><\/video><\/div><div class=\"l-section-h i-cf\"><div class=\"g-cols vc_row via_grid cols_2 laptops-cols_inherit tablets-cols_inherit mobiles-cols_1 valign_middle type_default stacking_default\"><div class=\"wpb_column vc_column_container\"><div class=\"vc_column-inner\"><div class=\"wpb_text_column us_custom_8b3d6790 has_text_color\"><div class=\"wpb_wrapper\"><h2>Tu proyecto en cualquier parte del mundo<\/h2>\n<p data-start=\"1581\" data-end=\"1858\">Con presencia en m\u00faltiples pa\u00edses y una red internacional de agentes y colaboradores, ejecutamos proyectos industriales en \u00e1mbito nacional e internacional. Nos adaptamos a cada mercado y garantizamos instalaciones eficientes que cumplen con los m\u00e1s altos est\u00e1ndares de calidad.<\/p>\n<\/div><\/div><\/div><\/div><div class=\"wpb_column vc_column_container\"><div class=\"vc_column-inner\"><div class=\"w-image us_custom_47474b22 us_animate_this align_center\"><div class=\"w-image-h\"><img loading=\"lazy\" decoding=\"async\" width=\"700\" height=\"412\" src=\"https:\/\/www.surtech.es\/wp-content\/uploads\/2024\/01\/planta-isometrica.png\" class=\"attachment-full size-full\" alt=\"Planta Isom\u00e9trica\" srcset=\"https:\/\/www.surtech.es\/wp-content\/uploads\/2024\/01\/planta-isometrica.png 700w, https:\/\/www.surtech.es\/wp-content\/uploads\/2024\/01\/planta-isometrica-600x353.png 600w, https:\/\/www.surtech.es\/wp-content\/uploads\/2024\/01\/planta-isometrica-300x177.png 300w\" sizes=\"auto, (max-width: 700px) 100vw, 700px\" \/><\/div><\/div><\/div><\/div><\/div><\/div><\/section><section class=\"l-section wpb_row height_medium\"><div class=\"l-section-h i-cf\"><div class=\"g-cols vc_row via_grid cols_1 laptops-cols_inherit tablets-cols_inherit mobiles-cols_1 valign_top type_default stacking_default\"><div class=\"wpb_column vc_column_container\"><div class=\"vc_column-inner\"><div class=\"w-grid type_carousel layout_blog_1 cols_3\" id=\"us_grid_1\" style=\"--gap:1.5rem;\"><style>@media (min-width:1024px){#us_grid_1 .w-post-elm.post_title{font-size:18px!important}}.layout_blog_1 .w-grid-item-h{}.layout_blog_1 .usg_post_image_1{margin-bottom:0.5rem!important}.layout_blog_1 .usg_post_title_1{font-size:1rem!important}@media (min-width:1025px) and (max-width:1380px){.layout_blog_1 .usg_post_image_1{margin-bottom:0.5rem!important}.layout_blog_1 .usg_post_title_1{font-size:1rem!important}}@media (min-width:601px) and (max-width:1024px){.layout_blog_1 .usg_post_image_1{margin-bottom:0.5rem!important}.layout_blog_1 .usg_post_title_1{font-size:1rem!important}}@media (max-width:600px){.layout_blog_1 .usg_post_image_1{margin-bottom:0.5rem!important}.layout_blog_1 .usg_post_title_1{font-size:1rem!important}}<\/style><div class=\"w-grid-list owl-carousel navstyle_1 navpos_inside\" style=\"--arrows-size:1rem;\">\t<article class=\"w-grid-item post-886 page type-page status-publish has-post-thumbnail hentry\" data-id=\"886\">\n\t\t<div class=\"w-grid-item-h\">\n\t\t\t\t\t\t<div class=\"w-post-elm post_image usg_post_image_1 stretched\"><a href=\"https:\/\/www.surtech.es\/es\/servicios\/expansion-de-instalaciones\/\" aria-label=\"Expansi\u00f3n de Instalaciones\"><img loading=\"lazy\" decoding=\"async\" width=\"150\" height=\"150\" src=\"https:\/\/www.surtech.es\/wp-content\/uploads\/2024\/01\/facilities-150x150.jpg\" class=\"attachment-thumbnail size-thumbnail wp-post-image\" alt=\"facilities\" srcset=\"https:\/\/www.surtech.es\/wp-content\/uploads\/2024\/01\/facilities-150x150.jpg 150w, https:\/\/www.surtech.es\/wp-content\/uploads\/2024\/01\/facilities-300x300.jpg 300w\" sizes=\"auto, (max-width: 150px) 100vw, 150px\" \/><\/a><\/div><h2 class=\"w-post-elm post_title usg_post_title_1 entry-title color_link_inherit\"><a href=\"https:\/\/www.surtech.es\/es\/servicios\/expansion-de-instalaciones\/\">Expansi\u00f3n de Instalaciones<\/a><\/h2>\t\t<\/div>\n\t<\/article>\n\t<article class=\"w-grid-item post-878 page type-page status-publish has-post-thumbnail hentry\" data-id=\"878\">\n\t\t<div class=\"w-grid-item-h\">\n\t\t\t\t\t\t<div class=\"w-post-elm post_image usg_post_image_1 stretched\"><a href=\"https:\/\/www.surtech.es\/es\/servicios\/mantenimiento\/\" aria-label=\"Mantenimiento\"><img loading=\"lazy\" decoding=\"async\" width=\"150\" height=\"150\" src=\"https:\/\/www.surtech.es\/wp-content\/uploads\/2024\/01\/catalogo-surtech-150x150.jpg\" class=\"attachment-thumbnail size-thumbnail wp-post-image\" alt=\"maintenance\" srcset=\"https:\/\/www.surtech.es\/wp-content\/uploads\/2024\/01\/catalogo-surtech-150x150.jpg 150w, https:\/\/www.surtech.es\/wp-content\/uploads\/2024\/01\/catalogo-surtech-300x300.jpg 300w\" sizes=\"auto, (max-width: 150px) 100vw, 150px\" \/><\/a><\/div><h2 class=\"w-post-elm post_title usg_post_title_1 entry-title color_link_inherit\"><a href=\"https:\/\/www.surtech.es\/es\/servicios\/mantenimiento\/\">Mantenimiento<\/a><\/h2>\t\t<\/div>\n\t<\/article>\n\t<article class=\"w-grid-item post-875 page type-page status-publish has-post-thumbnail hentry\" data-id=\"875\">\n\t\t<div class=\"w-grid-item-h\">\n\t\t\t\t\t\t<div class=\"w-post-elm post_image usg_post_image_1 stretched\"><a href=\"https:\/\/www.surtech.es\/es\/servicios\/\" aria-label=\"SERVICIOS\"><img loading=\"lazy\" decoding=\"async\" width=\"150\" height=\"150\" src=\"https:\/\/www.surtech.es\/wp-content\/uploads\/2024\/01\/production-line-improvements-150x150.jpg\" class=\"attachment-thumbnail size-thumbnail wp-post-image\" alt=\"services\" srcset=\"https:\/\/www.surtech.es\/wp-content\/uploads\/2024\/01\/production-line-improvements-150x150.jpg 150w, https:\/\/www.surtech.es\/wp-content\/uploads\/2024\/01\/production-line-improvements-300x300.jpg 300w\" sizes=\"auto, (max-width: 150px) 100vw, 150px\" \/><\/a><\/div><h2 class=\"w-post-elm post_title usg_post_title_1 entry-title color_link_inherit\"><a href=\"https:\/\/www.surtech.es\/es\/servicios\/\">SERVICIOS<\/a><\/h2>\t\t<\/div>\n\t<\/article>\n\t<article class=\"w-grid-item post-866 page type-page status-publish has-post-thumbnail hentry\" data-id=\"866\">\n\t\t<div class=\"w-grid-item-h\">\n\t\t\t\t\t\t<div class=\"w-post-elm post_image usg_post_image_1 stretched\"><a href=\"https:\/\/www.surtech.es\/es\/instalaciones\/tratamiento-de-aguas\/\" aria-label=\"Tratamiento de Aguas\"><img loading=\"lazy\" decoding=\"async\" width=\"150\" height=\"150\" src=\"https:\/\/www.surtech.es\/wp-content\/uploads\/2024\/01\/industrial-water-treatment-150x150.jpg\" class=\"attachment-thumbnail size-thumbnail wp-post-image\" alt=\"water treatment\" srcset=\"https:\/\/www.surtech.es\/wp-content\/uploads\/2024\/01\/industrial-water-treatment-150x150.jpg 150w, https:\/\/www.surtech.es\/wp-content\/uploads\/2024\/01\/industrial-water-treatment-300x300.jpg 300w\" sizes=\"auto, (max-width: 150px) 100vw, 150px\" \/><\/a><\/div><h2 class=\"w-post-elm post_title usg_post_title_1 entry-title color_link_inherit\"><a href=\"https:\/\/www.surtech.es\/es\/instalaciones\/tratamiento-de-aguas\/\">Tratamiento de Aguas<\/a><\/h2>\t\t<\/div>\n\t<\/article>\n\t<article class=\"w-grid-item post-860 page type-page status-publish has-post-thumbnail hentry\" data-id=\"860\">\n\t\t<div class=\"w-grid-item-h\">\n\t\t\t\t\t\t<div class=\"w-post-elm post_image usg_post_image_1 stretched\"><a href=\"https:\/\/www.surtech.es\/es\/instalaciones\/otros-recubrimientos\/\" aria-label=\"Otros Recubrimientos\"><img loading=\"lazy\" decoding=\"async\" width=\"150\" height=\"150\" src=\"https:\/\/www.surtech.es\/wp-content\/uploads\/2025\/02\/Coating-150x150.jpg\" class=\"attachment-thumbnail size-thumbnail wp-post-image\" alt=\"coatings\" srcset=\"https:\/\/www.surtech.es\/wp-content\/uploads\/2025\/02\/Coating-150x150.jpg 150w, https:\/\/www.surtech.es\/wp-content\/uploads\/2025\/02\/Coating-300x300.jpg 300w\" sizes=\"auto, (max-width: 150px) 100vw, 150px\" \/><\/a><\/div><h2 class=\"w-post-elm post_title usg_post_title_1 entry-title color_link_inherit\"><a href=\"https:\/\/www.surtech.es\/es\/instalaciones\/otros-recubrimientos\/\">Otros Recubrimientos<\/a><\/h2>\t\t<\/div>\n\t<\/article>\n\t<article class=\"w-grid-item post-843 page type-page status-publish has-post-thumbnail hentry\" data-id=\"843\">\n\t\t<div class=\"w-grid-item-h\">\n\t\t\t\t\t\t<div class=\"w-post-elm post_image usg_post_image_1 stretched\"><a href=\"https:\/\/www.surtech.es\/es\/instalaciones\/tratamientos-quimicos\/\" aria-label=\"Tratamientos Qu\u00edmicos\"><img loading=\"lazy\" decoding=\"async\" width=\"150\" height=\"150\" src=\"https:\/\/www.surtech.es\/wp-content\/uploads\/2024\/01\/metallic-coatings-150x150.jpg\" class=\"attachment-thumbnail size-thumbnail wp-post-image\" alt=\"chemical treatment\" srcset=\"https:\/\/www.surtech.es\/wp-content\/uploads\/2024\/01\/metallic-coatings-150x150.jpg 150w, https:\/\/www.surtech.es\/wp-content\/uploads\/2024\/01\/metallic-coatings-300x300.jpg 300w\" sizes=\"auto, (max-width: 150px) 100vw, 150px\" \/><\/a><\/div><h2 class=\"w-post-elm post_title usg_post_title_1 entry-title color_link_inherit\"><a href=\"https:\/\/www.surtech.es\/es\/instalaciones\/tratamientos-quimicos\/\">Tratamientos Qu\u00edmicos<\/a><\/h2>\t\t<\/div>\n\t<\/article>\n\t<article class=\"w-grid-item post-845 page type-page status-publish has-post-thumbnail hentry\" data-id=\"845\">\n\t\t<div class=\"w-grid-item-h\">\n\t\t\t\t\t\t<div class=\"w-post-elm post_image usg_post_image_1 stretched\"><a href=\"https:\/\/www.surtech.es\/es\/instalaciones\/tratamientos-electroliticos\/\" aria-label=\"Tratamientos Electrol\u00edticos\"><img loading=\"lazy\" decoding=\"async\" width=\"150\" height=\"150\" src=\"https:\/\/www.surtech.es\/wp-content\/uploads\/2024\/01\/aluminum-treatment-150x150.jpg\" class=\"attachment-thumbnail size-thumbnail wp-post-image\" alt=\"electrolytic treatment\" srcset=\"https:\/\/www.surtech.es\/wp-content\/uploads\/2024\/01\/aluminum-treatment-150x150.jpg 150w, https:\/\/www.surtech.es\/wp-content\/uploads\/2024\/01\/aluminum-treatment-300x300.jpg 300w\" sizes=\"auto, (max-width: 150px) 100vw, 150px\" \/><\/a><\/div><h2 class=\"w-post-elm post_title usg_post_title_1 entry-title color_link_inherit\"><a href=\"https:\/\/www.surtech.es\/es\/instalaciones\/tratamientos-electroliticos\/\">Tratamientos Electrol\u00edticos<\/a><\/h2>\t\t<\/div>\n\t<\/article>\n\t<article class=\"w-grid-item post-837 page type-page status-publish has-post-thumbnail hentry\" data-id=\"837\">\n\t\t<div class=\"w-grid-item-h\">\n\t\t\t\t\t\t<div class=\"w-post-elm post_image usg_post_image_1 stretched\"><a href=\"https:\/\/www.surtech.es\/es\/instalaciones\/pre-tratamientos\/\" aria-label=\"Pre-Tratamientos\"><img loading=\"lazy\" decoding=\"async\" width=\"150\" height=\"150\" src=\"https:\/\/www.surtech.es\/wp-content\/uploads\/2024\/01\/industrial-water-treatment-150x150.jpg\" class=\"attachment-thumbnail size-thumbnail wp-post-image\" alt=\"water treatment\" srcset=\"https:\/\/www.surtech.es\/wp-content\/uploads\/2024\/01\/industrial-water-treatment-150x150.jpg 150w, https:\/\/www.surtech.es\/wp-content\/uploads\/2024\/01\/industrial-water-treatment-300x300.jpg 300w\" sizes=\"auto, (max-width: 150px) 100vw, 150px\" \/><\/a><\/div><h2 class=\"w-post-elm post_title usg_post_title_1 entry-title color_link_inherit\"><a href=\"https:\/\/www.surtech.es\/es\/instalaciones\/pre-tratamientos\/\">Pre-Tratamientos<\/a><\/h2>\t\t<\/div>\n\t<\/article>\n\t<article class=\"w-grid-item post-839 page type-page status-publish has-post-thumbnail hentry\" data-id=\"839\">\n\t\t<div class=\"w-grid-item-h\">\n\t\t\t\t\t\t<div class=\"w-post-elm post_image usg_post_image_1 stretched\"><a href=\"https:\/\/www.surtech.es\/es\/instalaciones\/\" aria-label=\"INSTALACIONES\"><img loading=\"lazy\" decoding=\"async\" width=\"150\" height=\"150\" src=\"https:\/\/www.surtech.es\/wp-content\/uploads\/2024\/01\/fondo-engineering-150x150.jpg\" class=\"attachment-thumbnail size-thumbnail wp-post-image\" alt=\"facilities\" srcset=\"https:\/\/www.surtech.es\/wp-content\/uploads\/2024\/01\/fondo-engineering-150x150.jpg 150w, https:\/\/www.surtech.es\/wp-content\/uploads\/2024\/01\/fondo-engineering-300x300.jpg 300w\" sizes=\"auto, (max-width: 150px) 100vw, 150px\" \/><\/a><\/div><h2 class=\"w-post-elm post_title usg_post_title_1 entry-title color_link_inherit\"><a href=\"https:\/\/www.surtech.es\/es\/instalaciones\/\">INSTALACIONES<\/a><\/h2>\t\t<\/div>\n\t<\/article>\n\t<article class=\"w-grid-item post-785 page type-page status-publish has-post-thumbnail hentry\" data-id=\"785\">\n\t\t<div class=\"w-grid-item-h\">\n\t\t\t\t\t\t<div class=\"w-post-elm post_image usg_post_image_1 stretched\"><a href=\"https:\/\/www.surtech.es\/es\/investigacion-y-desarrollo\/\" aria-label=\"INVESTIGACI\u00d3N Y DESARROLLO\"><img loading=\"lazy\" decoding=\"async\" width=\"150\" height=\"150\" src=\"https:\/\/www.surtech.es\/wp-content\/uploads\/2024\/01\/software-150x150.jpg\" class=\"attachment-thumbnail size-thumbnail wp-post-image\" alt=\"research\" srcset=\"https:\/\/www.surtech.es\/wp-content\/uploads\/2024\/01\/software-150x150.jpg 150w, https:\/\/www.surtech.es\/wp-content\/uploads\/2024\/01\/software-300x300.jpg 300w\" sizes=\"auto, (max-width: 150px) 100vw, 150px\" \/><\/a><\/div><h2 class=\"w-post-elm post_title usg_post_title_1 entry-title color_link_inherit\"><a href=\"https:\/\/www.surtech.es\/es\/investigacion-y-desarrollo\/\">INVESTIGACI\u00d3N Y DESARROLLO<\/a><\/h2>\t\t<\/div>\n\t<\/article>\n<\/div>\t<div class=\"g-preloader type_1\">\n\t\t<div><\/div>\n\t<\/div>\n\t\t<div class=\"w-grid-json hidden\" onclick='return {&quot;action&quot;:&quot;us_ajax_grid&quot;,&quot;ajax_url&quot;:&quot;https:\\\/\\\/www.surtech.es\\\/wp-admin\\\/admin-ajax.php&quot;,&quot;infinite_scroll&quot;:0,&quot;max_num_pages&quot;:1,&quot;pagination&quot;:&quot;none&quot;,&quot;template_vars&quot;:{&quot;columns&quot;:&quot;3&quot;,&quot;exclude_items&quot;:&quot;none&quot;,&quot;img_size&quot;:&quot;thumbnail&quot;,&quot;ignore_items_size&quot;:0,&quot;items_layout&quot;:&quot;blog_1&quot;,&quot;items_offset&quot;:&quot;1&quot;,&quot;load_animation&quot;:&quot;none&quot;,&quot;overriding_link&quot;:&quot;%7B%22url%22%3A%22%22%7D&quot;,&quot;post_id&quot;:0,&quot;query_args&quot;:{&quot;ignore_sticky_posts&quot;:1,&quot;post_type&quot;:&quot;any&quot;,&quot;post__in&quot;:[&quot;839&quot;,&quot;837&quot;,&quot;845&quot;,&quot;843&quot;,&quot;860&quot;,&quot;866&quot;,&quot;878&quot;,&quot;886&quot;,&quot;785&quot;,&quot;875&quot;],&quot;posts_per_page&quot;:&quot;10&quot;},&quot;orderby_query_args&quot;:{&quot;orderby&quot;:{&quot;date&quot;:&quot;DESC&quot;}},&quot;type&quot;:&quot;carousel&quot;,&quot;us_grid_ajax_index&quot;:1,&quot;us_grid_filter_params&quot;:[],&quot;us_grid_index&quot;:1,&quot;_us_grid_post_type&quot;:&quot;ids&quot;,&quot;page_args&quot;:[],&quot;lang&quot;:&quot;es&quot;},&quot;carousel_settings&quot;:{&quot;autoHeight&quot;:0,&quot;autoplay&quot;:0,&quot;carousel_fade&quot;:0,&quot;center&quot;:0,&quot;dots&quot;:0,&quot;items&quot;:&quot;3&quot;,&quot;loop&quot;:true,&quot;nav&quot;:1,&quot;slideby&quot;:&quot;1&quot;,&quot;smooth_play&quot;:0,&quot;speed&quot;:150,&quot;timeout&quot;:3000,&quot;transition&quot;:&quot;&quot;,&quot;aria_labels&quot;:{&quot;prev&quot;:&quot;Anterior&quot;,&quot;next&quot;:&quot;Siguiente&quot;}},&quot;carousel_breakpoints&quot;:{&quot;0&quot;:{&quot;autoHeight&quot;:1,&quot;autoplay&quot;:1,&quot;autoplayHoverPause&quot;:1,&quot;items&quot;:1,&quot;loop&quot;:true,&quot;stagePadding&quot;:0},&quot;601&quot;:{&quot;autoHeight&quot;:0,&quot;autoplay&quot;:1,&quot;autoplayHoverPause&quot;:1,&quot;items&quot;:2,&quot;loop&quot;:true,&quot;stagePadding&quot;:0},&quot;1000&quot;:{&quot;items&quot;:3,&quot;stagePadding&quot;:5}}}'><\/div>\n\t<\/div><\/div><\/div><\/div><\/div><\/section><section class=\"l-section wpb_row height_small with_img parallax_ver\"><div class=\"l-section-img\" role=\"img\" data-img-width=\"1920\" data-img-height=\"1080\" style=\"background-image: url(https:\/\/www.surtech.es\/wp-content\/uploads\/2024\/01\/fondo-esquema.png);\"><\/div><div class=\"l-section-overlay\" style=\"background:linear-gradient(180deg,rgba(255,255,255,0.80244140625),rgba(255,255,255,0.93369140625))\"><\/div><div class=\"l-section-h i-cf\"><div class=\"g-cols vc_row via_grid cols_1 laptops-cols_inherit tablets-cols_inherit mobiles-cols_1 valign_top type_default stacking_default\"><div class=\"wpb_column vc_column_container\"><div class=\"vc_column-inner\"><div class=\"wpb_text_column\"><div class=\"wpb_wrapper\"><h2 style=\"text-align: center;\">\u00bfQuieres saber m\u00e1s?<\/h2>\n<p style=\"text-align: center;\">No dudes en ponerte en contacto con nosotros a trav\u00e9s de aqu\u00ed:<\/p>\n<\/div><\/div><div class=\"w-separator size_small\"><\/div><div class=\"w-btn-wrapper align_center\"><a class=\"w-btn us-btn-style_1\" href=\"https:\/\/www.surtech.es\/es\/contacto\/\"><span class=\"w-btn-label\">Contacto<\/span><\/a><\/div><\/div><\/div><\/div><\/div><\/section>\n","protected":false},"excerpt":{"rendered":"Innovaci\u00f3n para la Industria del Futuro En un mundo industrial en constante evoluci\u00f3n, la investigaci\u00f3n y el desarrollo (I+D) son claves para crear soluciones m\u00e1s eficientes, sostenibles y adaptadas a los nuevos desaf\u00edos. En nuestra empresa, apostamos por la tecnolog\u00eda, la automatizaci\u00f3n y la sostenibilidad para transformar los procesos de tratamiento superficial, optimizando su impacto...","protected":false},"author":1,"featured_media":0,"parent":0,"menu_order":0,"comment_status":"closed","ping_status":"closed","template":"","meta":{"footnotes":""},"class_list":["post-293","page","type-page","status-publish","hentry"],"_links":{"self":[{"href":"https:\/\/www.surtech.es\/es\/wp-json\/wp\/v2\/pages\/293","targetHints":{"allow":["GET"]}}],"collection":[{"href":"https:\/\/www.surtech.es\/es\/wp-json\/wp\/v2\/pages"}],"about":[{"href":"https:\/\/www.surtech.es\/es\/wp-json\/wp\/v2\/types\/page"}],"author":[{"embeddable":true,"href":"https:\/\/www.surtech.es\/es\/wp-json\/wp\/v2\/users\/1"}],"replies":[{"embeddable":true,"href":"https:\/\/www.surtech.es\/es\/wp-json\/wp\/v2\/comments?post=293"}],"version-history":[{"count":38,"href":"https:\/\/www.surtech.es\/es\/wp-json\/wp\/v2\/pages\/293\/revisions"}],"predecessor-version":[{"id":1400,"href":"https:\/\/www.surtech.es\/es\/wp-json\/wp\/v2\/pages\/293\/revisions\/1400"}],"wp:attachment":[{"href":"https:\/\/www.surtech.es\/es\/wp-json\/wp\/v2\/media?parent=293"}],"curies":[{"name":"wp","href":"https:\/\/api.w.org\/{rel}","templated":true}]}}