{"id":449,"date":"2024-01-22T18:27:35","date_gmt":"2024-01-22T17:27:35","guid":{"rendered":"https:\/\/surtech.es\/contact\/"},"modified":"2025-05-14T10:55:47","modified_gmt":"2025-05-14T08:55:47","slug":"contacto","status":"publish","type":"page","link":"https:\/\/www.surtech.es\/es\/contacto\/","title":{"rendered":"CONTACTO"},"content":{"rendered":"<section class=\"l-section wpb_row height_medium\"><div class=\"l-section-h i-cf\"><div class=\"g-cols vc_row via_grid cols_2-1 laptops-cols_inherit tablets-cols_inherit mobiles-cols_1 valign_top type_default stacking_default\" style=\"--gap:4rem;\"><div class=\"wpb_column vc_column_container\"><div class=\"vc_column-inner\"><div class=\"wpb_text_column\"><div class=\"wpb_wrapper\"><h2 data-start=\"133\" data-end=\"171\"><strong data-start=\"136\" data-end=\"169\">Hablemos sobre tu Proyecto<\/strong><\/h2>\n<p data-start=\"173\" data-end=\"441\">Cada industria tiene desaf\u00edos \u00fanicos, y estamos aqu\u00ed para ofrecerte <strong data-start=\"241\" data-end=\"264\">soluciones a medida<\/strong> en tratamientos superficiales. Ya sea que necesites <strong data-start=\"317\" data-end=\"385\">asesor\u00eda, un nuevo proyecto o la optimizaci\u00f3n de tu l\u00ednea actual<\/strong>, nuestro equipo de expertos est\u00e1 listo para ayudarte.<\/p>\n<p data-start=\"534\" data-end=\"663\"><strong data-start=\"537\" data-end=\"564\">Actuamos a nivel global<\/strong>, dise\u00f1ando, implementando y optimizando instalaciones industriales en cualquier parte del mundo.<\/p>\n<p data-start=\"534\" data-end=\"663\"><strong data-start=\"446\" data-end=\"469\">D\u00e9janos tu consulta<\/strong> a trav\u00e9s del formulario y te responderemos lo antes posible.<\/p>\n<\/div><\/div><div class=\"w-separator size_medium\"><\/div>\n<div class=\"wpcf7 no-js\" id=\"wpcf7-f7-o1\" lang=\"es-ES\" dir=\"ltr\" data-wpcf7-id=\"7\">\n<div class=\"screen-reader-response\"><p role=\"status\" aria-live=\"polite\" aria-atomic=\"true\"><\/p> <ul><\/ul><\/div>\n<form action=\"\/es\/wp-json\/wp\/v2\/pages\/449#wpcf7-f7-o1\" method=\"post\" class=\"wpcf7-form init\" aria-label=\"Formulario de contacto\" novalidate=\"novalidate\" data-status=\"init\">\n<div style=\"display: none;\">\n<input type=\"hidden\" name=\"_wpcf7\" value=\"7\" \/>\n<input type=\"hidden\" name=\"_wpcf7_version\" value=\"6.0.5\" \/>\n<input type=\"hidden\" name=\"_wpcf7_locale\" value=\"es_ES\" \/>\n<input type=\"hidden\" name=\"_wpcf7_unit_tag\" value=\"wpcf7-f7-o1\" \/>\n<input type=\"hidden\" name=\"_wpcf7_container_post\" value=\"0\" \/>\n<input type=\"hidden\" name=\"_wpcf7_posted_data_hash\" value=\"\" \/>\n<\/div>\n<p><label> Name<br \/>\n<span class=\"wpcf7-form-control-wrap\" data-name=\"your-name\"><input size=\"40\" maxlength=\"400\" class=\"wpcf7-form-control wpcf7-text wpcf7-validates-as-required\" autocomplete=\"name\" aria-required=\"true\" aria-invalid=\"false\" value=\"\" type=\"text\" name=\"your-name\" \/><\/span> <\/label>\n<\/p>\n<p><label> E-mail<br \/>\n<span class=\"wpcf7-form-control-wrap\" data-name=\"your-email\"><input size=\"40\" maxlength=\"400\" class=\"wpcf7-form-control wpcf7-email wpcf7-validates-as-required wpcf7-text wpcf7-validates-as-email\" autocomplete=\"email\" aria-required=\"true\" aria-invalid=\"false\" value=\"\" type=\"email\" name=\"your-email\" \/><\/span> <\/label>\n<\/p>\n<p><label> Subject<br \/>\n<span class=\"wpcf7-form-control-wrap\" data-name=\"your-subject\"><input size=\"40\" maxlength=\"400\" class=\"wpcf7-form-control wpcf7-text wpcf7-validates-as-required\" aria-required=\"true\" aria-invalid=\"false\" value=\"\" type=\"text\" name=\"your-subject\" \/><\/span> <\/label>\n<\/p>\n<p><label> Your message (optional)<br \/>\n<span class=\"wpcf7-form-control-wrap\" data-name=\"your-message\"><textarea cols=\"40\" rows=\"10\" maxlength=\"2000\" class=\"wpcf7-form-control wpcf7-textarea\" aria-invalid=\"false\" name=\"your-message\"><\/textarea><\/span> <\/label>\n<\/p>\n<p><span id=\"wpcf7-69f52305103a3-wrapper\" class=\"wpcf7-form-control-wrap honeypot-860-wrap\" style=\"display:none !important; visibility:hidden !important;\"><input type=\"hidden\" name=\"honeypot-860-time-start\" value=\"1777672965\"><input type=\"hidden\" name=\"honeypot-860-time-check\" value=\"4\"><label for=\"wpcf7-69f52305103a3-field\" class=\"hp-message\">Por favor, deja este campo vac\u00edo.<\/label><input id=\"wpcf7-69f52305103a3-field\"  class=\"wpcf7-form-control wpcf7-text\" type=\"text\" name=\"honeypot-860\" value=\"\" size=\"40\" tabindex=\"-1\" autocomplete=\"new-password\" \/><\/span>\n<\/p>\n<p><span class=\"wpcf7-form-control-wrap\" data-name=\"acceptance-498\"><span class=\"wpcf7-form-control wpcf7-acceptance\"><span class=\"wpcf7-list-item\"><label><input type=\"checkbox\" name=\"acceptance-498\" value=\"1\" aria-invalid=\"false\" \/><span class=\"wpcf7-list-item-label\">I have read and accept the <a href=\"politica-privacidad\">privacy policy<\/a>.<\/span><\/label><\/span><\/span><\/span>\n<\/p>\n<p><input class=\"wpcf7-form-control wpcf7-submit has-spinner\" type=\"submit\" value=\"Enviar\" \/>\n<\/p><div class=\"wpcf7-response-output\" aria-hidden=\"true\"><\/div>\n<\/form>\n<\/div>\n<\/div><\/div><div class=\"wpb_column vc_column_container\"><div class=\"vc_column-inner\"><div class=\"w-image us_custom_47474b22 us_animate_this align_center\"><div class=\"w-image-h\"><img loading=\"lazy\" decoding=\"async\" width=\"1418\" height=\"426\" src=\"https:\/\/www.surtech.es\/wp-content\/uploads\/2025\/05\/Surtech-Logo-Full-BAG.png\" class=\"attachment-full size-full\" alt=\"\" srcset=\"https:\/\/www.surtech.es\/wp-content\/uploads\/2025\/05\/Surtech-Logo-Full-BAG.png 1418w, https:\/\/www.surtech.es\/wp-content\/uploads\/2025\/05\/Surtech-Logo-Full-BAG-300x90.png 300w, https:\/\/www.surtech.es\/wp-content\/uploads\/2025\/05\/Surtech-Logo-Full-BAG-1024x308.png 1024w\" sizes=\"auto, (max-width: 1418px) 100vw, 1418px\" \/><\/div><\/div><div class=\"w-separator size_small\"><\/div><div class=\"wpb_text_column\"><div class=\"wpb_wrapper\"><p><strong data-start=\"668\" data-end=\"703\">\u00bfPrefieres un contacto directo?<\/strong> Encu\u00e9ntranos aqu\u00ed:<\/p>\n<\/div><\/div><div class=\"w-separator size_medium\"><\/div><div class=\"wpb_text_column\"><div class=\"wpb_wrapper\"><p>Pol\u00edgono Malpica- Alfind\u00e9n<\/p>\n<p>C\/H Naves 17-19<\/p>\n<p>50171 La Puebla de Alfind\u00e9n<\/p>\n<p>Zaragoza (Spain)<\/p>\n<p><a href=\"tel:+34976056356\">(+34) 976 056 356<\/a> &#8211; Customer Service<\/p>\n<p><a href=\"tel:+34691119890\">(+34) 691 119 890<\/a> &#8211; Sales<\/p>\n<p><a href=\"tel:+34646347086\">(+34) 646 347 086<\/a> &#8211; Technical Office<\/p>\n<p><a href=\"mailto:info@surtech.es\">info@surtech.es<\/a><\/p>\n<\/div><\/div><div class=\"w-separator size_medium\"><\/div><div class=\"w-map provider_osm\" id=\"us_map_1\"><div class=\"w-map-inner\"><div class=\"w-map-json\" onclick='return {&quot;address&quot;:&quot;41.637421, -0.758020&quot;,&quot;disableDragging&quot;:0,&quot;disableZoom&quot;:0,&quot;hideControls&quot;:0,&quot;zoom&quot;:14,&quot;markers&quot;:[{&quot;address&quot;:&quot;41.637421, -0.758020&quot;,&quot;html&quot;:&quot;&lt;h5&gt;Surtech Engineering&lt;\\\/h5&gt;&quot;,&quot;infowindow&quot;:&quot;1&quot;}],&quot;style&quot;:&quot;https:\\\/\\\/{s}.tile.openstreetmap.org\\\/{z}\\\/{x}\\\/{y}.png&quot;}'><\/div><\/div><\/div><\/div><\/div><\/div><\/div><\/section>\n","protected":false},"excerpt":{"rendered":"Hablemos sobre tu Proyecto Cada industria tiene desaf\u00edos \u00fanicos, y estamos aqu\u00ed para ofrecerte soluciones a medida en tratamientos superficiales. Ya sea que necesites asesor\u00eda, un nuevo proyecto o la optimizaci\u00f3n de tu l\u00ednea actual, nuestro equipo de expertos est\u00e1 listo para ayudarte. Actuamos a nivel global, dise\u00f1ando, implementando y optimizando instalaciones industriales en cualquier...","protected":false},"author":1,"featured_media":367,"parent":0,"menu_order":0,"comment_status":"closed","ping_status":"closed","template":"","meta":{"footnotes":""},"class_list":["post-449","page","type-page","status-publish","has-post-thumbnail","hentry"],"_links":{"self":[{"href":"https:\/\/www.surtech.es\/es\/wp-json\/wp\/v2\/pages\/449","targetHints":{"allow":["GET"]}}],"collection":[{"href":"https:\/\/www.surtech.es\/es\/wp-json\/wp\/v2\/pages"}],"about":[{"href":"https:\/\/www.surtech.es\/es\/wp-json\/wp\/v2\/types\/page"}],"author":[{"embeddable":true,"href":"https:\/\/www.surtech.es\/es\/wp-json\/wp\/v2\/users\/1"}],"replies":[{"embeddable":true,"href":"https:\/\/www.surtech.es\/es\/wp-json\/wp\/v2\/comments?post=449"}],"version-history":[{"count":26,"href":"https:\/\/www.surtech.es\/es\/wp-json\/wp\/v2\/pages\/449\/revisions"}],"predecessor-version":[{"id":1498,"href":"https:\/\/www.surtech.es\/es\/wp-json\/wp\/v2\/pages\/449\/revisions\/1498"}],"wp:featuredmedia":[{"embeddable":true,"href":"https:\/\/www.surtech.es\/es\/wp-json\/wp\/v2\/media\/367"}],"wp:attachment":[{"href":"https:\/\/www.surtech.es\/es\/wp-json\/wp\/v2\/media?parent=449"}],"curies":[{"name":"wp","href":"https:\/\/api.w.org\/{rel}","templated":true}]}}