{"id":452,"date":"2024-01-18T11:23:21","date_gmt":"2024-01-18T10:23:21","guid":{"rendered":"https:\/\/surtech.es\/politica-privacidad\/"},"modified":"2024-04-10T13:50:44","modified_gmt":"2024-04-10T11:50:44","slug":"politica-privacidad","status":"publish","type":"page","link":"https:\/\/www.surtech.es\/es\/politica-privacidad\/","title":{"rendered":"Pol\u00edtica de privacidad"},"content":{"rendered":"\r\n<p><strong><u>POL\u00cdTICA DE PRIVACIDAD<\/u><\/strong><strong>\u00a0<\/strong><\/p>\r\n<p><strong>INTRODUCCI\u00d3N\u00a0<\/strong><\/p>\r\n<p>SURTECH ENGINEERING S.L. en adelante SURTECH, recopila, trata y almacena informaci\u00f3n personal a trav\u00e9s de la web de su propiedad <a href=\"http:\/\/www.surtech.es\">www.surtech.es<\/a>.<\/p>\r\n<p>Esta informaci\u00f3n ser\u00e1 relativa a los usuarios de la web. La informaci\u00f3n se recopilar\u00e1, tratar\u00e1 y almacenar\u00e1 conforme a la presente Pol\u00edtica de Privacidad.<\/p>\r\n<p><strong>RESPONSABLE LEGAL\u00a0<\/strong><\/p>\r\n<p>Denominaci\u00f3n comercial: SURTECH<\/p>\r\n<p>Denominaci\u00f3n social: SURTECH ENGINEERING S.L.<\/p>\r\n<p>Identificador fiscal: B99510679<\/p>\r\n<p>Domicilio: \u00a0Pol\u00edgono Malpica-Alfind\u00e9n, calle H, naves 17-19, La Puebla de Alfind\u00e9n 50171 Zaragoza<\/p>\r\n<p>E-mail de contacto: <a href=\"mailto:info@surtech.es\">info@surtech.es<\/a><\/p>\r\n<p><strong>LEYES DE APLICACI\u00d3N EN ESTA WEB\u00a0<\/strong><\/p>\r\n<ul>\r\n<li>RGPD (Reglamento (UE) 2016\/679 del Parlamento Europeo y del Consejo de 27 de abril de 2016 relativo a la protecci\u00f3n de las personas f\u00edsicas)<\/li>\r\n<li>LOPD (Ley Org\u00e1nica 15\/1999, de 13 de diciembre, de Protecci\u00f3n de Datos de Car\u00e1cter Personal y Real Decreto 1720\/2007, de 21 de diciembre, Reglamento de desarrollo de la LOPD)<\/li>\r\n<li>LSSI (Ley 34\/2002, de 11 de julio, de Servicios de la Sociedad de la Informaci\u00f3n y Comercio Electr\u00f3nico)<\/li>\r\n<\/ul>\r\n<p><strong>DATOS RECOPILADOS\u00a0<\/strong><\/p>\r\n<p>\u00danicamente se recopilar\u00e1n los datos estrictamente necesarios para llevar a cabo la normal actividad del servicio. Ajust\u00e1ndose al principio de minimizaci\u00f3n de datos (Art.5.b GDPR).<\/p>\r\n<p>Los datos recopilados ser\u00e1n en todo caso de mayores de 16 a\u00f1os (Art. 8.1 GDPR).<\/p>\r\n<p>SURTECH se reserva el derecho a tomar las medidas oportunas para comprobar la veracidad de la edad (Art. 8.2 GDPR).<\/p>\r\n<p>En todo caso estos datos ser\u00e1n de car\u00e1cter personal identificativos y no sensibles, podr\u00e1n ser:<\/p>\r\n<ul>\r\n<li>Correo electr\u00f3nico<\/li>\r\n<li>Tel\u00e9fono<\/li>\r\n<li>Nombre y apellidos<\/li>\r\n<li>DNI\/CIF\/NIF<\/li>\r\n<li>Direcci\u00f3n<\/li>\r\n<\/ul>\r\n<p><strong>\u00a0<\/strong><\/p>\r\n<p><strong>M\u00c9TODOS DE RECOPILACI\u00d3N\u00a0<\/strong><\/p>\r\n<p>Los datos personales se recopilar\u00e1n a trav\u00e9s de la web de SURTECH,\u00a0<a href=\"http:\/\/www.surtech.es\/\" target=\"_blank\" rel=\"noopener noreferrer\">www.surtech.es<\/a>, cuando introduzca informaci\u00f3n en alguno de los campos destinados a tal efecto en la web. Estos campos est\u00e1n debidamente se\u00f1alizados y no recopilar\u00e1n ning\u00fan dato hasta que no acepte expresamente la cesi\u00f3n y gesti\u00f3n conforme a esta pol\u00edtica de privacidad.<\/p>\r\n<p><strong>OBJETIVO DE LA RECOPILACI\u00d3N Y USO DE LOS DATOS\u00a0<\/strong><\/p>\r\n<p>La recogida y tratamiento automatizado de los Datos Personales tiene como finalidad la gesti\u00f3n de la recepci\u00f3n y env\u00edo de comunicaciones para dar respuesta al servicio solicitado a trav\u00e9s de la p\u00e1gina web corporativa. SURTECH se compromete a no utilizar los datos obtenidos con una finalidad distinta a esta.<\/p>\r\n<p>El sitio web de SURTECH puede utilizar cookies. Para consultar las cookies que utilizamos y c\u00f3mo puede configurar su navegador para deshabilitarlas, consulte nuestra <a href=\"https:\/\/surtech.es\/cookie-policy-eu\/\">pol\u00edtica de cookies<\/a>.<\/p>\r\n<p><strong>DESTINATARIO DE LOS DATOS\u00a0<\/strong><\/p>\r\n<p>Los datos recopilados se incorporar\u00e1n a un fichero cuya propiedad y gesti\u00f3n ser\u00e1n de:<\/p>\r\n<ul>\r\n<li>SURTECH ENGINEERING S.L.<\/li>\r\n<\/ul>\r\n<p><strong>PLAZO DE CONSERVACI\u00d3N DE LOS DATOS\u00a0<\/strong><\/p>\r\n<p>Los datos se conservar\u00e1n hasta que se cumpla el objetivo por el cual se recopilaron estos datos (Art.5.e. GDPR) o hasta que se ejerza el derecho a la supresi\u00f3n o modificaci\u00f3n de estos. Siempre y cuando esto no entre en conflicto con la necesidad por motivos legales o fiscales de almacenar los mismos.<\/p>\r\n<p><strong>\u00bfC\u00d3MO PROTEGEMOS SUS DATOS?\u00a0<\/strong><\/p>\r\n<p>Sus datos se transfieren y almacenan de forma segura ya que disponemos de:<\/p>\r\n<ul>\r\n<li>Cifrado con protocolo SSL<\/li>\r\n<li>Firewall a nivel de servidor<\/li>\r\n<li>Protocolos de seguridad para prevenir accesos no autorizados<\/li>\r\n<li>Control de accesos<\/li>\r\n<\/ul>\r\n<p>SURTECH \u00a0no puede garantizar la completa seguridad en las comunicaciones a trav\u00e9s de Internet, pero garantizamos tomar las medidas adecuadas para proteger sus datos.<\/p>\r\n<p>Adem\u00e1s, SURTECH se compromete a mantener la confidencialidad de los datos y no comunicar\u00e1 ni permitir\u00e1 el acceso a terceros no autorizados.<\/p>\r\n<p><strong>SUS DERECHOS EN CUANTO A PROTECCI\u00d3N DE DATOS\u00a0<\/strong><\/p>\r\n<p>La legislaci\u00f3n le reconoce unos derechos como usuario que ha cedido sus datos personales:<\/p>\r\n<ul>\r\n<li>Acceso a los datos personales<\/li>\r\n<li>Rectificaci\u00f3n o supresi\u00f3n<\/li>\r\n<li>Oponerse al tratamiento<\/li>\r\n<li>Portabilidad de los datos<\/li>\r\n<li>Limitaci\u00f3n de su tratamiento<\/li>\r\n<\/ul>\r\n<p>El ejercicio de estos derechos es personal. Por lo que solo puede solicitarlos para los datos de los cuales usted es el propietario.<br \/>En el caso de que quiera ejercer alguno de estos derechos puede hacerlo contactando con nuestro responsable de protecci\u00f3n de datos, enviando un correo electr\u00f3nico a la direcci\u00f3n info@surtech.es o mediante carta dirigida a SURTECH ENGINEERING S.L. direcci\u00f3n Calle Fabla Aragonesa 15, La Puebla de Alfind\u00e9n 50171 ZARAGOZA indicando los derechos que se quieren ejercer y una prueba de identidad.<\/p>\r\n<p>Nos comprometemos a responder a su solicitud en un plazo m\u00e1ximo de 30 d\u00edas h\u00e1biles.<\/p>\r\n<p><strong>LEGITIMACI\u00d3N PARA EL TRATAMIENTO DE DATOS\u00a0<\/strong><\/p>\r\n<p>La base legal para el tratamiento de sus datos personales es la aceptaci\u00f3n expl\u00edcita del tratamiento, gesti\u00f3n y almacenamiento de estos seg\u00fan la presente pol\u00edtica de privacidad.<\/p>\r\n<p><strong>CONSECUENCIAS DE NO ACEPTAR LA POL\u00cdTICA DE PRIVACIDAD\u00a0<\/strong><\/p>\r\n<p>En el caso de que no acepte la gesti\u00f3n de sus datos seg\u00fan la presente pol\u00edtica de privacidad, no se proceder\u00e1 a la recopilaci\u00f3n de estos, lo que puede suponer que no se pueda llevar a correctamente cabo el servicio prestado por SURTECH.<\/p>\r\n<p><strong>AUTORIDAD DE PROTECCI\u00d3N DE DATOS EN ESPA\u00d1A\u00a0<\/strong><\/p>\r\n<p>En el caso de que quiera hacer valer sus derechos en cuanto a protecci\u00f3n de datos y considera que no los estamos respetando, puede dirigirse a la autoridad espa\u00f1ola responsable.<\/p>\r\n<ul>\r\n<li>Sitio web\u00a0de la Agencia Espa\u00f1ola de Protecci\u00f3n de Datos: <a href=\"https:\/\/www.aepd.es\">https:\/\/www.aepd.es<\/a><\/li>\r\n<li>Formulario de contacto: <a href=\"https:\/\/sedeagpd.gob.es\/sede-electronica-web\/\">https:\/\/sedeagpd.gob.es\/sede-electronica-web\/<\/a><\/li>\r\n<li>Tel\u00e9fono: +34 91 266 35 17<\/li>\r\n<\/ul>\r\n<p><strong>CAMBIOS EN LA POL\u00cdTICA DE PRIVACIDAD\u00a0<\/strong><\/p>\r\n<p>SURTECH se reserva el derecho a modificar la presente Pol\u00edtica de Privacidad, estas modificaciones se har\u00e1n conforme a la legislaci\u00f3n y la jurisprudencia y quedar\u00e1n reflejadas en la presente Pol\u00edtica de Privacidad.<\/p>\r\n","protected":false},"excerpt":{"rendered":"<p>POL\u00cdTICA DE PRIVACIDAD\u00a0 INTRODUCCI\u00d3N\u00a0 SURTECH ENGINEERING S.L. en adelante SURTECH, recopila, trata y almacena informaci\u00f3n personal a trav\u00e9s de la web de su propiedad www.surtech.es. Esta informaci\u00f3n ser\u00e1 relativa a los usuarios de la web. La informaci\u00f3n se recopilar\u00e1, tratar\u00e1 y almacenar\u00e1 conforme a la presente Pol\u00edtica de Privacidad. RESPONSABLE LEGAL\u00a0 Denominaci\u00f3n comercial: SURTECH Denominaci\u00f3n&#8230;<\/p>\n","protected":false},"author":1,"featured_media":453,"parent":0,"menu_order":0,"comment_status":"closed","ping_status":"closed","template":"","meta":{"footnotes":""},"class_list":["post-452","page","type-page","status-publish","has-post-thumbnail","hentry"],"_links":{"self":[{"href":"https:\/\/www.surtech.es\/es\/wp-json\/wp\/v2\/pages\/452","targetHints":{"allow":["GET"]}}],"collection":[{"href":"https:\/\/www.surtech.es\/es\/wp-json\/wp\/v2\/pages"}],"about":[{"href":"https:\/\/www.surtech.es\/es\/wp-json\/wp\/v2\/types\/page"}],"author":[{"embeddable":true,"href":"https:\/\/www.surtech.es\/es\/wp-json\/wp\/v2\/users\/1"}],"replies":[{"embeddable":true,"href":"https:\/\/www.surtech.es\/es\/wp-json\/wp\/v2\/comments?post=452"}],"version-history":[{"count":1,"href":"https:\/\/www.surtech.es\/es\/wp-json\/wp\/v2\/pages\/452\/revisions"}],"predecessor-version":[{"id":454,"href":"https:\/\/www.surtech.es\/es\/wp-json\/wp\/v2\/pages\/452\/revisions\/454"}],"wp:featuredmedia":[{"embeddable":true,"href":"https:\/\/www.surtech.es\/es\/wp-json\/wp\/v2\/media\/453"}],"wp:attachment":[{"href":"https:\/\/www.surtech.es\/es\/wp-json\/wp\/v2\/media?parent=452"}],"curies":[{"name":"wp","href":"https:\/\/api.w.org\/{rel}","templated":true}]}}