{"id":785,"date":"2025-02-07T09:01:11","date_gmt":"2025-02-07T08:01:11","guid":{"rendered":"https:\/\/www.surtech.es\/?page_id=785"},"modified":"2025-03-27T11:14:56","modified_gmt":"2025-03-27T10:14:56","slug":"investigacion-y-desarrollo","status":"publish","type":"page","link":"https:\/\/www.surtech.es\/es\/investigacion-y-desarrollo\/","title":{"rendered":"INVESTIGACI\u00d3N Y DESARROLLO"},"content":{"rendered":"<section class=\"l-section wpb_row height_medium\"><div class=\"l-section-h i-cf\"><div class=\"g-cols vc_row via_grid cols_1 laptops-cols_inherit tablets-cols_inherit mobiles-cols_1 valign_top type_default stacking_default\"><div class=\"wpb_column vc_column_container\"><div class=\"vc_column-inner\"><div class=\"wpb_text_column\"><div class=\"wpb_wrapper\"><h3 data-start=\"152\" data-end=\"201\"><strong data-start=\"156\" data-end=\"199\">Innovaci\u00f3n para la Industria del Futuro<\/strong><\/h3>\n<p data-start=\"203\" data-end=\"636\">En un mundo industrial en constante evoluci\u00f3n, la <strong data-start=\"253\" data-end=\"286\">investigaci\u00f3n y el desarrollo<\/strong> (I+D) son claves para crear soluciones m\u00e1s eficientes, sostenibles y adaptadas a los nuevos desaf\u00edos. En nuestra empresa, apostamos por la <strong data-start=\"426\" data-end=\"479\">tecnolog\u00eda, la automatizaci\u00f3n y la sostenibilidad<\/strong> para transformar los <strong data-start=\"501\" data-end=\"540\">procesos de tratamiento superficial<\/strong>, optimizando su impacto en la industria y garantizando mayor calidad, seguridad y eficiencia.<\/p>\n<\/div><\/div><\/div><\/div><\/div><\/div><\/section><section class=\"l-section wpb_row height_medium\"><div class=\"l-section-h i-cf\"><div class=\"g-cols vc_row via_grid cols_1 laptops-cols_inherit tablets-cols_inherit mobiles-cols_1 valign_top type_default stacking_default\"><div class=\"wpb_column vc_column_container\"><div class=\"vc_column-inner\"><div class=\"wpb_text_column\"><div class=\"wpb_wrapper\"><h3 data-start=\"638\" data-end=\"720\"><strong data-start=\"642\" data-end=\"718\">Automatizaci\u00f3n e Industria 4.0: Inteligencia y Precisi\u00f3n en Cada Proceso<\/strong><\/h3>\n<ul>\n<li data-start=\"722\" data-end=\"947\"><strong data-start=\"725\" data-end=\"766\">Integraci\u00f3n de sistemas automatizados<\/strong> \u2013 Desarrollamos e implementamos <strong data-start=\"799\" data-end=\"822\">l\u00edneas inteligentes<\/strong> para tratamientos superficiales, con monitoreo en tiempo real, optimizaci\u00f3n de procesos y control de calidad automatizado.<\/li>\n<li data-start=\"949\" data-end=\"1233\"><strong data-start=\"952\" data-end=\"990\">Digitalizaci\u00f3n y an\u00e1lisis de datos<\/strong> \u2013 Aplicamos tecnolog\u00edas de <strong data-start=\"1018\" data-end=\"1061\">IoT, Big Data e inteligencia artificial<\/strong> para mejorar la eficiencia de los procesos de pretratamiento, recubrimiento y postratamiento, reduciendo desperdicios y optimizando los par\u00e1metros cr\u00edticos en cada fase.<\/li>\n<li data-start=\"1235\" data-end=\"1459\"><strong data-start=\"1238\" data-end=\"1281\">Sistemas de gesti\u00f3n y control avanzados<\/strong> \u2013 Implementamos software especializado para el <strong data-start=\"1329\" data-end=\"1408\">seguimiento de variables clave como temperatura, pH y concentraci\u00f3n qu\u00edmica<\/strong>, asegurando procesos m\u00e1s estables y predecibles.<\/li>\n<\/ul>\n<\/div><\/div><\/div><\/div><\/div><\/div><\/section><!-- Row Backgrounds --><div class=\"upb_bg_img\" data-ultimate-bg=\"url(https:\/\/www.surtech.es\/wp-content\/uploads\/2024\/01\/fondo-gris.jpg)\" data-image-id=\"id^295|url^https:\/\/www.surtech.es\/wp-content\/uploads\/2024\/01\/fondo-gris.jpg|caption^null|alt^null|title^Fondo Gris|description^null\" data-ultimate-bg-style=\"vcpb-vz-jquery\" data-bg-img-repeat=\"repeat\" data-bg-img-size=\"cover\" data-bg-img-position=\"\" data-parallx_sense=\"30\" data-bg-override=\"0\" data-bg_img_attach=\"scroll\" data-upb-overlay-color=\"\" data-upb-bg-animation=\"\" data-fadeout=\"\" data-bg-animation=\"left-animation\" data-bg-animation-type=\"h\" data-animation-repeat=\"repeat\" data-fadeout-percentage=\"30\" data-parallax-content=\"\" data-parallax-content-sense=\"30\" data-row-effect-mobile-disable=\"true\" data-img-parallax-mobile-disable=\"true\" data-rtl=\"false\"  data-custom-vc-row=\"\"  data-vc=\"7.4\"  data-is_old_vc=\"\"  data-theme-support=\"\"   data-overlay=\"false\" data-overlay-color=\"\" data-overlay-pattern=\"\" data-overlay-pattern-opacity=\"\" data-overlay-pattern-size=\"\"    ><\/div><section class=\"l-section wpb_row height_medium\"><div class=\"l-section-h i-cf\"><div class=\"g-cols vc_row via_grid cols_1 laptops-cols_inherit tablets-cols_inherit mobiles-cols_1 valign_top type_default stacking_default\"><div class=\"wpb_column vc_column_container us_custom_48bc554d\"><div class=\"vc_column-overlay\" style=\"background:rgba(255,255,255,0.40)\"><\/div><div class=\"vc_column-inner\"><div class=\"wpb_text_column us_custom_fa74dfa5\"><div class=\"wpb_wrapper\"><h3 data-start=\"1461\" data-end=\"1557\"><strong data-start=\"1465\" data-end=\"1555\">Compromiso con la Sostenibilidad<\/strong><\/h3>\n<ul>\n<li data-start=\"1559\" data-end=\"1828\"><strong data-start=\"1562\" data-end=\"1599\">Dise\u00f1o de procesos m\u00e1s ecol\u00f3gicos<\/strong> \u2013 Investigamos y desarrollamos <strong data-start=\"1631\" data-end=\"1688\">tratamientos superficiales de menor impacto ambiental<\/strong>, reduciendo el uso de productos qu\u00edmicos peligrosos y optimizando la eficiencia en procesos como anodizado, zincado, niquelado y cromado.<\/li>\n<li data-start=\"1830\" data-end=\"2021\"><strong data-start=\"1833\" data-end=\"1869\">Optimizaci\u00f3n del uso de recursos<\/strong> \u2013 Aplicamos sistemas de recuperaci\u00f3n de agua y reutilizaci\u00f3n de qu\u00edmicos en ba\u00f1os de tratamiento para hacer m\u00e1s sostenibles las l\u00edneas de producci\u00f3n.<\/li>\n<li data-start=\"2023\" data-end=\"2234\"><strong data-start=\"2026\" data-end=\"2062\">Estrategias de econom\u00eda circular<\/strong> \u2013 Desarrollamos tecnolog\u00edas para la <strong data-start=\"2099\" data-end=\"2135\">recuperaci\u00f3n de metales valiosos<\/strong>, minimizando residuos y mejorando la sostenibilidad de los recubrimientos met\u00e1licos y org\u00e1nicos.<\/li>\n<\/ul>\n<\/div><\/div><\/div><\/div><\/div><\/div><\/section><!-- Row Backgrounds --><div class=\"upb_bg_img\" data-ultimate-bg=\"url(https:\/\/www.surtech.es\/wp-content\/uploads\/2024\/01\/sostenibilidad-scaled.jpg)\" data-image-id=\"id^318|url^https:\/\/www.surtech.es\/wp-content\/uploads\/2024\/01\/sostenibilidad-scaled.jpg|caption^sustainability|alt^sustainability|title^sustainability|description^sustainability\" data-ultimate-bg-style=\"vcpb-vz-jquery\" data-bg-img-repeat=\"no-repeat\" data-bg-img-size=\"cover\" data-bg-img-position=\"\" data-parallx_sense=\"30\" data-bg-override=\"0\" data-bg_img_attach=\"scroll\" data-upb-overlay-color=\"\" data-upb-bg-animation=\"\" data-fadeout=\"\" data-bg-animation=\"left-animation\" data-bg-animation-type=\"h\" data-animation-repeat=\"repeat\" data-fadeout-percentage=\"30\" data-parallax-content=\"\" data-parallax-content-sense=\"30\" data-row-effect-mobile-disable=\"true\" data-img-parallax-mobile-disable=\"true\" data-rtl=\"false\"  data-custom-vc-row=\"\"  data-vc=\"7.4\"  data-is_old_vc=\"\"  data-theme-support=\"\"   data-overlay=\"false\" data-overlay-color=\"\" data-overlay-pattern=\"\" data-overlay-pattern-opacity=\"\" data-overlay-pattern-size=\"\"    ><\/div><section class=\"l-section wpb_row height_medium\"><div class=\"l-section-h i-cf\"><div class=\"g-cols vc_row via_grid cols_1 laptops-cols_inherit tablets-cols_inherit mobiles-cols_1 valign_top type_default stacking_default\"><div class=\"wpb_column vc_column_container us_custom_ee5c6783 has_bg_color\"><div class=\"vc_column-overlay\" style=\"background:rgba(255,255,255,0.40)\"><\/div><div class=\"vc_column-inner\"><div class=\"wpb_text_column\"><div class=\"wpb_wrapper\"><h3 data-start=\"2236\" data-end=\"2299\"><strong data-start=\"2240\" data-end=\"2297\">Colaboraci\u00f3n con Universidades y Centros Tecnol\u00f3gicos<\/strong><\/h3>\n<p data-start=\"2301\" data-end=\"2555\">La innovaci\u00f3n no ocurre en solitario. Por eso, participamos en <strong data-start=\"2367\" data-end=\"2439\">proyectos de I+D en alianza con universidades y centros tecnol\u00f3gicos<\/strong>, combinando nuestra experiencia en tratamientos superficiales con los \u00faltimos avances cient\u00edficos y tecnol\u00f3gicos.<\/p>\n<p data-start=\"2557\" data-end=\"2762\">A trav\u00e9s de estas colaboraciones, desarrollamos <strong data-start=\"2605\" data-end=\"2672\">nuevos materiales, procesos avanzados y tecnolog\u00edas disruptivas<\/strong> que mejoran la eficiencia, calidad y sostenibilidad de los recubrimientos industriales.<\/p>\n<p data-start=\"2764\" data-end=\"2830\"><strong data-start=\"2767\" data-end=\"2828\">Explora nuestros proyectos de innovaci\u00f3n en colaboraci\u00f3n:<\/strong><\/p>\n<\/div><\/div><div class=\"w-grid us_custom_cd239bd0 type_grid layout_blog_1 cols_3 valign_center ratio_1x1\" id=\"us_grid_1\" style=\"--gap:1.5rem;\" data-filterable=\"true\"><style>@media (max-width:1024px){#us_grid_1 .w-grid-item{width:50%}}@media (max-width:600px){#us_grid_1 .w-grid-list{margin:0}#us_grid_1 .w-grid-item{width:100%;padding:0;margin-bottom:var(--gap,0px)}}#us_grid_1 .w-grid-item-h:before{padding-bottom:100%}.layout_blog_1 .w-grid-item-h:before{padding-bottom:100%}.layout_blog_1 .w-grid-item-h{}.layout_blog_1 .usg_post_image_1{margin-bottom:0.5rem!important}.layout_blog_1 .usg_post_title_1{font-size:1rem!important}@media (min-width:1025px) and (max-width:1380px){.layout_blog_1 .usg_post_image_1{margin-bottom:0.5rem!important}.layout_blog_1 .usg_post_title_1{font-size:1rem!important}}@media (min-width:601px) and (max-width:1024px){.layout_blog_1 .usg_post_image_1{margin-bottom:0.5rem!important}.layout_blog_1 .usg_post_title_1{font-size:1rem!important}}@media (max-width:600px){.layout_blog_1 .usg_post_image_1{margin-bottom:0.5rem!important}.layout_blog_1 .usg_post_title_1{font-size:1rem!important}}<\/style><div class=\"w-grid-list\">\t<article class=\"w-grid-item post-939 page type-page status-publish has-post-thumbnail hentry\" data-id=\"939\">\n\t\t<div class=\"w-grid-item-h\">\n\t\t\t\t\t\t<div class=\"w-post-elm post_image usg_post_image_1 stretched\"><a href=\"https:\/\/www.surtech.es\/es\/sobre-nosotros\/\" aria-label=\"SOBRE NOSOTROS\"><img loading=\"lazy\" decoding=\"async\" width=\"300\" height=\"300\" src=\"https:\/\/www.surtech.es\/wp-content\/uploads\/2025\/03\/Sobre-nosotros-300x300.jpg\" class=\"attachment-us_300_300_crop size-us_300_300_crop wp-post-image\" alt=\"\" srcset=\"https:\/\/www.surtech.es\/wp-content\/uploads\/2025\/03\/Sobre-nosotros-300x300.jpg 300w, https:\/\/www.surtech.es\/wp-content\/uploads\/2025\/03\/Sobre-nosotros-150x150.jpg 150w\" sizes=\"auto, (max-width: 300px) 100vw, 300px\" \/><\/a><\/div><h2 class=\"w-post-elm post_title usg_post_title_1 entry-title color_link_inherit\"><a href=\"https:\/\/www.surtech.es\/es\/sobre-nosotros\/\">SOBRE NOSOTROS<\/a><\/h2>\t\t<\/div>\n\t<\/article>\n\t<article class=\"w-grid-item post-875 page type-page status-publish has-post-thumbnail hentry\" data-id=\"875\">\n\t\t<div class=\"w-grid-item-h\">\n\t\t\t\t\t\t<div class=\"w-post-elm post_image usg_post_image_1 stretched\"><a href=\"https:\/\/www.surtech.es\/es\/servicios\/\" aria-label=\"SERVICIOS\"><img loading=\"lazy\" decoding=\"async\" width=\"300\" height=\"137\" src=\"https:\/\/www.surtech.es\/wp-content\/uploads\/2024\/01\/production-line-improvements.jpg\" class=\"attachment-us_300_300_crop size-us_300_300_crop wp-post-image\" alt=\"services\" srcset=\"https:\/\/www.surtech.es\/wp-content\/uploads\/2024\/01\/production-line-improvements.jpg 1920w, https:\/\/www.surtech.es\/wp-content\/uploads\/2024\/01\/production-line-improvements-600x274.jpg 600w, https:\/\/www.surtech.es\/wp-content\/uploads\/2024\/01\/production-line-improvements-300x137.jpg 300w, https:\/\/www.surtech.es\/wp-content\/uploads\/2024\/01\/production-line-improvements-1024x467.jpg 1024w\" sizes=\"auto, (max-width: 300px) 100vw, 300px\" \/><\/a><\/div><h2 class=\"w-post-elm post_title usg_post_title_1 entry-title color_link_inherit\"><a href=\"https:\/\/www.surtech.es\/es\/servicios\/\">SERVICIOS<\/a><\/h2>\t\t<\/div>\n\t<\/article>\n\t<article class=\"w-grid-item post-839 page type-page status-publish has-post-thumbnail hentry\" data-id=\"839\">\n\t\t<div class=\"w-grid-item-h\">\n\t\t\t\t\t\t<div class=\"w-post-elm post_image usg_post_image_1 stretched\"><a href=\"https:\/\/www.surtech.es\/es\/instalaciones\/\" aria-label=\"INSTALACIONES\"><img loading=\"lazy\" decoding=\"async\" width=\"300\" height=\"210\" src=\"https:\/\/www.surtech.es\/wp-content\/uploads\/2024\/01\/fondo-engineering.jpg\" class=\"attachment-us_300_300_crop size-us_300_300_crop wp-post-image\" alt=\"facilities\" srcset=\"https:\/\/www.surtech.es\/wp-content\/uploads\/2024\/01\/fondo-engineering.jpg 1920w, https:\/\/www.surtech.es\/wp-content\/uploads\/2024\/01\/fondo-engineering-600x420.jpg 600w, https:\/\/www.surtech.es\/wp-content\/uploads\/2024\/01\/fondo-engineering-300x210.jpg 300w, https:\/\/www.surtech.es\/wp-content\/uploads\/2024\/01\/fondo-engineering-1024x717.jpg 1024w\" sizes=\"auto, (max-width: 300px) 100vw, 300px\" \/><\/a><\/div><h2 class=\"w-post-elm post_title usg_post_title_1 entry-title color_link_inherit\"><a href=\"https:\/\/www.surtech.es\/es\/instalaciones\/\">INSTALACIONES<\/a><\/h2>\t\t<\/div>\n\t<\/article>\n\t<article class=\"w-grid-item post-785 page type-page status-publish has-post-thumbnail hentry\" data-id=\"785\">\n\t\t<div class=\"w-grid-item-h\">\n\t\t\t\t\t\t<div class=\"w-post-elm post_image usg_post_image_1 stretched\"><a href=\"https:\/\/www.surtech.es\/es\/investigacion-y-desarrollo\/\" aria-label=\"INVESTIGACI\u00d3N Y DESARROLLO\"><img loading=\"lazy\" decoding=\"async\" width=\"300\" height=\"122\" src=\"https:\/\/www.surtech.es\/wp-content\/uploads\/2024\/01\/software.jpg\" class=\"attachment-us_300_300_crop size-us_300_300_crop wp-post-image\" alt=\"research\" srcset=\"https:\/\/www.surtech.es\/wp-content\/uploads\/2024\/01\/software.jpg 1920w, https:\/\/www.surtech.es\/wp-content\/uploads\/2024\/01\/software-600x244.jpg 600w, https:\/\/www.surtech.es\/wp-content\/uploads\/2024\/01\/software-300x122.jpg 300w, https:\/\/www.surtech.es\/wp-content\/uploads\/2024\/01\/software-1024x417.jpg 1024w\" sizes=\"auto, (max-width: 300px) 100vw, 300px\" \/><\/a><\/div><h2 class=\"w-post-elm post_title usg_post_title_1 entry-title color_link_inherit\"><a href=\"https:\/\/www.surtech.es\/es\/investigacion-y-desarrollo\/\">INVESTIGACI\u00d3N Y DESARROLLO<\/a><\/h2>\t\t<\/div>\n\t<\/article>\n\t<article class=\"w-grid-item post-441 page type-page status-publish hentry\" data-id=\"441\">\n\t\t<div class=\"w-grid-item-h\">\n\t\t\t\t\t\t<h2 class=\"w-post-elm post_title usg_post_title_1 entry-title color_link_inherit\"><a href=\"https:\/\/www.surtech.es\/es\/aviso-legal\/\">Aviso Legal<\/a><\/h2>\t\t<\/div>\n\t<\/article>\n\t<article class=\"w-grid-item post-293 page type-page status-publish hentry\" data-id=\"293\">\n\t\t<div class=\"w-grid-item-h\">\n\t\t\t\t\t\t<h2 class=\"w-post-elm post_title usg_post_title_1 entry-title color_link_inherit\"><a href=\"https:\/\/www.surtech.es\/es\/\">Surtech Engineering Surface Treatment Technology<\/a><\/h2>\t\t<\/div>\n\t<\/article>\n<\/div><div class=\"w-grid-preloader\">\t<div class=\"g-preloader type_1\">\n\t\t<div><\/div>\n\t<\/div>\n\t<\/div>\t<div class=\"w-grid-json hidden\" onclick='return {&quot;action&quot;:&quot;us_ajax_grid&quot;,&quot;ajax_url&quot;:&quot;https:\\\/\\\/www.surtech.es\\\/wp-admin\\\/admin-ajax.php&quot;,&quot;infinite_scroll&quot;:0,&quot;max_num_pages&quot;:2,&quot;pagination&quot;:&quot;none&quot;,&quot;template_vars&quot;:{&quot;columns&quot;:&quot;3&quot;,&quot;exclude_items&quot;:&quot;none&quot;,&quot;img_size&quot;:&quot;us_300_300_crop&quot;,&quot;ignore_items_size&quot;:&quot;1&quot;,&quot;items_layout&quot;:&quot;blog_1&quot;,&quot;items_offset&quot;:&quot;1&quot;,&quot;load_animation&quot;:&quot;none&quot;,&quot;overriding_link&quot;:&quot;%7B%22url%22%3A%22%22%7D&quot;,&quot;post_id&quot;:0,&quot;query_args&quot;:{&quot;post_parent&quot;:0,&quot;post_type&quot;:&quot;any&quot;,&quot;ignore_sticky_posts&quot;:1,&quot;posts_per_page&quot;:&quot;6&quot;},&quot;orderby_query_args&quot;:{&quot;orderby&quot;:{&quot;date&quot;:&quot;DESC&quot;}},&quot;type&quot;:&quot;grid&quot;,&quot;us_grid_ajax_index&quot;:1,&quot;us_grid_filter_params&quot;:[],&quot;us_grid_index&quot;:1,&quot;_us_grid_post_type&quot;:&quot;current_child_pages&quot;,&quot;page_args&quot;:[],&quot;lang&quot;:&quot;es&quot;}}'><\/div>\n\t<\/div><\/div><\/div><\/div><\/div><\/section><section class=\"l-section wpb_row height_medium\"><div class=\"l-section-h i-cf\"><div class=\"g-cols vc_row via_grid cols_5-1 laptops-cols_inherit tablets-cols_inherit mobiles-cols_1 valign_top type_default stacking_default\"><div class=\"wpb_column vc_column_container\"><div class=\"vc_column-inner\"><div class=\"wpb_text_column\"><div class=\"wpb_wrapper\"><p><strong data-start=\"2904\" data-end=\"2949\">La innovaci\u00f3n es nuestro motor de cambio.<\/strong> Cont\u00e1ctanos y descubre c\u00f3mo nuestras soluciones de I+D pueden impulsar el futuro de tu industria.<\/p>\n<\/div><\/div><\/div><\/div><div class=\"wpb_column vc_column_container\"><div class=\"vc_column-inner\"><div class=\"w-btn-wrapper align_none\"><a class=\"w-btn us-btn-style_1\" href=\"https:\/\/www.surtech.es\/es\/contacto\/\"><span class=\"w-btn-label\">Contacto<\/span><\/a><\/div><\/div><\/div><\/div><\/div><\/section><!-- Row Backgrounds --><div class=\"upb_bg_img\" data-ultimate-bg=\"url(https:\/\/www.surtech.es\/wp-content\/uploads\/2024\/01\/fondo-gris.jpg)\" data-image-id=\"id^295|url^https:\/\/www.surtech.es\/wp-content\/uploads\/2024\/01\/fondo-gris.jpg|caption^null|alt^null|title^Fondo Gris|description^null\" data-ultimate-bg-style=\"vcpb-vz-jquery\" data-bg-img-repeat=\"repeat\" data-bg-img-size=\"cover\" data-bg-img-position=\"\" data-parallx_sense=\"30\" data-bg-override=\"0\" data-bg_img_attach=\"scroll\" data-upb-overlay-color=\"\" data-upb-bg-animation=\"\" data-fadeout=\"\" data-bg-animation=\"left-animation\" data-bg-animation-type=\"h\" data-animation-repeat=\"repeat\" data-fadeout-percentage=\"30\" data-parallax-content=\"\" data-parallax-content-sense=\"30\" data-row-effect-mobile-disable=\"true\" data-img-parallax-mobile-disable=\"true\" data-rtl=\"false\"  data-custom-vc-row=\"\"  data-vc=\"7.4\"  data-is_old_vc=\"\"  data-theme-support=\"\"   data-overlay=\"false\" data-overlay-color=\"\" data-overlay-pattern=\"\" data-overlay-pattern-opacity=\"\" data-overlay-pattern-size=\"\"    ><\/div>\n","protected":false},"excerpt":{"rendered":"INNOVACI\u00d3N M\u00c1S ALL\u00c1 DE LA SUPERFICIE SOLUCIONES AVANZADAS EN TRATAMIENTO SUPERFICIAL Tecnolog\u00eda y experiencia para transformar la industria En Surtech Engineering, combinamos innovaci\u00f3n y conocimiento para ofrecer soluciones integrales en tratamiento de superficies. Desde el dise\u00f1o hasta la instalaci\u00f3n, implementamos sistemas automatizados y procesos optimizados que garantizan eficiencia, calidad y alto rendimiento. Nuestra experiencia en...","protected":false},"author":1,"featured_media":420,"parent":0,"menu_order":0,"comment_status":"closed","ping_status":"closed","template":"","meta":{"footnotes":""},"class_list":["post-785","page","type-page","status-publish","has-post-thumbnail","hentry"],"_links":{"self":[{"href":"https:\/\/www.surtech.es\/es\/wp-json\/wp\/v2\/pages\/785","targetHints":{"allow":["GET"]}}],"collection":[{"href":"https:\/\/www.surtech.es\/es\/wp-json\/wp\/v2\/pages"}],"about":[{"href":"https:\/\/www.surtech.es\/es\/wp-json\/wp\/v2\/types\/page"}],"author":[{"embeddable":true,"href":"https:\/\/www.surtech.es\/es\/wp-json\/wp\/v2\/users\/1"}],"replies":[{"embeddable":true,"href":"https:\/\/www.surtech.es\/es\/wp-json\/wp\/v2\/comments?post=785"}],"version-history":[{"count":30,"href":"https:\/\/www.surtech.es\/es\/wp-json\/wp\/v2\/pages\/785\/revisions"}],"predecessor-version":[{"id":1423,"href":"https:\/\/www.surtech.es\/es\/wp-json\/wp\/v2\/pages\/785\/revisions\/1423"}],"wp:featuredmedia":[{"embeddable":true,"href":"https:\/\/www.surtech.es\/es\/wp-json\/wp\/v2\/media\/420"}],"wp:attachment":[{"href":"https:\/\/www.surtech.es\/es\/wp-json\/wp\/v2\/media?parent=785"}],"curies":[{"name":"wp","href":"https:\/\/api.w.org\/{rel}","templated":true}]}}