{"id":808,"date":"2025-02-10T14:40:38","date_gmt":"2025-02-10T13:40:38","guid":{"rendered":"https:\/\/www.surtech.es\/?page_id=808"},"modified":"2025-04-15T07:36:52","modified_gmt":"2025-04-15T05:36:52","slug":"suscrom","status":"publish","type":"page","link":"https:\/\/www.surtech.es\/es\/investigacion-y-desarrollo\/suscrom\/","title":{"rendered":"SUSCROM"},"content":{"rendered":"<section class=\"l-section wpb_row height_small\"><div class=\"l-section-h i-cf\"><div class=\"g-cols vc_row via_grid cols_1 laptops-cols_inherit tablets-cols_inherit mobiles-cols_1 valign_top type_default stacking_default\"><div class=\"wpb_column vc_column_container\"><div class=\"vc_column-inner\"><div class=\"wpb_text_column\"><div class=\"wpb_wrapper\"><h3 style=\"text-align: center;\">SUSTITUCI\u00d3N DEFINITIVA DEL CROMO DURO HEXAVALENTE EN EL SECTOR AERON\u00c1UTICO<\/h3>\n<\/div><\/div><div class=\"wpb_text_column\"><div class=\"wpb_wrapper\"><\/div><\/div><\/div><\/div><\/div><\/div><\/section><section class=\"l-section wpb_row height_small\"><div class=\"l-section-h i-cf\"><div class=\"g-cols vc_row via_grid cols_2-1 laptops-cols_inherit tablets-cols_inherit mobiles-cols_1 valign_top type_default stacking_default\"><div class=\"wpb_column vc_column_container\"><div class=\"vc_column-inner\"><div class=\"w-separator size_small\"><\/div><div class=\"wpb_text_column\"><div class=\"wpb_wrapper\"><p>Las empresas tratamentistas y los fabricantes de componentes de altas exigencias mec\u00e1nicas y tribol\u00f3gicas est\u00e1n supeditados al desarrollo de una alternativa viable y sostenible al cromo duro, proceso que permite obtener unas excelentes propiedades superficiales pero que implica el uso de cromo hexavalente, permitido su uso hasta septiembre de 2024.<\/p>\n<p>El proyecto SUSCROM nace como respuesta a la expiraci\u00f3n del permiso de uso del cromo hexavalente (<em>Anexo XIV del reglamento REACH<\/em>).<\/p>\n<\/div><\/div><\/div><\/div><div class=\"wpb_column vc_column_container\"><div class=\"vc_column-inner\"><div class=\"w-image align_none\"><div class=\"w-image-h\"><img loading=\"lazy\" decoding=\"async\" width=\"300\" height=\"275\" src=\"https:\/\/www.surtech.es\/wp-content\/uploads\/2025\/03\/Proyecto-300x275.webp\" class=\"attachment-medium size-medium\" alt=\"\" srcset=\"https:\/\/www.surtech.es\/wp-content\/uploads\/2025\/03\/Proyecto-300x275.webp 300w, https:\/\/www.surtech.es\/wp-content\/uploads\/2025\/03\/Proyecto.webp 518w\" sizes=\"auto, (max-width: 300px) 100vw, 300px\" \/><\/div><\/div><\/div><\/div><\/div><\/div><\/section><section class=\"l-section wpb_row us_custom_df5f4c97 has_text_color height_medium with_slider\"><div class=\"l-section-slider\"><div class=\"w-slider style_none fit_cover\"><div class=\"w-slider-h\"><div class=\"royalSlider\"><div class=\"rsContent\"><a class=\"rsImg\" data-rsw=\"1014\" data-rsh=\"487\" href=\"https:\/\/www.surtech.es\/wp-content\/uploads\/2025\/03\/avion-cesped.jpg\"><span data-alt=\"\"><\/span><\/a><\/div><\/div><img decoding=\"async\" src=\"https:\/\/www.surtech.es\/wp-content\/uploads\/2025\/03\/avion-cesped.jpg\" width=\"1014\" height=\"487\" alt loading=\"lazy\"><\/div><div class=\"w-slider-json\" onclick='return {&quot;autoScaleSlider&quot;:true,&quot;loop&quot;:true,&quot;fadeInLoadedSlide&quot;:false,&quot;slidesSpacing&quot;:0,&quot;imageScalePadding&quot;:0,&quot;numImagesToPreload&quot;:2,&quot;arrowsNav&quot;:false,&quot;arrowsNavAutoHide&quot;:false,&quot;transitionType&quot;:&quot;move&quot;,&quot;transitionSpeed&quot;:1000,&quot;block&quot;:{&quot;moveEffect&quot;:&quot;none&quot;,&quot;speed&quot;:300},&quot;thumbs&quot;:{&quot;fitInViewport&quot;:false},&quot;controlNavigation&quot;:&quot;none&quot;,&quot;autoplay&quot;:{&quot;enabled&quot;:true,&quot;pauseOnHover&quot;:false,&quot;delay&quot;:3000},&quot;imageScaleMode&quot;:&quot;fill&quot;,&quot;autoScaleSliderWidth&quot;:1014,&quot;autoScaleSliderHeight&quot;:487}'><\/div><\/div><\/div><div class=\"l-section-h i-cf\"><div class=\"g-cols vc_row via_grid cols_1 laptops-cols_inherit tablets-cols_inherit mobiles-cols_1 valign_top type_default stacking_default\"><div class=\"wpb_column vc_column_container us_custom_0f088a09 has_text_color\"><div class=\"vc_column-inner\"><div class=\"wpb_text_column us_custom_8b3d6790 has_text_color\"><div class=\"wpb_wrapper\"><p>Es un proyecto que propone culminar el proceso de sustituci\u00f3n que consistir\u00e1 en la mejora de las prestaciones de los procesos de n\u00edquel qu\u00edmico y en el desarrollo de un proceso de cromado con electrolitos que contengan cromo trivalente.<\/p>\n<\/div><\/div><div class=\"wpb_text_column us_custom_8b3d6790 has_text_color\"><div class=\"wpb_wrapper\"><h4><\/h4>\n<h4>OBJETIVOS<\/h4>\n<ul>\n<li>Desarrollar un proceso de cromado con un electrolito que contenga cromo trivalente (Cr (III)).<\/li>\n<li>Mejorar las prestaciones del n\u00edquel qu\u00edmico (Ni-P) mediante el uso de una estrategia que genere multicapas con diferentes propiedades.<\/li>\n<li>Investigar en la combinaci\u00f3n de los recubrimientos de Cr y Ni-P, estudiando diferentes arquitecturas.<\/li>\n<\/ul>\n<\/div><\/div><\/div><\/div><\/div><\/div><\/section><section class=\"l-section wpb_row height_medium\"><div class=\"l-section-h i-cf\"><div class=\"g-cols vc_row via_grid cols_1-3 laptops-cols_inherit tablets-cols_inherit mobiles-cols_1 valign_top type_default stacking_default\"><div class=\"wpb_column vc_column_container\"><div class=\"vc_column-inner\"><div class=\"w-image align_none\"><div class=\"w-image-h\"><img loading=\"lazy\" decoding=\"async\" width=\"925\" height=\"583\" src=\"https:\/\/www.surtech.es\/wp-content\/uploads\/2025\/03\/avion-noticia.webp\" class=\"attachment-large size-large\" alt=\"\" srcset=\"https:\/\/www.surtech.es\/wp-content\/uploads\/2025\/03\/avion-noticia.webp 925w, https:\/\/www.surtech.es\/wp-content\/uploads\/2025\/03\/avion-noticia-300x189.webp 300w\" sizes=\"auto, (max-width: 925px) 100vw, 925px\" \/><\/div><\/div><\/div><\/div><div class=\"wpb_column vc_column_container\"><div class=\"vc_column-inner\"><div class=\"wpb_text_column\"><div class=\"wpb_wrapper\"><p>El proyecto pertenece al Programa Tecnol\u00f3gico Aeron\u00e1utico (PTA). Est\u00e1 subvencionado por el CDTI en el marco del Plan de Recuperaci\u00f3n, Transformaci\u00f3n y Resiliencia del Ministerio de Ciencia e Innovaci\u00f3n.<\/p>\n<p>Los participantes en el proyecto son CHEMPLATE, SURTECH, EGILE y ELHCO.<\/p>\n<p><a href=\"https:\/\/proyectosuscrom.com\/\">Sitio web oficial de Suscrom<\/a><\/p>\n<\/div><\/div><\/div><\/div><\/div><\/div><\/section><section class=\"l-section wpb_row height_auto\"><div class=\"l-section-h i-cf\"><div class=\"g-cols vc_row via_grid cols_1 laptops-cols_inherit tablets-cols_inherit mobiles-cols_1 valign_top type_default stacking_default\"><div class=\"wpb_column vc_column_container\"><div class=\"vc_column-inner\"><div class=\"w-image align_none\"><div class=\"w-image-h\"><img loading=\"lazy\" decoding=\"async\" width=\"300\" height=\"50\" src=\"https:\/\/www.surtech.es\/wp-content\/uploads\/2025\/03\/Financiacion-suscrom-300x50.png\" class=\"attachment-medium size-medium\" alt=\"\" srcset=\"https:\/\/www.surtech.es\/wp-content\/uploads\/2025\/03\/Financiacion-suscrom-300x50.png 300w, https:\/\/www.surtech.es\/wp-content\/uploads\/2025\/03\/Financiacion-suscrom-1024x171.png 1024w\" sizes=\"auto, (max-width: 300px) 100vw, 300px\" \/><\/div><\/div><\/div><\/div><\/div><\/div><\/section>\n","protected":false},"excerpt":{"rendered":"SUSTITUCI\u00d3N DEFINITIVA DEL CROMO DURO HEXAVALENTE EN EL SECTOR AERON\u00c1UTICO Las empresas tratamentistas y los fabricantes de componentes de altas exigencias mec\u00e1nicas y tribol\u00f3gicas est\u00e1n supeditados al desarrollo de una alternativa viable y sostenible al cromo duro, proceso que permite obtener unas excelentes propiedades superficiales pero que implica el uso de cromo hexavalente, permitido su...","protected":false},"author":1,"featured_media":830,"parent":785,"menu_order":0,"comment_status":"closed","ping_status":"closed","template":"","meta":{"footnotes":""},"class_list":["post-808","page","type-page","status-publish","has-post-thumbnail","hentry"],"_links":{"self":[{"href":"https:\/\/www.surtech.es\/es\/wp-json\/wp\/v2\/pages\/808","targetHints":{"allow":["GET"]}}],"collection":[{"href":"https:\/\/www.surtech.es\/es\/wp-json\/wp\/v2\/pages"}],"about":[{"href":"https:\/\/www.surtech.es\/es\/wp-json\/wp\/v2\/types\/page"}],"author":[{"embeddable":true,"href":"https:\/\/www.surtech.es\/es\/wp-json\/wp\/v2\/users\/1"}],"replies":[{"embeddable":true,"href":"https:\/\/www.surtech.es\/es\/wp-json\/wp\/v2\/comments?post=808"}],"version-history":[{"count":10,"href":"https:\/\/www.surtech.es\/es\/wp-json\/wp\/v2\/pages\/808\/revisions"}],"predecessor-version":[{"id":1468,"href":"https:\/\/www.surtech.es\/es\/wp-json\/wp\/v2\/pages\/808\/revisions\/1468"}],"up":[{"embeddable":true,"href":"https:\/\/www.surtech.es\/es\/wp-json\/wp\/v2\/pages\/785"}],"wp:featuredmedia":[{"embeddable":true,"href":"https:\/\/www.surtech.es\/es\/wp-json\/wp\/v2\/media\/830"}],"wp:attachment":[{"href":"https:\/\/www.surtech.es\/es\/wp-json\/wp\/v2\/media?parent=808"}],"curies":[{"name":"wp","href":"https:\/\/api.w.org\/{rel}","templated":true}]}}