{"id":810,"date":"2025-02-10T14:41:21","date_gmt":"2025-02-10T13:41:21","guid":{"rendered":"https:\/\/www.surtech.es\/?page_id=810"},"modified":"2025-04-15T07:32:04","modified_gmt":"2025-04-15T05:32:04","slug":"predisurf","status":"publish","type":"page","link":"https:\/\/www.surtech.es\/es\/investigacion-y-desarrollo\/predisurf\/","title":{"rendered":"PREDISURF"},"content":{"rendered":"<section class=\"l-section wpb_row height_medium\"><div class=\"l-section-h i-cf\"><div class=\"g-cols vc_row via_grid cols_2-1 laptops-cols_inherit tablets-cols_inherit mobiles-cols_1 valign_top type_default stacking_default\"><div class=\"wpb_column vc_column_container\"><div class=\"vc_column-inner\"><div class=\"wpb_text_column\"><div class=\"wpb_wrapper\"><h4 style=\"text-align: center;\">PROYECTO PREDISURF<\/h4>\n<p>&nbsp;<\/p>\n<\/div><\/div><div class=\"wpb_text_column\"><div class=\"wpb_wrapper\"><p>Actualmente se estima una tasa de defectos en la producci\u00f3n de procesos galvanizados de un 20%. Este tipo de tratamiento de superficies requiere un minucioso control y una dosificaci\u00f3n de los componentes y par\u00e1metros necesarios, estas cuestiones no son f\u00e1ciles de alcanzar para una sola empresa de recubrimiento industrial, menos todav\u00eda si se trata de una PYME.<\/p>\n<\/div><\/div><\/div><\/div><div class=\"wpb_column vc_column_container\"><div class=\"vc_column-inner\"><div class=\"w-image align_none\"><div class=\"w-image-h\"><img loading=\"lazy\" decoding=\"async\" width=\"600\" height=\"473\" src=\"https:\/\/www.surtech.es\/wp-content\/uploads\/2025\/04\/PlantaPilotoRecubrimientos_web.jpg\" class=\"attachment-large size-large\" alt=\"PlantaPilotoCidetec\" srcset=\"https:\/\/www.surtech.es\/wp-content\/uploads\/2025\/04\/PlantaPilotoRecubrimientos_web.jpg 600w, https:\/\/www.surtech.es\/wp-content\/uploads\/2025\/04\/PlantaPilotoRecubrimientos_web-300x237.jpg 300w\" sizes=\"auto, (max-width: 600px) 100vw, 600px\" \/><\/div><\/div><\/div><\/div><\/div><\/div><\/section><section class=\"l-section wpb_row height_medium with_slider\"><div class=\"l-section-slider\"><div class=\"w-slider style_none fit_cover\"><div class=\"w-slider-h\"><div class=\"royalSlider\"><div class=\"rsContent\"><a class=\"rsImg\" data-rsw=\"1920\" data-rsh=\"1080\" href=\"https:\/\/www.surtech.es\/wp-content\/uploads\/2024\/01\/fondo-gris.jpg\"><span data-alt=\"\"><\/span><\/a><\/div><\/div><img decoding=\"async\" src=\"https:\/\/www.surtech.es\/wp-content\/uploads\/2024\/01\/fondo-gris.jpg\" width=\"1920\" height=\"1080\" alt loading=\"lazy\"><\/div><div class=\"w-slider-json\" onclick='return {&quot;autoScaleSlider&quot;:true,&quot;loop&quot;:true,&quot;fadeInLoadedSlide&quot;:false,&quot;slidesSpacing&quot;:0,&quot;imageScalePadding&quot;:0,&quot;numImagesToPreload&quot;:2,&quot;arrowsNav&quot;:false,&quot;arrowsNavAutoHide&quot;:false,&quot;transitionType&quot;:&quot;move&quot;,&quot;transitionSpeed&quot;:1000,&quot;block&quot;:{&quot;moveEffect&quot;:&quot;none&quot;,&quot;speed&quot;:300},&quot;thumbs&quot;:{&quot;fitInViewport&quot;:false},&quot;controlNavigation&quot;:&quot;none&quot;,&quot;autoplay&quot;:{&quot;enabled&quot;:true,&quot;pauseOnHover&quot;:false,&quot;delay&quot;:3000},&quot;imageScaleMode&quot;:&quot;fill&quot;,&quot;autoScaleSliderWidth&quot;:1920,&quot;autoScaleSliderHeight&quot;:1080}'><\/div><\/div><\/div><div class=\"l-section-h i-cf\"><div class=\"g-cols vc_row via_grid cols_1 laptops-cols_inherit tablets-cols_inherit mobiles-cols_1 valign_top type_default stacking_default\"><div class=\"wpb_column vc_column_container\"><div class=\"vc_column-inner\"><div class=\"wpb_text_column\"><div class=\"wpb_wrapper\"><p>El <strong>objetivo principal<\/strong> del proyecto es desarrollar una herramienta digital predictiva para los tratamientos de superficie en la industria. Se trata de desarrollar un modelo predictivo de las l\u00edneas de tratamiento de superficies basado en balances de masa y energ\u00eda, para despu\u00e9s integrarlo en un entorno virtual que interact\u00fae de forma constante con el entorno f\u00edsico.<\/p>\n<p>El <strong>resultado<\/strong> ser\u00e1 la obtenci\u00f3n de informaci\u00f3n permanente sobre todos los par\u00e1metros del proceso, incluyendo los m\u00e1s dif\u00edciles de obtener, como la composici\u00f3n qu\u00edmica. Adem\u00e1s, las herramientas que se desarrollen estar\u00e1n complementadas con un paquete de visi\u00f3n artificial que correlacionar\u00e1 las condiciones del proceso con los tratamientos superficiales obtenidos.<\/p>\n<div class=\"x_elementToProof\" data-olk-copy-source=\"MessageBody\">\n<p class=\"\" data-start=\"112\" data-end=\"812\">Uno de los principales logros del proyecto ha sido el desarrollo de un <strong>gemelo digital<\/strong> del sistema, un entorno virtual que replica con gran precisi\u00f3n las condiciones f\u00edsico-qu\u00edmicas reales de la planta. Este modelo permite una interacci\u00f3n en tiempo real con los datos operativos, facilitando la simulaci\u00f3n de ciclos qu\u00edmicos y escenarios complejos sin necesidad de detener la producci\u00f3n. Gracias a esta herramienta, se pueden optimizar procesos antes de implementarlos f\u00edsicamente, reducir costes de experimentaci\u00f3n y minimizar riesgos mec\u00e1nicos. Adem\u00e1s, permite validar virtualmente los ciclogramas y comprobar los tiempos de tratamiento, proporcionando una valiosa ayuda al equipo t\u00e9cnico y qu\u00edmico.<\/p>\n<p class=\"\" data-start=\"814\" data-end=\"1467\">La integraci\u00f3n del gemelo digital con tecnolog\u00edas de la <strong>Industria 4.0<\/strong> ha permitido monitorizar en tiempo real m\u00faltiples variables del proceso, como tiempos de permanencia, consumos energ\u00e9ticos y qu\u00edmicos, pH, temperaturas o dosificaciones, asegurando una trazabilidad completa de la producci\u00f3n. Esta capacidad no solo mejora el control de calidad, sino que tambi\u00e9n sienta las bases para un mantenimiento predictivo mediante inteligencia artificial. Todos estos avances han sido incorporados a nuestra plataforma software, fortaleciendo nuestra propuesta de valor y logrando mejoras significativas en eficiencia, consumo de recursos y tiempos operativos.<\/p>\n<\/div>\n<\/div><\/div><\/div><\/div><\/div><\/div><\/section><section class=\"l-section wpb_row height_medium\"><div class=\"l-section-h i-cf\"><div class=\"g-cols vc_row via_grid cols_2-1 laptops-cols_inherit tablets-cols_inherit mobiles-cols_1 valign_top type_default stacking_default\"><div class=\"wpb_column vc_column_container\"><div class=\"vc_column-inner\"><div class=\"wpb_text_column\"><div class=\"wpb_wrapper\"><p>El proyecto\u00a0Predisurf, liderado por Talento, cuenta con la participaci\u00f3n de otras empresas como\u00a0Surtech Engineering y Teknopar, as\u00ed como con los centros tecnol\u00f3gicos\u00a0CTME\u00a0(Centro Tecnol\u00f3gico de Miranda de Ebro) y\u00a0CIDETEC, en calidad de subcontratados.<\/p>\n<p>El proyecto Predisurf ha recibido financiaci\u00f3n del programa conjunto Eurostars-3, con la cofinanciaci\u00f3n del CDTI y del Programa Marco Europeo de Investigaci\u00f3n e Innovaci\u00f3n Horizonte Europa de la Uni\u00f3n Europea.<\/p>\n<\/div><\/div><\/div><\/div><div class=\"wpb_column vc_column_container\"><div class=\"vc_column-inner\"><div class=\"w-image align_none\"><div class=\"w-image-h\"><img loading=\"lazy\" decoding=\"async\" width=\"300\" height=\"92\" src=\"https:\/\/www.surtech.es\/wp-content\/uploads\/2025\/03\/Ministerio-espana-300x92.png\" class=\"attachment-medium size-medium\" alt=\"\" srcset=\"https:\/\/www.surtech.es\/wp-content\/uploads\/2025\/03\/Ministerio-espana-300x92.png 300w, https:\/\/www.surtech.es\/wp-content\/uploads\/2025\/03\/Ministerio-espana-1024x316.png 1024w\" sizes=\"auto, (max-width: 300px) 100vw, 300px\" \/><\/div><\/div><\/div><\/div><\/div><\/div><\/section>\n","protected":false},"excerpt":{"rendered":"PROYECTO PREDISURF &nbsp; Actualmente se estima una tasa de defectos en la producci\u00f3n de procesos galvanizados de un 20%. Este tipo de tratamiento de superficies requiere un minucioso control y una dosificaci\u00f3n de los componentes y par\u00e1metros necesarios, estas cuestiones no son f\u00e1ciles de alcanzar para una sola empresa de recubrimiento industrial, menos todav\u00eda si...","protected":false},"author":1,"featured_media":1176,"parent":785,"menu_order":0,"comment_status":"closed","ping_status":"closed","template":"","meta":{"footnotes":""},"class_list":["post-810","page","type-page","status-publish","has-post-thumbnail","hentry"],"_links":{"self":[{"href":"https:\/\/www.surtech.es\/es\/wp-json\/wp\/v2\/pages\/810","targetHints":{"allow":["GET"]}}],"collection":[{"href":"https:\/\/www.surtech.es\/es\/wp-json\/wp\/v2\/pages"}],"about":[{"href":"https:\/\/www.surtech.es\/es\/wp-json\/wp\/v2\/types\/page"}],"author":[{"embeddable":true,"href":"https:\/\/www.surtech.es\/es\/wp-json\/wp\/v2\/users\/1"}],"replies":[{"embeddable":true,"href":"https:\/\/www.surtech.es\/es\/wp-json\/wp\/v2\/comments?post=810"}],"version-history":[{"count":7,"href":"https:\/\/www.surtech.es\/es\/wp-json\/wp\/v2\/pages\/810\/revisions"}],"predecessor-version":[{"id":1462,"href":"https:\/\/www.surtech.es\/es\/wp-json\/wp\/v2\/pages\/810\/revisions\/1462"}],"up":[{"embeddable":true,"href":"https:\/\/www.surtech.es\/es\/wp-json\/wp\/v2\/pages\/785"}],"wp:featuredmedia":[{"embeddable":true,"href":"https:\/\/www.surtech.es\/es\/wp-json\/wp\/v2\/media\/1176"}],"wp:attachment":[{"href":"https:\/\/www.surtech.es\/es\/wp-json\/wp\/v2\/media?parent=810"}],"curies":[{"name":"wp","href":"https:\/\/api.w.org\/{rel}","templated":true}]}}