{"id":837,"date":"2025-02-11T13:43:30","date_gmt":"2025-02-11T12:43:30","guid":{"rendered":"https:\/\/www.surtech.es\/?page_id=837"},"modified":"2025-03-27T11:35:00","modified_gmt":"2025-03-27T10:35:00","slug":"pre-tratamientos","status":"publish","type":"page","link":"https:\/\/www.surtech.es\/es\/instalaciones\/pre-tratamientos\/","title":{"rendered":"Pre-Tratamientos"},"content":{"rendered":"<section class=\"l-section wpb_row height_medium\"><div class=\"l-section-h i-cf\"><div class=\"g-cols vc_row via_grid cols_2-1 laptops-cols_inherit tablets-cols_inherit mobiles-cols_1 valign_top type_default stacking_default\"><div class=\"wpb_column vc_column_container\"><div class=\"vc_column-inner\"><div class=\"w-separator size_small\"><\/div><div class=\"wpb_text_column\"><div class=\"wpb_wrapper\"><h3>Porque el Primer Paso Cuenta<\/h3>\n<p data-start=\"176\" data-end=\"520\">En el tratamiento superficial, el \u00e9xito del proceso final depende en gran medida de una preparaci\u00f3n adecuada de las superficies. Nuestros equipos de pretratamiento garantizan la limpieza, activaci\u00f3n y acondicionamiento \u00f3ptimo de los materiales antes de aplicar cualquier recubrimiento, asegurando m\u00e1xima adherencia, resistencia y durabilidad.<\/p>\n<p data-start=\"522\" data-end=\"631\">Ofrecemos soluciones dise\u00f1adas a medida para cada tipo de industria, integrando tecnolog\u00edas avanzadas como:<\/p>\n<ul>\n<li data-start=\"633\" data-end=\"1055\"><strong data-start=\"635\" data-end=\"668\">Desengrase y limpieza qu\u00edmica<\/strong> \u2013 Eliminaci\u00f3n eficiente de aceites, grasas y contaminantes.<\/li>\n<li data-start=\"633\" data-end=\"1055\"><strong data-start=\"733\" data-end=\"758\">Decapado y activaci\u00f3n<\/strong> \u2013 Preparaci\u00f3n precisa para mejorar la adherencia del recubrimiento.<\/li>\n<li data-start=\"633\" data-end=\"1055\"><strong data-start=\"831\" data-end=\"856\">Enjuague y pasivaci\u00f3n<\/strong> \u2013 Protecci\u00f3n contra la corrosi\u00f3n y optimizaci\u00f3n de la superficie tratada.<\/li>\n<li data-start=\"633\" data-end=\"1055\"><strong data-start=\"935\" data-end=\"973\">Tratamiento de aguas<\/strong> \u2013 Reducci\u00f3n del consumo de agua y productos qu\u00edmicos para mayor sostenibilidad.<\/li>\n<\/ul>\n<\/div><\/div><\/div><\/div><div class=\"wpb_column vc_column_container\"><div class=\"vc_column-inner\"><div class=\"w-image us_custom_12829b65 us_animate_this align_none\"><div class=\"w-image-h\"><img loading=\"lazy\" decoding=\"async\" width=\"576\" height=\"1024\" src=\"https:\/\/www.surtech.es\/wp-content\/uploads\/2025\/03\/IMG_20210707_132949-576x1024.jpg\" class=\"attachment-large size-large\" alt=\"\" srcset=\"https:\/\/www.surtech.es\/wp-content\/uploads\/2025\/03\/IMG_20210707_132949-576x1024.jpg 576w, https:\/\/www.surtech.es\/wp-content\/uploads\/2025\/03\/IMG_20210707_132949-169x300.jpg 169w, https:\/\/www.surtech.es\/wp-content\/uploads\/2025\/03\/IMG_20210707_132949-scaled.jpg 1440w\" sizes=\"auto, (max-width: 576px) 100vw, 576px\" \/><\/div><\/div><\/div><\/div><\/div><\/div><\/section><section class=\"l-section wpb_row height_medium\"><div class=\"l-section-h i-cf\"><div class=\"g-cols vc_row via_grid cols_1 laptops-cols_inherit tablets-cols_inherit mobiles-cols_1 valign_top type_default stacking_default\"><div class=\"wpb_column vc_column_container\"><div class=\"vc_column-inner\"><div class=\"wpb_text_column\"><div class=\"wpb_wrapper\"><h3 data-start=\"1432\" data-end=\"1483\"><strong data-start=\"1436\" data-end=\"1481\">Eficiencia Desde el Primer Momento<\/strong><\/h3>\n<p data-start=\"172\" data-end=\"309\">Nuestros equipos de pretratamiento est\u00e1n dise\u00f1ados para ofrecer <strong data-start=\"239\" data-end=\"292\">m\u00e1ximo rendimiento con el menor impacto ambiental<\/strong>, garantizando:<\/p>\n<ul>\n<li data-start=\"311\" data-end=\"773\"><strong data-start=\"314\" data-end=\"366\">Mayor adherencia y durabilidad del recubrimiento<\/strong>, al preparar las superficies de manera \u00f3ptima.<\/li>\n<li data-start=\"311\" data-end=\"773\"><strong data-start=\"419\" data-end=\"453\">Reducci\u00f3n de costos operativos<\/strong>, gracias a procesos eficientes que optimizan el consumo de agua y productos qu\u00edmicos.<\/li>\n<li data-start=\"311\" data-end=\"773\"><strong data-start=\"545\" data-end=\"603\">Cumplimiento con normativas ambientales y de seguridad<\/strong>, minimizando residuos y garantizando un entorno de trabajo seguro.<\/li>\n<li data-start=\"311\" data-end=\"773\"><strong data-start=\"676\" data-end=\"726\">Adaptaci\u00f3n a las necesidades de cada industria<\/strong>, con soluciones personalizadas y escalables.<\/li>\n<\/ul>\n<\/div><\/div><\/div><\/div><\/div><\/div><\/section><!-- Row Backgrounds --><div class=\"upb_bg_img\" data-ultimate-bg=\"url(https:\/\/www.surtech.es\/wp-content\/uploads\/2024\/01\/fondo-gris.jpg)\" data-image-id=\"id^295|url^https:\/\/www.surtech.es\/wp-content\/uploads\/2024\/01\/fondo-gris.jpg|caption^null|alt^null|title^Fondo Gris|description^null\" data-ultimate-bg-style=\"vcpb-vz-jquery\" data-bg-img-repeat=\"repeat\" data-bg-img-size=\"cover\" data-bg-img-position=\"\" data-parallx_sense=\"30\" data-bg-override=\"0\" data-bg_img_attach=\"scroll\" data-upb-overlay-color=\"\" data-upb-bg-animation=\"\" data-fadeout=\"\" data-bg-animation=\"left-animation\" data-bg-animation-type=\"h\" data-animation-repeat=\"repeat\" data-fadeout-percentage=\"30\" data-parallax-content=\"\" data-parallax-content-sense=\"30\" data-row-effect-mobile-disable=\"true\" data-img-parallax-mobile-disable=\"true\" data-rtl=\"false\"  data-custom-vc-row=\"\"  data-vc=\"7.4\"  data-is_old_vc=\"\"  data-theme-support=\"\"   data-overlay=\"false\" data-overlay-color=\"\" data-overlay-pattern=\"\" data-overlay-pattern-opacity=\"\" data-overlay-pattern-size=\"\"    ><\/div><section class=\"l-section wpb_row height_medium\"><div class=\"l-section-h i-cf\"><div class=\"g-cols vc_row via_grid cols_5-1 laptops-cols_inherit tablets-cols_inherit mobiles-cols_1 valign_top type_default stacking_default\"><div class=\"wpb_column vc_column_container\"><div class=\"vc_column-inner\"><div class=\"wpb_text_column\"><div class=\"wpb_wrapper\"><p><strong data-start=\"778\" data-end=\"849\">Optimiza tu proceso de pretratamiento con tecnolog\u00eda de vanguardia.<\/strong> Cont\u00e1ctanos y descubre c\u00f3mo podemos mejorar la eficiencia de tu producci\u00f3n.<\/p>\n<\/div><\/div><\/div><\/div><div class=\"wpb_column vc_column_container\"><div class=\"vc_column-inner\"><div class=\"w-btn-wrapper align_none\"><a class=\"w-btn us-btn-style_1\" href=\"https:\/\/www.surtech.es\/es\/contacto\/\"><span class=\"w-btn-label\">Contacto<\/span><\/a><\/div><\/div><\/div><\/div><\/div><\/section>\n","protected":false},"excerpt":{"rendered":"Porque el Primer Paso Cuenta En el tratamiento superficial, el \u00e9xito del proceso final depende en gran medida de una preparaci\u00f3n adecuada de las superficies. Nuestros equipos de pretratamiento garantizan la limpieza, activaci\u00f3n y acondicionamiento \u00f3ptimo de los materiales antes de aplicar cualquier recubrimiento, asegurando m\u00e1xima adherencia, resistencia y durabilidad. Ofrecemos soluciones dise\u00f1adas a medida...","protected":false},"author":1,"featured_media":393,"parent":839,"menu_order":0,"comment_status":"closed","ping_status":"closed","template":"","meta":{"footnotes":""},"class_list":["post-837","page","type-page","status-publish","has-post-thumbnail","hentry"],"_links":{"self":[{"href":"https:\/\/www.surtech.es\/es\/wp-json\/wp\/v2\/pages\/837","targetHints":{"allow":["GET"]}}],"collection":[{"href":"https:\/\/www.surtech.es\/es\/wp-json\/wp\/v2\/pages"}],"about":[{"href":"https:\/\/www.surtech.es\/es\/wp-json\/wp\/v2\/types\/page"}],"author":[{"embeddable":true,"href":"https:\/\/www.surtech.es\/es\/wp-json\/wp\/v2\/users\/1"}],"replies":[{"embeddable":true,"href":"https:\/\/www.surtech.es\/es\/wp-json\/wp\/v2\/comments?post=837"}],"version-history":[{"count":18,"href":"https:\/\/www.surtech.es\/es\/wp-json\/wp\/v2\/pages\/837\/revisions"}],"predecessor-version":[{"id":1432,"href":"https:\/\/www.surtech.es\/es\/wp-json\/wp\/v2\/pages\/837\/revisions\/1432"}],"up":[{"embeddable":true,"href":"https:\/\/www.surtech.es\/es\/wp-json\/wp\/v2\/pages\/839"}],"wp:featuredmedia":[{"embeddable":true,"href":"https:\/\/www.surtech.es\/es\/wp-json\/wp\/v2\/media\/393"}],"wp:attachment":[{"href":"https:\/\/www.surtech.es\/es\/wp-json\/wp\/v2\/media?parent=837"}],"curies":[{"name":"wp","href":"https:\/\/api.w.org\/{rel}","templated":true}]}}