{"id":839,"date":"2025-02-11T13:43:03","date_gmt":"2025-02-11T12:43:03","guid":{"rendered":"https:\/\/www.surtech.es\/?page_id=839"},"modified":"2025-03-27T11:31:39","modified_gmt":"2025-03-27T10:31:39","slug":"instalaciones","status":"publish","type":"page","link":"https:\/\/www.surtech.es\/es\/instalaciones\/","title":{"rendered":"INSTALACIONES"},"content":{"rendered":"<section class=\"l-section wpb_row height_small\"><div class=\"l-section-h i-cf\"><div class=\"g-cols vc_row via_grid cols_1 laptops-cols_inherit tablets-cols_inherit mobiles-cols_1 valign_top type_default stacking_default\"><div class=\"wpb_column vc_column_container\"><div class=\"vc_column-inner\"><div class=\"wpb_text_column\"><div class=\"wpb_wrapper\"><h2><strong>Instalaciones industriales a la medida de tu negocio<\/strong><\/h2>\n<p>En <strong>Surtech Engineering<\/strong>, dise\u00f1amos y fabricamos instalaciones industriales para tratamientos superficiales, combinando precisi\u00f3n, tecnolog\u00eda y un enfoque adaptado a cada cliente. Nuestra experiencia nos permite desarrollar soluciones que optimizan procesos y garantizan un alto nivel de calidad.<\/p>\n<\/div><\/div><\/div><\/div><\/div><\/div><\/section><section class=\"l-section wpb_row height_small\"><div class=\"l-section-h i-cf\"><div class=\"g-cols vc_row via_grid cols_1 laptops-cols_inherit tablets-cols_inherit mobiles-cols_1 valign_top type_default stacking_default\"><div class=\"wpb_column vc_column_container\"><div class=\"vc_column-inner\"><div class=\"wpb_text_column\"><div class=\"wpb_wrapper\"><h2><strong>Tecnolog\u00eda e innovaci\u00f3n para un mejor rendimiento<\/strong><\/h2>\n<p>Cada proyecto se desarrolla con un enfoque preciso, integrando tecnolog\u00eda avanzada y soluciones adaptadas a los requerimientos de cada cliente. Trabajamos para maximizar el rendimiento y asegurar la durabilidad de cada instalaci\u00f3n.<\/p>\n<\/div><\/div><\/div><\/div><\/div><\/div><\/section><section class=\"l-section wpb_row height_small\"><div class=\"l-section-h i-cf\"><div class=\"g-cols vc_row via_grid cols_1 laptops-cols_inherit tablets-cols_inherit mobiles-cols_1 valign_top type_default stacking_default\"><div class=\"wpb_column vc_column_container\"><div class=\"vc_column-inner\">\n<div id=\"interactive-banner-1-wrap-3995\" class=\"ult-banner-block ult-adjust-bottom-margin ult-bb-box ult-banner-block-custom-height banner-style11 \"   style=\"height:200px;\">\n\t<img decoding=\"async\" src=\"https:\/\/www.surtech.es\/wp-content\/uploads\/2024\/01\/1B-ZINC.jpg\" alt=\"pretreatments\">\n\t<div class=\"mask opaque-background\" style=\"background:rgba(0,120,194,0.5);\">\n\t\t<div  data-ultimate-target='#interactive-banner-1-wrap-3995 .bb-description'  data-responsive-json-new='{\"font-size\":\"\",\"line-height\":\"\"}'  class=\"bb-description ult-responsive\" style=\"font-weight:normal;color:#ffffff;\"><\/p>\n<h3>PRETRATAMIENTOS<\/h3>\n<p><\/div>\n\t<\/div><a class=\"bb-link\" href=\"https:\/\/www.surtech.es\/es\/instalaciones\/pre-tratamientos\/\" title=\"Pre-Tratamientos\" ><\/a>\n<\/div>\n<div id=\"interactive-banner-1-wrap-3598\" class=\"ult-banner-block ult-adjust-bottom-margin ult-bb-box ult-banner-block-custom-height banner-style11 \"   style=\"height:200px;\">\n\t<img decoding=\"async\" src=\"https:\/\/www.surtech.es\/wp-content\/uploads\/2024\/01\/aluminum-treatment.jpg\" alt=\"electrolytic treatment\">\n\t<div class=\"mask opaque-background\" style=\"background:rgba(0,120,194,0.5);\">\n\t\t<div  data-ultimate-target='#interactive-banner-1-wrap-3598 .bb-description'  data-responsive-json-new='{\"font-size\":\"\",\"line-height\":\"\"}'  class=\"bb-description ult-responsive\" style=\"font-weight:normal;color:#ffffff;\"><\/p>\n<h3>TRATAMIENTOS ELECTROL\u00cdTICOS<\/h3>\n<p><\/div>\n\t<\/div><a class=\"bb-link\" href=\"https:\/\/www.surtech.es\/es\/instalaciones\/tratamientos-electroliticos\/\" title=\"Tratamientos Electrol\u00edticos\" ><\/a>\n<\/div>\n<div id=\"interactive-banner-1-wrap-8167\" class=\"ult-banner-block ult-adjust-bottom-margin ult-bb-box ult-banner-block-custom-height banner-style11 \"   style=\"height:200px;\">\n\t<img decoding=\"async\" src=\"https:\/\/www.surtech.es\/wp-content\/uploads\/2024\/01\/metallic-coatings.jpg\" alt=\"chemical treatment\">\n\t<div class=\"mask opaque-background\" style=\"background:rgba(0,120,194,0.5);\">\n\t\t<div  data-ultimate-target='#interactive-banner-1-wrap-8167 .bb-description'  data-responsive-json-new='{\"font-size\":\"\",\"line-height\":\"\"}'  class=\"bb-description ult-responsive\" style=\"font-weight:normal;color:#ffffff;\"><\/p>\n<h3>TRATAMIENTOS QU\u00cdMICOS<\/h3>\n<p><\/div>\n\t<\/div><a class=\"bb-link\" href=\"https:\/\/www.surtech.es\/es\/instalaciones\/tratamientos-quimicos\/\" title=\"Tratamientos Qu\u00edmicos\" ><\/a>\n<\/div>\n<div id=\"interactive-banner-1-wrap-3728\" class=\"ult-banner-block ult-adjust-bottom-margin ult-bb-box ult-banner-block-custom-height banner-style11 \"   style=\"height:200px;\">\n\t<img decoding=\"async\" src=\"https:\/\/www.surtech.es\/wp-content\/uploads\/2025\/03\/IMG_20230316_145543-scaled.jpg\" alt=\"null\">\n\t<div class=\"mask opaque-background\" style=\"background:rgba(0,120,194,0.5);\">\n\t\t<div  data-ultimate-target='#interactive-banner-1-wrap-3728 .bb-description'  data-responsive-json-new='{\"font-size\":\"\",\"line-height\":\"\"}'  class=\"bb-description ult-responsive\" style=\"font-weight:normal;color:#ffffff;\"><\/p>\n<h3>OTROS RECUBRIMIENTOS<\/h3>\n<p><\/div>\n\t<\/div><a class=\"bb-link\" href=\"https:\/\/www.surtech.es\/es\/instalaciones\/otros-recubrimientos\/\" title=\"Otros Recubrimientos\" ><\/a>\n<\/div>\n<div id=\"interactive-banner-1-wrap-7816\" class=\"ult-banner-block ult-adjust-bottom-margin ult-bb-box ult-banner-block-custom-height banner-style11 \"   style=\"height:200px;\">\n\t<img decoding=\"async\" src=\"https:\/\/www.surtech.es\/wp-content\/uploads\/2024\/01\/industrial-water-treatment.jpg\" alt=\"water treatment\">\n\t<div class=\"mask opaque-background\" style=\"background:rgba(0,120,194,0.5);\">\n\t\t<div  data-ultimate-target='#interactive-banner-1-wrap-7816 .bb-description'  data-responsive-json-new='{\"font-size\":\"\",\"line-height\":\"\"}'  class=\"bb-description ult-responsive\" style=\"font-weight:normal;color:#ffffff;\"><\/p>\n<h3>TRATAMIENTO DE AGUAS<\/h3>\n<p><\/div>\n\t<\/div><a class=\"bb-link\" href=\"https:\/\/www.surtech.es\/es\/instalaciones\/tratamiento-de-aguas\/\" title=\"Tratamiento de Aguas\" ><\/a>\n<\/div><\/div><\/div><\/div><\/div><\/section><section class=\"l-section wpb_row height_small\"><div class=\"l-section-h i-cf\"><div class=\"g-cols vc_row via_grid cols_1 laptops-cols_inherit tablets-cols_inherit mobiles-cols_1 valign_top type_default stacking_default\"><div class=\"wpb_column vc_column_container\"><div class=\"vc_column-inner\"><div class=\"wpb_text_column\"><div class=\"wpb_wrapper\"><h2><strong>Soluciones adaptadas a cada desaf\u00edo<\/strong><\/h2>\n<p>Nos comprometemos a ofrecer instalaciones industriales eficientes y sostenibles, cumpliendo con los m\u00e1s altos est\u00e1ndares de calidad y adapt\u00e1ndonos a los requisitos de cada sector.<\/p>\n<\/div><\/div><\/div><\/div><\/div><\/div><\/section><section class=\"l-section wpb_row height_small\"><div class=\"l-section-h i-cf\"><div class=\"g-cols vc_row via_grid cols_5-1 laptops-cols_inherit tablets-cols_inherit mobiles-cols_1 valign_top type_default stacking_default\"><div class=\"wpb_column vc_column_container\"><div class=\"vc_column-inner\"><div class=\"wpb_text_column\"><div class=\"wpb_wrapper\"><p>Si buscas una nueva instalaci\u00f3n industrial dise\u00f1ada para ofrecer el m\u00e1ximo rendimiento desde el primer d\u00eda, en <strong>Surtech Engineering<\/strong> tenemos la soluci\u00f3n. Hablemos sobre tu pr\u00f3ximo proyecto.<\/p>\n<\/div><\/div><\/div><\/div><div class=\"wpb_column vc_column_container\"><div class=\"vc_column-inner\"><div class=\"w-btn-wrapper align_none\"><a class=\"w-btn us-btn-style_1\" href=\"https:\/\/www.surtech.es\/es\/contacto\/\"><span class=\"w-btn-label\">Contacto<\/span><\/a><\/div><\/div><\/div><\/div><\/div><\/section><!-- Row Backgrounds --><div class=\"upb_bg_img\" data-ultimate-bg=\"url(https:\/\/www.surtech.es\/wp-content\/uploads\/2025\/03\/Fondo-gris.jpg)\" data-image-id=\"id^1168|url^https:\/\/www.surtech.es\/wp-content\/uploads\/2025\/03\/Fondo-gris.jpg|caption^Gray background|alt^null|title^Gray background|description^null\" data-ultimate-bg-style=\"vcpb-vz-jquery\" data-bg-img-repeat=\"no-repeat\" data-bg-img-size=\"cover\" data-bg-img-position=\"\" data-parallx_sense=\"30\" data-bg-override=\"0\" data-bg_img_attach=\"scroll\" data-upb-overlay-color=\"\" data-upb-bg-animation=\"\" data-fadeout=\"\" data-bg-animation=\"left-animation\" data-bg-animation-type=\"h\" data-animation-repeat=\"repeat\" data-fadeout-percentage=\"30\" data-parallax-content=\"\" data-parallax-content-sense=\"30\" data-row-effect-mobile-disable=\"true\" data-img-parallax-mobile-disable=\"true\" data-rtl=\"false\"  data-custom-vc-row=\"\"  data-vc=\"7.4\"  data-is_old_vc=\"\"  data-theme-support=\"\"   data-overlay=\"false\" data-overlay-color=\"\" data-overlay-pattern=\"\" data-overlay-pattern-opacity=\"\" data-overlay-pattern-size=\"\"    ><\/div>\n","protected":false},"excerpt":{"rendered":"Instalaciones industriales a la medida de tu negocio En Surtech Engineering, dise\u00f1amos y fabricamos instalaciones industriales para tratamientos superficiales, combinando precisi\u00f3n, tecnolog\u00eda y un enfoque adaptado a cada cliente. Nuestra experiencia nos permite desarrollar soluciones que optimizan procesos y garantizan un alto nivel de calidad. Tecnolog\u00eda e innovaci\u00f3n para un mejor rendimiento Cada proyecto se...","protected":false},"author":1,"featured_media":367,"parent":0,"menu_order":0,"comment_status":"closed","ping_status":"closed","template":"","meta":{"footnotes":""},"class_list":["post-839","page","type-page","status-publish","has-post-thumbnail","hentry"],"_links":{"self":[{"href":"https:\/\/www.surtech.es\/es\/wp-json\/wp\/v2\/pages\/839","targetHints":{"allow":["GET"]}}],"collection":[{"href":"https:\/\/www.surtech.es\/es\/wp-json\/wp\/v2\/pages"}],"about":[{"href":"https:\/\/www.surtech.es\/es\/wp-json\/wp\/v2\/types\/page"}],"author":[{"embeddable":true,"href":"https:\/\/www.surtech.es\/es\/wp-json\/wp\/v2\/users\/1"}],"replies":[{"embeddable":true,"href":"https:\/\/www.surtech.es\/es\/wp-json\/wp\/v2\/comments?post=839"}],"version-history":[{"count":57,"href":"https:\/\/www.surtech.es\/es\/wp-json\/wp\/v2\/pages\/839\/revisions"}],"predecessor-version":[{"id":1430,"href":"https:\/\/www.surtech.es\/es\/wp-json\/wp\/v2\/pages\/839\/revisions\/1430"}],"wp:featuredmedia":[{"embeddable":true,"href":"https:\/\/www.surtech.es\/es\/wp-json\/wp\/v2\/media\/367"}],"wp:attachment":[{"href":"https:\/\/www.surtech.es\/es\/wp-json\/wp\/v2\/media?parent=839"}],"curies":[{"name":"wp","href":"https:\/\/api.w.org\/{rel}","templated":true}]}}