{"id":845,"date":"2025-02-11T14:12:21","date_gmt":"2025-02-11T13:12:21","guid":{"rendered":"https:\/\/www.surtech.es\/?page_id=845"},"modified":"2025-03-27T11:37:16","modified_gmt":"2025-03-27T10:37:16","slug":"tratamientos-electroliticos","status":"publish","type":"page","link":"https:\/\/www.surtech.es\/es\/instalaciones\/tratamientos-electroliticos\/","title":{"rendered":"Tratamientos Electrol\u00edticos"},"content":{"rendered":"<section class=\"l-section wpb_row height_medium\"><div class=\"l-section-h i-cf\"><div class=\"g-cols vc_row via_grid cols_2-1 laptops-cols_inherit tablets-cols_inherit mobiles-cols_1 valign_top type_default stacking_default\"><div class=\"wpb_column vc_column_container\"><div class=\"vc_column-inner\"><div class=\"w-separator size_small\"><\/div><div class=\"wpb_text_column\"><div class=\"wpb_wrapper\"><h3 data-start=\"184\" data-end=\"263\">Protecci\u00f3n y Acabados \u00d3ptimos<\/h3>\n<p data-start=\"265\" data-end=\"620\">En el mundo del tratamiento de superficies, la electr\u00f3lisis es una herramienta clave para obtener recubrimientos resistentes, duraderos y de alta precisi\u00f3n. En nuestra empresa, somos expertos en <strong data-start=\"460\" data-end=\"499\">l\u00edneas de tratamiento electrol\u00edtico<\/strong>, dise\u00f1ando soluciones a medida para garantizar la m\u00e1xima calidad, eficiencia y cumplimiento normativo en cada proceso.<\/p>\n<p data-start=\"685\" data-end=\"815\">Integramos tecnolog\u00edas avanzadas en nuestros sistemas para lograr recubrimientos \u00f3ptimos en distintos materiales y aplicaciones:<\/p>\n<ul>\n<li data-start=\"817\" data-end=\"1117\"><strong data-start=\"819\" data-end=\"831\">Cadmiado<\/strong> \u2013 Protecci\u00f3n extrema contra la corrosi\u00f3n en entornos agresivos, ideal para aplicaciones aeroespaciales y marinas.<\/li>\n<li data-start=\"817\" data-end=\"1117\"><strong data-start=\"950\" data-end=\"962\">Pasivado<\/strong> \u2013 Tratamiento que mejora la resistencia a la corrosi\u00f3n en superficies tratadas, extendiendo su durabilidad.<\/li>\n<li data-start=\"817\" data-end=\"1117\"><strong data-start=\"1075\" data-end=\"1086\">Zincado<\/strong> en sus diferentes variantes:\n<ul>\n<li data-start=\"1121\" data-end=\"1203\"><strong data-start=\"1123\" data-end=\"1138\">Zinc-n\u00edquel<\/strong> \u2013 Recubrimiento de alta resistencia a la corrosi\u00f3n y desgaste.<\/li>\n<li data-start=\"1207\" data-end=\"1281\"><strong data-start=\"1209\" data-end=\"1223\">Zinc \u00e1cido<\/strong> \u2013 Excelente adherencia y uniformidad en recubrimientos.<\/li>\n<li data-start=\"1285\" data-end=\"1378\"><strong data-start=\"1287\" data-end=\"1303\">Zinc cianuro<\/strong> \u2013 Aplicaci\u00f3n especializada con propiedades \u00fanicas para piezas complejas.<\/li>\n<li data-start=\"1382\" data-end=\"1526\"><strong data-start=\"1384\" data-end=\"1398\">Zinc mixto<\/strong> \u2013 Combinaci\u00f3n optimizada para mejorar resistencia y acabado.<\/li>\n<\/ul>\n<\/li>\n<li data-start=\"1382\" data-end=\"1526\"><strong data-start=\"1464\" data-end=\"1477\">Anodizado<\/strong>, adaptado a diversas necesidades industriales:\n<ul>\n<li data-start=\"1530\" data-end=\"1612\"><strong data-start=\"1532\" data-end=\"1555\">Anodizado tart\u00e1rico<\/strong> \u2013 Alternativa ecol\u00f3gica para la industria aeron\u00e1utica.<\/li>\n<li data-start=\"1616\" data-end=\"1712\"><strong data-start=\"1618\" data-end=\"1638\">Anodizado b\u00f3rico<\/strong> \u2013 Recubrimiento con baja conductividad y excelente resistencia qu\u00edmica.<\/li>\n<li data-start=\"1716\" data-end=\"1802\"><strong data-start=\"1718\" data-end=\"1741\">Anodizado sulf\u00farico<\/strong> \u2013 Tratamiento vers\u00e1til con gran resistencia a la abrasi\u00f3n.<\/li>\n<li data-start=\"1806\" data-end=\"1896\"><strong data-start=\"1808\" data-end=\"1831\">Anodizado fosf\u00f3rico<\/strong> \u2013 Ideal para mejorar la adhesi\u00f3n de pinturas y recubrimientos.<\/li>\n<li data-start=\"1900\" data-end=\"1997\"><strong data-start=\"1902\" data-end=\"1923\">Anodizado cr\u00f3mico<\/strong> \u2013 Protecci\u00f3n superior en aplicaciones aeron\u00e1uticas y de alta exigencia.<\/li>\n<\/ul>\n<\/li>\n<li><strong data-start=\"1028\" data-end=\"1063\">Cromado<\/strong>, en todas sus variantes:\n<ul>\n<li data-start=\"1069\" data-end=\"1179\"><strong data-start=\"1071\" data-end=\"1085\">Cromo duro<\/strong> \u2013 Alta resistencia mec\u00e1nica y baja fricci\u00f3n para componentes industriales de alto desgaste.<\/li>\n<li data-start=\"1183\" data-end=\"1273\"><strong data-start=\"1185\" data-end=\"1205\">Cromo decorativo<\/strong> \u2013 Acabados est\u00e9ticos con gran durabilidad en automoci\u00f3n y dise\u00f1o.<\/li>\n<li data-start=\"1277\" data-end=\"1375\"><strong data-start=\"1279\" data-end=\"1301\">Cromo en pol\u00edmeros<\/strong> \u2013 Recubrimientos avanzados en ABS o PCs con excelente adhesi\u00f3n y est\u00e9tica impecable.<\/li>\n<li data-start=\"1379\" data-end=\"1485\"><strong data-start=\"1381\" data-end=\"1410\">Cromo trivalente (Cr III)<\/strong> \u2013 Alternativa m\u00e1s ecol\u00f3gica y segura, cumpliendo normativas ambientales.<\/li>\n<li data-start=\"1489\" data-end=\"1602\"><strong data-start=\"1491\" data-end=\"1520\">Cromo hexavalente (Cr VI)<\/strong> \u2013 Para aplicaciones espec\u00edficas que requieren m\u00e1xima resistencia y durabilidad.<\/li>\n<\/ul>\n<\/li>\n<\/ul>\n<\/div><\/div><\/div><\/div><div class=\"wpb_column vc_column_container\"><div class=\"vc_column-inner\"><div class=\"w-image us_custom_47474b22 us_animate_this align_none\"><div class=\"w-image-h\"><img loading=\"lazy\" decoding=\"async\" width=\"768\" height=\"1024\" src=\"https:\/\/www.surtech.es\/wp-content\/uploads\/2025\/03\/IMG_0716-768x1024.jpg\" class=\"attachment-large size-large\" alt=\"\" srcset=\"https:\/\/www.surtech.es\/wp-content\/uploads\/2025\/03\/IMG_0716-768x1024.jpg 768w, https:\/\/www.surtech.es\/wp-content\/uploads\/2025\/03\/IMG_0716-225x300.jpg 225w, https:\/\/www.surtech.es\/wp-content\/uploads\/2025\/03\/IMG_0716-scaled.jpg 1920w\" sizes=\"auto, (max-width: 768px) 100vw, 768px\" \/><\/div><\/div><div class=\"w-separator size_small\"><\/div><div class=\"w-image us_custom_47474b22 us_animate_this align_none\"><div class=\"w-image-h\"><img loading=\"lazy\" decoding=\"async\" width=\"871\" height=\"1024\" src=\"https:\/\/www.surtech.es\/wp-content\/uploads\/2025\/03\/IMG_3886-1-871x1024.jpg\" class=\"attachment-large size-large\" alt=\"\" srcset=\"https:\/\/www.surtech.es\/wp-content\/uploads\/2025\/03\/IMG_3886-1-871x1024.jpg 871w, https:\/\/www.surtech.es\/wp-content\/uploads\/2025\/03\/IMG_3886-1-255x300.jpg 255w\" sizes=\"auto, (max-width: 871px) 100vw, 871px\" \/><\/div><\/div><div class=\"w-separator size_small\"><\/div><div class=\"w-image us_custom_47474b22 us_animate_this align_none\"><div class=\"w-image-h\"><img loading=\"lazy\" decoding=\"async\" width=\"768\" height=\"1024\" src=\"https:\/\/www.surtech.es\/wp-content\/uploads\/2025\/03\/IMG_0736-768x1024.jpg\" class=\"attachment-large size-large\" alt=\"\" srcset=\"https:\/\/www.surtech.es\/wp-content\/uploads\/2025\/03\/IMG_0736-768x1024.jpg 768w, https:\/\/www.surtech.es\/wp-content\/uploads\/2025\/03\/IMG_0736-225x300.jpg 225w, https:\/\/www.surtech.es\/wp-content\/uploads\/2025\/03\/IMG_0736-scaled.jpg 1920w\" sizes=\"auto, (max-width: 768px) 100vw, 768px\" \/><\/div><\/div><\/div><\/div><\/div><\/div><\/section><section class=\"l-section wpb_row height_medium\"><div class=\"l-section-h i-cf\"><div class=\"g-cols vc_row via_grid cols_1 laptops-cols_inherit tablets-cols_inherit mobiles-cols_1 valign_top type_default stacking_default\"><div class=\"wpb_column vc_column_container\"><div class=\"vc_column-inner\"><div class=\"wpb_text_column\"><div class=\"wpb_wrapper\"><h3 data-start=\"1604\" data-end=\"1654\"><strong data-start=\"1608\" data-end=\"1652\">Innovaci\u00f3n y eficiencia en cada proyecto<\/strong><\/h3>\n<p data-start=\"2067\" data-end=\"2178\">Dise\u00f1amos y fabricamos <strong data-start=\"2093\" data-end=\"2132\">l\u00edneas de tratamiento electrol\u00edtico<\/strong> con tecnolog\u00eda de vanguardia, incorporando:<\/p>\n<ul>\n<li data-start=\"2180\" data-end=\"2623\"><strong data-start=\"2183\" data-end=\"2219\">Automatizaci\u00f3n y control preciso<\/strong> para garantizar procesos estables y repetibles.<\/li>\n<li data-start=\"2180\" data-end=\"2623\"><strong data-start=\"2273\" data-end=\"2335\">Optimizaci\u00f3n en el consumo de energ\u00eda y productos qu\u00edmicos<\/strong> para reducir costos operativos.<\/li>\n<li data-start=\"2180\" data-end=\"2623\"><strong data-start=\"2373\" data-end=\"2411\">Sistemas de filtraci\u00f3n y reciclaje<\/strong> que minimizan el impacto ambiental y cumplen con las normativas m\u00e1s exigentes.<\/li>\n<li data-start=\"2180\" data-end=\"2623\"><strong data-start=\"2496\" data-end=\"2524\">Soluciones llave en mano<\/strong>, desde el dise\u00f1o hasta la puesta en marcha, asegurando la mejor tecnolog\u00eda para cada aplicaci\u00f3n.<\/li>\n<\/ul>\n<\/div><\/div><\/div><\/div><\/div><\/div><\/section><!-- Row Backgrounds --><div class=\"upb_bg_img\" data-ultimate-bg=\"url(https:\/\/www.surtech.es\/wp-content\/uploads\/2024\/01\/fondo-gris.jpg)\" data-image-id=\"id^295|url^https:\/\/www.surtech.es\/wp-content\/uploads\/2024\/01\/fondo-gris.jpg|caption^null|alt^null|title^Fondo Gris|description^null\" data-ultimate-bg-style=\"vcpb-default\" data-bg-img-repeat=\"repeat\" data-bg-img-size=\"cover\" data-bg-img-position=\"\" data-parallx_sense=\"30\" data-bg-override=\"0\" data-bg_img_attach=\"scroll\" data-upb-overlay-color=\"\" data-upb-bg-animation=\"\" data-fadeout=\"\" data-bg-animation=\"left-animation\" data-bg-animation-type=\"h\" data-animation-repeat=\"repeat\" data-fadeout-percentage=\"30\" data-parallax-content=\"\" data-parallax-content-sense=\"30\" data-row-effect-mobile-disable=\"true\" data-img-parallax-mobile-disable=\"true\" data-rtl=\"false\"  data-custom-vc-row=\"\"  data-vc=\"7.4\"  data-is_old_vc=\"\"  data-theme-support=\"\"   data-overlay=\"false\" data-overlay-color=\"\" data-overlay-pattern=\"\" data-overlay-pattern-opacity=\"\" data-overlay-pattern-size=\"\"    ><\/div><section class=\"l-section wpb_row height_medium\"><div class=\"l-section-h i-cf\"><div class=\"g-cols vc_row via_grid cols_5-1 laptops-cols_inherit tablets-cols_inherit mobiles-cols_1 valign_top type_default stacking_default\"><div class=\"wpb_column vc_column_container\"><div class=\"vc_column-inner\"><div class=\"wpb_text_column\"><div class=\"wpb_wrapper\"><p><strong data-start=\"2628\" data-end=\"2682\">Conf\u00eda en expertos en tratamientos electrol\u00edticos.<\/strong> Cont\u00e1ctanos y descubre c\u00f3mo nuestras soluciones pueden optimizar tus procesos y elevar la calidad de tus productos.<\/p>\n<\/div><\/div><\/div><\/div><div class=\"wpb_column vc_column_container\"><div class=\"vc_column-inner\"><div class=\"w-btn-wrapper align_none\"><a class=\"w-btn us-btn-style_1\" href=\"https:\/\/www.surtech.es\/es\/contacto\/\"><span class=\"w-btn-label\">Contacto<\/span><\/a><\/div><\/div><\/div><\/div><\/div><\/section>\n","protected":false},"excerpt":{"rendered":"Protecci\u00f3n y Acabados \u00d3ptimos En el mundo del tratamiento de superficies, la electr\u00f3lisis es una herramienta clave para obtener recubrimientos resistentes, duraderos y de alta precisi\u00f3n. En nuestra empresa, somos expertos en l\u00edneas de tratamiento electrol\u00edtico, dise\u00f1ando soluciones a medida para garantizar la m\u00e1xima calidad, eficiencia y cumplimiento normativo en cada proceso. Integramos tecnolog\u00edas avanzadas...","protected":false},"author":1,"featured_media":379,"parent":839,"menu_order":0,"comment_status":"closed","ping_status":"closed","template":"","meta":{"footnotes":""},"class_list":["post-845","page","type-page","status-publish","has-post-thumbnail","hentry"],"_links":{"self":[{"href":"https:\/\/www.surtech.es\/es\/wp-json\/wp\/v2\/pages\/845","targetHints":{"allow":["GET"]}}],"collection":[{"href":"https:\/\/www.surtech.es\/es\/wp-json\/wp\/v2\/pages"}],"about":[{"href":"https:\/\/www.surtech.es\/es\/wp-json\/wp\/v2\/types\/page"}],"author":[{"embeddable":true,"href":"https:\/\/www.surtech.es\/es\/wp-json\/wp\/v2\/users\/1"}],"replies":[{"embeddable":true,"href":"https:\/\/www.surtech.es\/es\/wp-json\/wp\/v2\/comments?post=845"}],"version-history":[{"count":14,"href":"https:\/\/www.surtech.es\/es\/wp-json\/wp\/v2\/pages\/845\/revisions"}],"predecessor-version":[{"id":1434,"href":"https:\/\/www.surtech.es\/es\/wp-json\/wp\/v2\/pages\/845\/revisions\/1434"}],"up":[{"embeddable":true,"href":"https:\/\/www.surtech.es\/es\/wp-json\/wp\/v2\/pages\/839"}],"wp:featuredmedia":[{"embeddable":true,"href":"https:\/\/www.surtech.es\/es\/wp-json\/wp\/v2\/media\/379"}],"wp:attachment":[{"href":"https:\/\/www.surtech.es\/es\/wp-json\/wp\/v2\/media?parent=845"}],"curies":[{"name":"wp","href":"https:\/\/api.w.org\/{rel}","templated":true}]}}