{"id":860,"date":"2025-02-11T15:00:39","date_gmt":"2025-02-11T14:00:39","guid":{"rendered":"https:\/\/www.surtech.es\/?page_id=860"},"modified":"2025-03-27T11:33:41","modified_gmt":"2025-03-27T10:33:41","slug":"otros-recubrimientos","status":"publish","type":"page","link":"https:\/\/www.surtech.es\/es\/instalaciones\/otros-recubrimientos\/","title":{"rendered":"Otros Recubrimientos"},"content":{"rendered":"<section class=\"l-section wpb_row height_medium\"><div class=\"l-section-h i-cf\"><div class=\"g-cols vc_row via_grid cols_2-1 laptops-cols_inherit tablets-cols_inherit mobiles-cols_1 valign_top type_default stacking_default\"><div class=\"wpb_column vc_column_container\"><div class=\"vc_column-inner\"><div class=\"wpb_text_column\"><div class=\"wpb_wrapper\"><h3 data-start=\"147\" data-end=\"223\"><strong data-start=\"151\" data-end=\"221\">Protecci\u00f3n, Durabilidad y Est\u00e9tica<\/strong><\/h3>\n<p data-start=\"225\" data-end=\"585\">Adem\u00e1s de nuestros tratamientos qu\u00edmicos y electrol\u00edticos, ofrecemos soluciones avanzadas en <strong data-start=\"318\" data-end=\"349\">pintura y lacado industrial<\/strong>, dise\u00f1adas para mejorar la protecci\u00f3n, el rendimiento y la est\u00e9tica de cada pieza. Aplicamos tecnolog\u00edas de vanguardia para garantizar recubrimientos resistentes, uniformes y adaptados a los requerimientos espec\u00edficos de cada sector.<\/p>\n<ul>\n<li data-start=\"636\" data-end=\"885\"><strong data-start=\"638\" data-end=\"660\">Pintura industrial<\/strong> \u2013 Aplicaci\u00f3n de recubrimientos especializados que mejoran la resistencia a la corrosi\u00f3n, el impacto y las condiciones ambientales extremas. Disponibles en diferentes acabados y formulaciones seg\u00fan la necesidad del cliente.<\/li>\n<li data-start=\"636\" data-end=\"885\"><strong data-start=\"889\" data-end=\"899\">Lacado<\/strong> \u2013 Acabados de alta calidad que ofrecen protecci\u00f3n qu\u00edmica y mec\u00e1nica, adem\u00e1s de un aspecto uniforme y duradero. Ideal para componentes met\u00e1licos, pl\u00e1sticos y superficies sometidas a desgaste continuo.<\/li>\n<li data-start=\"636\" data-end=\"885\"><strong data-start=\"1106\" data-end=\"1130\">Barnices protectores<\/strong> \u2013 Capas transparentes o pigmentadas que proporcionan una barrera adicional contra la humedad, la oxidaci\u00f3n y la abrasi\u00f3n.<\/li>\n<li data-start=\"636\" data-end=\"885\"><strong data-start=\"1258\" data-end=\"1287\">Recubrimientos especiales<\/strong> \u2013 Opciones con propiedades espec\u00edficas como antidesgaste, antiadherentes, hidrof\u00f3bicos, diel\u00e9ctricos o de alta resistencia t\u00e9rmica, adaptados a aplicaciones industriales exigentes.<\/li>\n<\/ul>\n<\/div><\/div><\/div><\/div><div class=\"wpb_column vc_column_container\"><div class=\"vc_column-inner\"><div class=\"w-separator size_medium\"><\/div><div class=\"w-image us_custom_8f2ba1f4 us_animate_this align_none\"><div class=\"w-image-h\"><img loading=\"lazy\" decoding=\"async\" width=\"686\" height=\"1024\" src=\"https:\/\/www.surtech.es\/wp-content\/uploads\/2025\/03\/P0004461-686x1024.jpg\" class=\"attachment-large size-large\" alt=\"\" srcset=\"https:\/\/www.surtech.es\/wp-content\/uploads\/2025\/03\/P0004461-686x1024.jpg 686w, https:\/\/www.surtech.es\/wp-content\/uploads\/2025\/03\/P0004461-201x300.jpg 201w, https:\/\/www.surtech.es\/wp-content\/uploads\/2025\/03\/P0004461.jpg 1200w\" sizes=\"auto, (max-width: 686px) 100vw, 686px\" \/><\/div><\/div><\/div><\/div><\/div><\/div><\/section><section class=\"l-section wpb_row height_medium\"><div class=\"l-section-h i-cf\"><div class=\"g-cols vc_row via_grid cols_1 laptops-cols_inherit tablets-cols_inherit mobiles-cols_1 valign_top type_default stacking_default\"><div class=\"wpb_column vc_column_container\"><div class=\"vc_column-inner\"><div class=\"wpb_text_column\"><div class=\"wpb_wrapper\"><h3 data-start=\"1476\" data-end=\"1527\"><strong data-start=\"1480\" data-end=\"1525\">Tecnolog\u00eda y Precisi\u00f3n en Cada Aplicaci\u00f3n<\/strong><\/h3>\n<p data-start=\"1529\" data-end=\"1660\">Implementamos procesos controlados y automatizados para asegurar <strong data-start=\"1597\" data-end=\"1645\">m\u00e1xima adherencia, uniformidad y durabilidad<\/strong>, integrando:<\/p>\n<ul>\n<li data-start=\"1662\" data-end=\"2147\"><strong data-start=\"1665\" data-end=\"1722\">Cabinas de pintura y sistemas de aplicaci\u00f3n avanzados<\/strong> que optimizan el consumo de materiales y reducen residuos.<\/li>\n<li data-start=\"1662\" data-end=\"2147\"><strong data-start=\"1787\" data-end=\"1829\">Sistemas de curado y secado controlado<\/strong>, garantizando acabados resistentes y uniformes.<\/li>\n<li><strong data-start=\"2373\" data-end=\"2411\">Sistemas de filtraci\u00f3n y reciclaje<\/strong> que minimizan el impacto ambiental y cumplen con las normativas m\u00e1s exigentes.<\/li>\n<li><strong data-start=\"2183\" data-end=\"2219\">Automatizaci\u00f3n y control preciso<\/strong> para garantizar procesos estables y repetibles.<\/li>\n<\/ul>\n<\/div><\/div><\/div><\/div><\/div><\/div><\/section><!-- Row Backgrounds --><div class=\"upb_bg_img\" data-ultimate-bg=\"url(https:\/\/www.surtech.es\/wp-content\/uploads\/2024\/01\/fondo-gris.jpg)\" data-image-id=\"id^295|url^https:\/\/www.surtech.es\/wp-content\/uploads\/2024\/01\/fondo-gris.jpg|caption^null|alt^null|title^Fondo Gris|description^null\" data-ultimate-bg-style=\"vcpb-default\" data-bg-img-repeat=\"repeat\" data-bg-img-size=\"cover\" data-bg-img-position=\"\" data-parallx_sense=\"30\" data-bg-override=\"0\" data-bg_img_attach=\"scroll\" data-upb-overlay-color=\"\" data-upb-bg-animation=\"\" data-fadeout=\"\" data-bg-animation=\"left-animation\" data-bg-animation-type=\"h\" data-animation-repeat=\"repeat\" data-fadeout-percentage=\"30\" data-parallax-content=\"\" data-parallax-content-sense=\"30\" data-row-effect-mobile-disable=\"true\" data-img-parallax-mobile-disable=\"true\" data-rtl=\"false\"  data-custom-vc-row=\"\"  data-vc=\"7.4\"  data-is_old_vc=\"\"  data-theme-support=\"\"   data-overlay=\"false\" data-overlay-color=\"\" data-overlay-pattern=\"\" data-overlay-pattern-opacity=\"\" data-overlay-pattern-size=\"\"    ><\/div><section class=\"l-section wpb_row height_small\"><div class=\"l-section-h i-cf\"><div class=\"g-cols vc_row via_grid cols_5-1 laptops-cols_inherit tablets-cols_inherit mobiles-cols_1 valign_top type_default stacking_default\"><div class=\"wpb_column vc_column_container\"><div class=\"vc_column-inner\"><div class=\"wpb_text_column\"><div class=\"wpb_wrapper\"><p><strong data-start=\"2152\" data-end=\"2243\">Protege y mejora el rendimiento de tus piezas con nuestros recubrimientos industriales.<\/strong> Cont\u00e1ctanos y descubre c\u00f3mo nuestras soluciones en pintura y lacado pueden optimizar tus procesos y productos.<\/p>\n<\/div><\/div><\/div><\/div><div class=\"wpb_column vc_column_container\"><div class=\"vc_column-inner\"><div class=\"w-btn-wrapper align_none\"><a class=\"w-btn us-btn-style_1\" href=\"https:\/\/www.surtech.es\/es\/contacto\/\"><span class=\"w-btn-label\">Contacto<\/span><\/a><\/div><\/div><\/div><\/div><\/div><\/section>\n","protected":false},"excerpt":{"rendered":"Protecci\u00f3n, Durabilidad y Est\u00e9tica Adem\u00e1s de nuestros tratamientos qu\u00edmicos y electrol\u00edticos, ofrecemos soluciones avanzadas en pintura y lacado industrial, dise\u00f1adas para mejorar la protecci\u00f3n, el rendimiento y la est\u00e9tica de cada pieza. Aplicamos tecnolog\u00edas de vanguardia para garantizar recubrimientos resistentes, uniformes y adaptados a los requerimientos espec\u00edficos de cada sector. Pintura industrial \u2013 Aplicaci\u00f3n de...","protected":false},"author":1,"featured_media":864,"parent":839,"menu_order":0,"comment_status":"closed","ping_status":"closed","template":"","meta":{"footnotes":""},"class_list":["post-860","page","type-page","status-publish","has-post-thumbnail","hentry"],"_links":{"self":[{"href":"https:\/\/www.surtech.es\/es\/wp-json\/wp\/v2\/pages\/860","targetHints":{"allow":["GET"]}}],"collection":[{"href":"https:\/\/www.surtech.es\/es\/wp-json\/wp\/v2\/pages"}],"about":[{"href":"https:\/\/www.surtech.es\/es\/wp-json\/wp\/v2\/types\/page"}],"author":[{"embeddable":true,"href":"https:\/\/www.surtech.es\/es\/wp-json\/wp\/v2\/users\/1"}],"replies":[{"embeddable":true,"href":"https:\/\/www.surtech.es\/es\/wp-json\/wp\/v2\/comments?post=860"}],"version-history":[{"count":10,"href":"https:\/\/www.surtech.es\/es\/wp-json\/wp\/v2\/pages\/860\/revisions"}],"predecessor-version":[{"id":1431,"href":"https:\/\/www.surtech.es\/es\/wp-json\/wp\/v2\/pages\/860\/revisions\/1431"}],"up":[{"embeddable":true,"href":"https:\/\/www.surtech.es\/es\/wp-json\/wp\/v2\/pages\/839"}],"wp:featuredmedia":[{"embeddable":true,"href":"https:\/\/www.surtech.es\/es\/wp-json\/wp\/v2\/media\/864"}],"wp:attachment":[{"href":"https:\/\/www.surtech.es\/es\/wp-json\/wp\/v2\/media?parent=860"}],"curies":[{"name":"wp","href":"https:\/\/api.w.org\/{rel}","templated":true}]}}