{"id":866,"date":"2025-02-11T15:12:55","date_gmt":"2025-02-11T14:12:55","guid":{"rendered":"https:\/\/www.surtech.es\/?page_id=866"},"modified":"2025-03-27T11:36:08","modified_gmt":"2025-03-27T10:36:08","slug":"tratamiento-de-aguas","status":"publish","type":"page","link":"https:\/\/www.surtech.es\/es\/instalaciones\/tratamiento-de-aguas\/","title":{"rendered":"Tratamiento de Aguas"},"content":{"rendered":"<section class=\"l-section wpb_row height_medium\"><div class=\"l-section-h i-cf\"><div class=\"g-cols vc_row via_grid cols_5-1 laptops-cols_inherit tablets-cols_inherit mobiles-cols_1 valign_top type_default stacking_default\"><div class=\"wpb_column vc_column_container\"><div class=\"vc_column-inner\"><div class=\"wpb_text_column\"><div class=\"wpb_wrapper\"><h3 style=\"text-align: center;\" data-start=\"115\" data-end=\"203\"><strong data-start=\"119\" data-end=\"201\">Soluciones para una Industria m\u00e1s Sostenible<\/strong><\/h3>\n<p data-start=\"205\" data-end=\"572\">El tratamiento eficiente del agua es fundamental para garantizar procesos industriales sostenibles, optimizar recursos y cumplir con las normativas ambientales. En nuestra empresa, dise\u00f1amos e implementamos <strong data-start=\"412\" data-end=\"475\">sistemas de tratamiento de aguas adaptados a cada necesidad<\/strong>, asegurando la recuperaci\u00f3n, purificaci\u00f3n y gesti\u00f3n responsable de los efluentes industriales.<\/p>\n<ul>\n<li data-start=\"629\" data-end=\"824\"><strong data-start=\"631\" data-end=\"667\">Sistemas de recuperaci\u00f3n de agua<\/strong> \u2013 Tecnolog\u00edas avanzadas para reutilizar y optimizar el consumo de agua en los procesos industriales, reduciendo costos y minimizando el impacto ambiental.<\/li>\n<li data-start=\"629\" data-end=\"824\"><strong data-start=\"828\" data-end=\"855\">Sistemas de evaporaci\u00f3n<\/strong> \u2013 Soluciones eficientes para la concentraci\u00f3n y separaci\u00f3n de residuos l\u00edquidos, permitiendo la reutilizaci\u00f3n del agua y la reducci\u00f3n del volumen de desechos generados.<\/li>\n<li data-start=\"629\" data-end=\"824\"><strong data-start=\"1030\" data-end=\"1060\">Sistemas de descarbonatado<\/strong> \u2013 Eliminaci\u00f3n de carbonatos en el agua para evitar incrustaciones y optimizar el rendimiento de los procesos industriales que requieren agua de alta pureza.<\/li>\n<li data-start=\"629\" data-end=\"824\"><strong data-start=\"1223\" data-end=\"1270\">Sistemas de eliminaci\u00f3n de aceites y grasas<\/strong> \u2013 Equipos especializados para la separaci\u00f3n de contaminantes oleosos en efluentes industriales, garantizando la calidad del agua y el cumplimiento normativo.<\/li>\n<\/ul>\n<\/div><\/div><\/div><\/div><div class=\"wpb_column vc_column_container\"><div class=\"vc_column-inner\"><div class=\"w-image us_custom_47474b22 us_animate_this align_none\"><div class=\"w-image-h\"><img loading=\"lazy\" decoding=\"async\" width=\"768\" height=\"1024\" src=\"https:\/\/www.surtech.es\/wp-content\/uploads\/2025\/03\/IMG_8614-768x1024.jpg\" class=\"attachment-large size-large\" alt=\"\" srcset=\"https:\/\/www.surtech.es\/wp-content\/uploads\/2025\/03\/IMG_8614-768x1024.jpg 768w, https:\/\/www.surtech.es\/wp-content\/uploads\/2025\/03\/IMG_8614-225x300.jpg 225w, https:\/\/www.surtech.es\/wp-content\/uploads\/2025\/03\/IMG_8614-scaled.jpg 1920w\" sizes=\"auto, (max-width: 768px) 100vw, 768px\" \/><\/div><\/div><div class=\"w-separator size_small\"><\/div><div class=\"w-image us_custom_47474b22 us_animate_this align_none\"><div class=\"w-image-h\"><img loading=\"lazy\" decoding=\"async\" width=\"768\" height=\"1024\" src=\"https:\/\/www.surtech.es\/wp-content\/uploads\/2025\/03\/IMG_20230316_145225-768x1024.jpg\" class=\"attachment-large size-large\" alt=\"\" srcset=\"https:\/\/www.surtech.es\/wp-content\/uploads\/2025\/03\/IMG_20230316_145225-768x1024.jpg 768w, https:\/\/www.surtech.es\/wp-content\/uploads\/2025\/03\/IMG_20230316_145225-225x300.jpg 225w, https:\/\/www.surtech.es\/wp-content\/uploads\/2025\/03\/IMG_20230316_145225-scaled.jpg 1920w\" sizes=\"auto, (max-width: 768px) 100vw, 768px\" \/><\/div><\/div><\/div><\/div><\/div><\/div><\/section><section class=\"l-section wpb_row height_medium\"><div class=\"l-section-h i-cf\"><div class=\"g-cols vc_row via_grid cols_1 laptops-cols_inherit tablets-cols_inherit mobiles-cols_1 valign_top type_default stacking_default\"><div class=\"wpb_column vc_column_container\"><div class=\"vc_column-inner\"><div class=\"wpb_text_column\"><div class=\"wpb_wrapper\"><h3 data-start=\"1432\" data-end=\"1483\"><strong data-start=\"1436\" data-end=\"1481\">Eficiencia y Sostenibilidad Imprescindibles<\/strong><\/h3>\n<p data-start=\"1485\" data-end=\"1605\">Implementamos tecnolog\u00edas de vanguardia para asegurar un tratamiento eficiente del agua, con beneficios clave como:<\/p>\n<ul>\n<li data-start=\"1607\" data-end=\"2010\"><strong data-start=\"1610\" data-end=\"1647\">Optimizaci\u00f3n de recursos h\u00eddricos<\/strong>, reduciendo el consumo y los costos operativos.<\/li>\n<li data-start=\"1607\" data-end=\"2010\"><strong data-start=\"1701\" data-end=\"1744\">Cumplimiento con normativas ambientales<\/strong>, garantizando la gesti\u00f3n responsable de los efluentes.<\/li>\n<li data-start=\"1607\" data-end=\"2010\"><strong data-start=\"1805\" data-end=\"1849\">Procesos automatizados y control preciso<\/strong>, que maximizan la eficiencia y minimizan el desperdicio.<\/li>\n<li data-start=\"1607\" data-end=\"2010\"><strong data-start=\"1912\" data-end=\"1940\">Soluciones llave en mano<\/strong>, adaptadas a las necesidades espec\u00edficas de cada sector industrial.<\/li>\n<\/ul>\n<\/div><\/div><\/div><\/div><\/div><\/div><\/section><!-- Row Backgrounds --><div class=\"upb_bg_img\" data-ultimate-bg=\"url(https:\/\/www.surtech.es\/wp-content\/uploads\/2024\/01\/fondo-gris.jpg)\" data-image-id=\"id^295|url^https:\/\/www.surtech.es\/wp-content\/uploads\/2024\/01\/fondo-gris.jpg|caption^null|alt^null|title^Fondo Gris|description^null\" data-ultimate-bg-style=\"vcpb-vz-jquery\" data-bg-img-repeat=\"repeat\" data-bg-img-size=\"cover\" data-bg-img-position=\"\" data-parallx_sense=\"30\" data-bg-override=\"0\" data-bg_img_attach=\"scroll\" data-upb-overlay-color=\"\" data-upb-bg-animation=\"\" data-fadeout=\"\" data-bg-animation=\"left-animation\" data-bg-animation-type=\"h\" data-animation-repeat=\"repeat\" data-fadeout-percentage=\"30\" data-parallax-content=\"\" data-parallax-content-sense=\"30\" data-row-effect-mobile-disable=\"true\" data-img-parallax-mobile-disable=\"true\" data-rtl=\"false\"  data-custom-vc-row=\"\"  data-vc=\"7.4\"  data-is_old_vc=\"\"  data-theme-support=\"\"   data-overlay=\"false\" data-overlay-color=\"\" data-overlay-pattern=\"\" data-overlay-pattern-opacity=\"\" data-overlay-pattern-size=\"\"    ><\/div><section class=\"l-section wpb_row height_medium\"><div class=\"l-section-h i-cf\"><div class=\"g-cols vc_row via_grid cols_5-1 laptops-cols_inherit tablets-cols_inherit mobiles-cols_1 valign_top type_default stacking_default\"><div class=\"wpb_column vc_column_container\"><div class=\"vc_column-inner\"><div class=\"wpb_text_column\"><div class=\"wpb_wrapper\"><p><strong data-start=\"2015\" data-end=\"2071\">Haz que tu industria sea m\u00e1s eficiente y sostenible.<\/strong> Cont\u00e1ctanos y descubre c\u00f3mo nuestras soluciones en tratamiento de aguas pueden optimizar tus procesos y reducir tu impacto ambiental.<\/p>\n<\/div><\/div><\/div><\/div><div class=\"wpb_column vc_column_container\"><div class=\"vc_column-inner\"><div class=\"w-btn-wrapper align_none\"><a class=\"w-btn us-btn-style_1\" href=\"https:\/\/www.surtech.es\/es\/contacto\/\"><span class=\"w-btn-label\">Contacto<\/span><\/a><\/div><\/div><\/div><\/div><\/div><\/section>\n","protected":false},"excerpt":{"rendered":"Soluciones para una Industria m\u00e1s Sostenible El tratamiento eficiente del agua es fundamental para garantizar procesos industriales sostenibles, optimizar recursos y cumplir con las normativas ambientales. En nuestra empresa, dise\u00f1amos e implementamos sistemas de tratamiento de aguas adaptados a cada necesidad, asegurando la recuperaci\u00f3n, purificaci\u00f3n y gesti\u00f3n responsable de los efluentes industriales. Sistemas de recuperaci\u00f3n...","protected":false},"author":1,"featured_media":393,"parent":839,"menu_order":0,"comment_status":"closed","ping_status":"closed","template":"","meta":{"footnotes":""},"class_list":["post-866","page","type-page","status-publish","has-post-thumbnail","hentry"],"_links":{"self":[{"href":"https:\/\/www.surtech.es\/es\/wp-json\/wp\/v2\/pages\/866","targetHints":{"allow":["GET"]}}],"collection":[{"href":"https:\/\/www.surtech.es\/es\/wp-json\/wp\/v2\/pages"}],"about":[{"href":"https:\/\/www.surtech.es\/es\/wp-json\/wp\/v2\/types\/page"}],"author":[{"embeddable":true,"href":"https:\/\/www.surtech.es\/es\/wp-json\/wp\/v2\/users\/1"}],"replies":[{"embeddable":true,"href":"https:\/\/www.surtech.es\/es\/wp-json\/wp\/v2\/comments?post=866"}],"version-history":[{"count":13,"href":"https:\/\/www.surtech.es\/es\/wp-json\/wp\/v2\/pages\/866\/revisions"}],"predecessor-version":[{"id":1433,"href":"https:\/\/www.surtech.es\/es\/wp-json\/wp\/v2\/pages\/866\/revisions\/1433"}],"up":[{"embeddable":true,"href":"https:\/\/www.surtech.es\/es\/wp-json\/wp\/v2\/pages\/839"}],"wp:featuredmedia":[{"embeddable":true,"href":"https:\/\/www.surtech.es\/es\/wp-json\/wp\/v2\/media\/393"}],"wp:attachment":[{"href":"https:\/\/www.surtech.es\/es\/wp-json\/wp\/v2\/media?parent=866"}],"curies":[{"name":"wp","href":"https:\/\/api.w.org\/{rel}","templated":true}]}}