{"id":875,"date":"2025-02-11T15:26:45","date_gmt":"2025-02-11T14:26:45","guid":{"rendered":"https:\/\/www.surtech.es\/?page_id=875"},"modified":"2025-03-27T11:19:33","modified_gmt":"2025-03-27T10:19:33","slug":"servicios","status":"publish","type":"page","link":"https:\/\/www.surtech.es\/es\/servicios\/","title":{"rendered":"SERVICIOS"},"content":{"rendered":"<section class=\"l-section wpb_row height_medium\"><div class=\"l-section-h i-cf\"><div class=\"g-cols vc_row via_grid cols_1 laptops-cols_inherit tablets-cols_inherit mobiles-cols_1 valign_top type_default stacking_default\"><div class=\"wpb_column vc_column_container\"><div class=\"vc_column-inner\"><div class=\"wpb_text_column\"><div class=\"wpb_wrapper\"><p>Desde <strong>Surtech Engineering<\/strong> ofrecemos soluciones avanzadas de ingenier\u00eda adaptadas a las necesidades espec\u00edficas de cada cliente.<\/p>\n<p>Nuestros servicios est\u00e1n orientados a optimizar procesos, reducir costes y mejorar la eficiencia operativa a trav\u00e9s de la innovaci\u00f3n tecnol\u00f3gica.<\/p>\n<\/div><\/div><\/div><\/div><\/div><\/div><\/section><section class=\"l-section wpb_row height_medium with_img\"><div class=\"l-section-img\" role=\"img\" data-img-width=\"1920\" data-img-height=\"1080\" style=\"background-image: url(https:\/\/www.surtech.es\/wp-content\/uploads\/2024\/01\/fondo-gris.jpg);\"><\/div><div class=\"l-section-h i-cf\"><div class=\"g-cols vc_row via_grid cols_2-1 laptops-cols_inherit tablets-cols_inherit mobiles-cols_1 valign_top type_default stacking_default\"><div class=\"wpb_column vc_column_container\"><div class=\"vc_column-inner\"><div class=\"wpb_text_column\"><div class=\"wpb_wrapper\"><h3>ALGUNOS DE NUESTROS SERVICIOS<\/h3>\n<ul>\n<li><strong>Dise\u00f1o y desarrollo de soluciones personalizadas<\/strong>: creamos soluciones de ingenier\u00eda personalizadas a los requerimientos de tu empresa.<\/li>\n<li><strong>Implementaci\u00f3n de sistemas y automatizaci\u00f3n industrial<\/strong>: te ayudamos a implementar sistemas automatizados que transforman tu proceso productivo.<\/li>\n<li><strong>Mantenimiento y soporte t\u00e9cnico<\/strong>: ofrecemos soporte t\u00e9cnico de alta calidad, disponible para resolver inconvenientes.<\/li>\n<li><strong>Consultor\u00eda t\u00e9cnica y optimizaci\u00f3n de procesos<\/strong>: nuestros expertos trabajan contigo para evaluar e identificar \u00e1reas de mejora y proporcionar soluciones estrat\u00e9gicas.<\/li>\n<\/ul>\n<\/div><\/div><\/div><\/div><div class=\"wpb_column vc_column_container\"><div class=\"vc_column-inner\"><div class=\"w-separator size_large\"><\/div><div class=\"w-image align_none\"><div class=\"w-image-h\"><img loading=\"lazy\" decoding=\"async\" width=\"1024\" height=\"576\" src=\"https:\/\/www.surtech.es\/wp-content\/uploads\/2025\/03\/IMG_20201230_144527-1024x576.jpg\" class=\"attachment-large size-large\" alt=\"\" srcset=\"https:\/\/www.surtech.es\/wp-content\/uploads\/2025\/03\/IMG_20201230_144527-1024x576.jpg 1024w, https:\/\/www.surtech.es\/wp-content\/uploads\/2025\/03\/IMG_20201230_144527-300x169.jpg 300w\" sizes=\"auto, (max-width: 1024px) 100vw, 1024px\" \/><\/div><\/div><\/div><\/div><\/div><\/div><\/section><section class=\"l-section wpb_row height_small\"><div class=\"l-section-h i-cf\"><div class=\"g-cols vc_row via_grid cols_1 laptops-cols_inherit tablets-cols_inherit mobiles-cols_1 valign_top type_default stacking_default\"><div class=\"wpb_column vc_column_container\"><div class=\"vc_column-inner\"><div class=\"wpb_text_column\"><div class=\"wpb_wrapper\"><h3 style=\"text-align: center;\">NUESTROS SERVICIOS M\u00c1S DESTACADOS<\/h3>\n<\/div><\/div><\/div><\/div><\/div><\/div><\/section><section class=\"l-section wpb_row height_small\"><div class=\"l-section-h i-cf\"><div class=\"g-cols vc_row via_grid cols_3 laptops-cols_inherit tablets-cols_inherit mobiles-cols_1 valign_top type_default stacking_default\"><div class=\"wpb_column vc_column_container\"><div class=\"vc_column-inner\">\n<div id=\"interactive-banner-1-wrap-5266\" class=\"ult-banner-block ult-adjust-bottom-margin ult-bb-box ult-banner-block-custom-height banner-style13 \"   style=\"height:200px;\">\n\t<img decoding=\"async\" src=\"https:\/\/www.surtech.es\/wp-content\/uploads\/2025\/03\/IMG_6968-scaled.jpg\" alt=\"null\">\n\t<h2  data-ultimate-target='#interactive-banner-1-wrap-5266 .bb-top-title '  data-responsive-json-new='{\"font-size\":\"\",\"line-height\":\"\"}'  class=\"title-center bb-top-title ult-responsive\" style=\"font-weight:normal;background:rgba(0,120,194,0.5);color:#000000;\">EXPANSI\u00d3N DE INSTALACIONES<\/h2>\n\t<div class=\"mask opaque-background\" style=\"background:rgba(0,120,194,0.5);\">\n\t\t<div  data-ultimate-target='#interactive-banner-1-wrap-5266 .bb-description'  data-responsive-json-new='{\"font-size\":\"\",\"line-height\":\"\"}'  class=\"bb-description ult-responsive\" style=\"font-weight:normal;color:#ffffff;\"><\/div>\n\t<\/div><a class=\"bb-link\" href=\"https:\/\/www.surtech.es\/es\/servicios\/expansion-de-instalaciones\/\" title=\"Expansi\u00f3n de Instalaciones\" ><\/a>\n<\/div><\/div><\/div><div class=\"wpb_column vc_column_container\"><div class=\"vc_column-inner\">\n<div id=\"interactive-banner-1-wrap-1662\" class=\"ult-banner-block ult-adjust-bottom-margin ult-bb-box ult-banner-block-custom-height banner-style13 \"   style=\"height:200px;\">\n\t<img decoding=\"async\" src=\"https:\/\/www.surtech.es\/wp-content\/uploads\/2025\/03\/P0001900.jpg\" alt=\"null\">\n\t<h2  data-ultimate-target='#interactive-banner-1-wrap-1662 .bb-top-title '  data-responsive-json-new='{\"font-size\":\"\",\"line-height\":\"\"}'  class=\"title-center bb-top-title ult-responsive\" style=\"font-weight:normal;background:rgba(0,120,194,0.5);color:#000000;\">RELOCALIZACI\u00d3N DE INSTALACIONES<\/h2>\n\t<div class=\"mask opaque-background\" style=\"background:rgba(0,120,194,0.5);\">\n\t\t<div  data-ultimate-target='#interactive-banner-1-wrap-1662 .bb-description'  data-responsive-json-new='{\"font-size\":\"\",\"line-height\":\"\"}'  class=\"bb-description ult-responsive\" style=\"font-weight:normal;color:#ffffff;\"><\/div>\n\t<\/div><a class=\"bb-link\" href=\"https:\/\/www.surtech.es\/es\/servicios\/relocalizacion-de-instalaciones\/\" title=\"Relocalizaci\u00f3n de Instalaciones\" ><\/a>\n<\/div><\/div><\/div><div class=\"wpb_column vc_column_container\"><div class=\"vc_column-inner\">\n<div id=\"interactive-banner-1-wrap-7367\" class=\"ult-banner-block ult-adjust-bottom-margin ult-bb-box ult-banner-block-custom-height banner-style13 \"   style=\"height:200px;\">\n\t<img decoding=\"async\" src=\"https:\/\/www.surtech.es\/wp-content\/uploads\/2025\/03\/IMG_20240924_134155663.jpg\" alt=\"null\">\n\t<h2  data-ultimate-target='#interactive-banner-1-wrap-7367 .bb-top-title '  data-responsive-json-new='{\"font-size\":\"\",\"line-height\":\"\"}'  class=\"title-center bb-top-title ult-responsive\" style=\"font-weight:normal;background:rgba(0,120,194,0.5);color:#000000;\">MANTENIMIENTO<\/h2>\n\t<div class=\"mask opaque-background\" style=\"background:rgba(0,120,194,0.5);\">\n\t\t<div  data-ultimate-target='#interactive-banner-1-wrap-7367 .bb-description'  data-responsive-json-new='{\"font-size\":\"\",\"line-height\":\"\"}'  class=\"bb-description ult-responsive\" style=\"font-weight:normal;color:#ffffff;\"><\/div>\n\t<\/div><a class=\"bb-link\" href=\"https:\/\/www.surtech.es\/es\/servicios\/mantenimiento\/\" title=\"Mantenimiento\" ><\/a>\n<\/div><\/div><\/div><\/div><\/div><\/section><section class=\"l-section wpb_row height_small\"><div class=\"l-section-h i-cf\"><div class=\"g-cols vc_row via_grid cols_5-1 laptops-cols_inherit tablets-cols_inherit mobiles-cols_1 valign_top type_default stacking_default\"><div class=\"wpb_column vc_column_container\"><div class=\"vc_column-inner\"><div class=\"w-separator size_small\"><\/div><div class=\"wpb_text_column\"><div class=\"wpb_wrapper\"><p>Si quieres informaci\u00f3n sobre alguno de nuestros servicios, no dudes en ponerte en contacto con nosotros.<\/p>\n<\/div><\/div><\/div><\/div><div class=\"wpb_column vc_column_container\"><div class=\"vc_column-inner\"><div class=\"w-btn-wrapper align_none\"><a class=\"w-btn us-btn-style_1\" href=\"https:\/\/www.surtech.es\/es\/contacto\/\"><span class=\"w-btn-label\">Contacto<\/span><\/a><\/div><\/div><\/div><\/div><\/div><\/section><!-- Row Backgrounds --><div class=\"upb_bg_img\" data-ultimate-bg=\"url(https:\/\/www.surtech.es\/wp-content\/uploads\/2025\/03\/Fondo-gris.jpg)\" data-image-id=\"id^1168|url^https:\/\/www.surtech.es\/wp-content\/uploads\/2025\/03\/Fondo-gris.jpg|caption^Gray background|alt^null|title^Gray background|description^null\" data-ultimate-bg-style=\"vcpb-vz-jquery\" data-bg-img-repeat=\"no-repeat\" data-bg-img-size=\"cover\" data-bg-img-position=\"\" data-parallx_sense=\"30\" data-bg-override=\"0\" data-bg_img_attach=\"scroll\" data-upb-overlay-color=\"\" data-upb-bg-animation=\"\" data-fadeout=\"\" data-bg-animation=\"left-animation\" data-bg-animation-type=\"h\" data-animation-repeat=\"repeat\" data-fadeout-percentage=\"30\" data-parallax-content=\"\" data-parallax-content-sense=\"30\" data-row-effect-mobile-disable=\"true\" data-img-parallax-mobile-disable=\"true\" data-rtl=\"false\"  data-custom-vc-row=\"\"  data-vc=\"7.4\"  data-is_old_vc=\"\"  data-theme-support=\"\"   data-overlay=\"false\" data-overlay-color=\"\" data-overlay-pattern=\"\" data-overlay-pattern-opacity=\"\" data-overlay-pattern-size=\"\"    ><\/div>\n","protected":false},"excerpt":{"rendered":"Desde Surtech Engineering ofrecemos soluciones avanzadas de ingenier\u00eda adaptadas a las necesidades espec\u00edficas de cada cliente. Nuestros servicios est\u00e1n orientados a optimizar procesos, reducir costes y mejorar la eficiencia operativa a trav\u00e9s de la innovaci\u00f3n tecnol\u00f3gica. ALGUNOS DE NUESTROS SERVICIOS Dise\u00f1o y desarrollo de soluciones personalizadas: creamos soluciones de ingenier\u00eda personalizadas a los requerimientos de...","protected":false},"author":1,"featured_media":416,"parent":0,"menu_order":0,"comment_status":"closed","ping_status":"closed","template":"","meta":{"footnotes":""},"class_list":["post-875","page","type-page","status-publish","has-post-thumbnail","hentry"],"_links":{"self":[{"href":"https:\/\/www.surtech.es\/es\/wp-json\/wp\/v2\/pages\/875","targetHints":{"allow":["GET"]}}],"collection":[{"href":"https:\/\/www.surtech.es\/es\/wp-json\/wp\/v2\/pages"}],"about":[{"href":"https:\/\/www.surtech.es\/es\/wp-json\/wp\/v2\/types\/page"}],"author":[{"embeddable":true,"href":"https:\/\/www.surtech.es\/es\/wp-json\/wp\/v2\/users\/1"}],"replies":[{"embeddable":true,"href":"https:\/\/www.surtech.es\/es\/wp-json\/wp\/v2\/comments?post=875"}],"version-history":[{"count":7,"href":"https:\/\/www.surtech.es\/es\/wp-json\/wp\/v2\/pages\/875\/revisions"}],"predecessor-version":[{"id":1350,"href":"https:\/\/www.surtech.es\/es\/wp-json\/wp\/v2\/pages\/875\/revisions\/1350"}],"wp:featuredmedia":[{"embeddable":true,"href":"https:\/\/www.surtech.es\/es\/wp-json\/wp\/v2\/media\/416"}],"wp:attachment":[{"href":"https:\/\/www.surtech.es\/es\/wp-json\/wp\/v2\/media?parent=875"}],"curies":[{"name":"wp","href":"https:\/\/api.w.org\/{rel}","templated":true}]}}