{"id":878,"date":"2025-02-11T15:36:46","date_gmt":"2025-02-11T14:36:46","guid":{"rendered":"https:\/\/www.surtech.es\/?page_id=878"},"modified":"2025-03-27T12:05:50","modified_gmt":"2025-03-27T11:05:50","slug":"mantenimiento","status":"publish","type":"page","link":"https:\/\/www.surtech.es\/es\/servicios\/mantenimiento\/","title":{"rendered":"Mantenimiento"},"content":{"rendered":"<section class=\"l-section wpb_row height_medium\"><div class=\"l-section-h i-cf\"><div class=\"g-cols vc_row via_grid cols_2-1 laptops-cols_inherit tablets-cols_inherit mobiles-cols_1 valign_top type_default stacking_default\"><div class=\"wpb_column vc_column_container\"><div class=\"vc_column-inner\"><div class=\"wpb_text_column\"><div class=\"wpb_wrapper\"><h3 style=\"text-align: center;\" data-start=\"131\" data-end=\"228\"><strong data-start=\"135\" data-end=\"226\">Garantiza el Rendimiento de tus Instalaciones<\/strong><\/h3>\n<p data-start=\"230\" data-end=\"617\">El correcto mantenimiento de una l\u00ednea de tratamiento superficial es clave para asegurar <strong data-start=\"319\" data-end=\"364\">procesos estables, eficientes y rentables<\/strong> a lo largo del tiempo. Nuestro equipo de especialistas ofrece <strong data-start=\"427\" data-end=\"498\">servicios de mantenimiento preventivo, correctivo y de optimizaci\u00f3n<\/strong>, adaptados a las necesidades de cada instalaci\u00f3n para maximizar su productividad y minimizar tiempos de inactividad.<\/p>\n<ul>\n<li data-start=\"666\" data-end=\"807\"><strong data-start=\"669\" data-end=\"697\">Mantenimiento preventivo<\/strong> \u2013 Programas personalizados para evitar fallos, reducir el desgaste y prolongar la vida \u00fatil de los equipos.<\/li>\n<li data-start=\"666\" data-end=\"807\"><strong data-start=\"812\" data-end=\"840\">Mantenimiento correctivo<\/strong> \u2013 Diagn\u00f3stico y reparaci\u00f3n r\u00e1pida de aver\u00edas para minimizar tiempos de parada y restaurar la operatividad del sistema.<\/li>\n<li data-start=\"666\" data-end=\"807\"><strong data-start=\"966\" data-end=\"1001\">Optimizaci\u00f3n y mejora de l\u00edneas<\/strong> \u2013 Evaluaci\u00f3n de procesos para mejorar eficiencia, reducir consumo energ\u00e9tico y modernizar instalaciones con las \u00faltimas tecnolog\u00edas.<\/li>\n<li data-start=\"666\" data-end=\"807\"><strong data-start=\"1141\" data-end=\"1169\">Monitorizaci\u00f3n y control<\/strong> \u2013 Implementaci\u00f3n de sistemas de supervisi\u00f3n para anticipar fallos y optimizar el rendimiento de cada l\u00ednea.<\/li>\n<\/ul>\n<\/div><\/div><\/div><\/div><div class=\"wpb_column vc_column_container\"><div class=\"vc_column-inner\"><div class=\"w-separator size_medium\"><\/div><div class=\"w-image align_none\"><div class=\"w-image-h\"><img loading=\"lazy\" decoding=\"async\" width=\"1\" height=\"1\" src=\"https:\/\/www.surtech.es\/wp-content\/uploads\/2025\/03\/IMG_20240924_134210720.jpg\" class=\"attachment-large size-large\" alt=\"\" \/><\/div><\/div><\/div><\/div><\/div><\/div><\/section><section class=\"l-section wpb_row height_medium\"><div class=\"l-section-h i-cf\"><div class=\"g-cols vc_row via_grid cols_1 laptops-cols_inherit tablets-cols_inherit mobiles-cols_1 valign_top type_default stacking_default\"><div class=\"wpb_column vc_column_container\"><div class=\"vc_column-inner\"><div class=\"wpb_text_column\"><div class=\"wpb_wrapper\"><h3 data-start=\"1281\" data-end=\"1331\"><strong data-start=\"1285\" data-end=\"1329\">Beneficios de un Mantenimiento Eficiente<\/strong><\/h3>\n<p data-start=\"1333\" data-end=\"1422\">Aplicamos estrategias de mantenimiento que aportan ventajas clave para tu industria:<\/p>\n<ul>\n<li data-start=\"1424\" data-end=\"1851\"><strong data-start=\"1427\" data-end=\"1471\">Mayor fiabilidad y continuidad operativa<\/strong>, reduciendo imprevistos y tiempos de inactividad.<\/li>\n<li data-start=\"1424\" data-end=\"1851\"><strong data-start=\"1527\" data-end=\"1567\">Optimizaci\u00f3n del consumo de recursos<\/strong>, minimizando el gasto en energ\u00eda, agua y productos qu\u00edmicos.<\/li>\n<li data-start=\"1424\" data-end=\"1851\"><strong data-start=\"1634\" data-end=\"1672\">Cumplimiento normativo y seguridad<\/strong>, garantizando que la instalaci\u00f3n opere bajo los est\u00e1ndares m\u00e1s exigentes.<\/li>\n<li data-start=\"1424\" data-end=\"1851\"><strong data-start=\"1752\" data-end=\"1789\">Reducci\u00f3n de costos a largo plazo<\/strong>, al prevenir aver\u00edas y alargar la vida \u00fatil de los equipos.<\/li>\n<\/ul>\n<\/div><\/div><\/div><\/div><\/div><\/div><\/section><!-- Row Backgrounds --><div class=\"upb_bg_img\" data-ultimate-bg=\"url(https:\/\/www.surtech.es\/wp-content\/uploads\/2024\/01\/fondo-gris.jpg)\" data-image-id=\"id^295|url^https:\/\/www.surtech.es\/wp-content\/uploads\/2024\/01\/fondo-gris.jpg|caption^null|alt^null|title^Fondo Gris|description^null\" data-ultimate-bg-style=\"vcpb-vz-jquery\" data-bg-img-repeat=\"repeat\" data-bg-img-size=\"cover\" data-bg-img-position=\"\" data-parallx_sense=\"30\" data-bg-override=\"0\" data-bg_img_attach=\"scroll\" data-upb-overlay-color=\"\" data-upb-bg-animation=\"\" data-fadeout=\"\" data-bg-animation=\"left-animation\" data-bg-animation-type=\"h\" data-animation-repeat=\"repeat\" data-fadeout-percentage=\"30\" data-parallax-content=\"\" data-parallax-content-sense=\"30\" data-row-effect-mobile-disable=\"true\" data-img-parallax-mobile-disable=\"true\" data-rtl=\"false\"  data-custom-vc-row=\"\"  data-vc=\"7.4\"  data-is_old_vc=\"\"  data-theme-support=\"\"   data-overlay=\"false\" data-overlay-color=\"\" data-overlay-pattern=\"\" data-overlay-pattern-opacity=\"\" data-overlay-pattern-size=\"\"    ><\/div><section class=\"l-section wpb_row height_medium\"><div class=\"l-section-h i-cf\"><div class=\"g-cols vc_row via_grid cols_5-1 laptops-cols_inherit tablets-cols_inherit mobiles-cols_1 valign_top type_default stacking_default\"><div class=\"wpb_column vc_column_container\"><div class=\"vc_column-inner\"><div class=\"wpb_text_column\"><div class=\"wpb_wrapper\"><p><strong data-start=\"1856\" data-end=\"1941\">Maximiza la eficiencia de tu l\u00ednea industrial con un mantenimiento especializado.<\/strong> Cont\u00e1ctanos y descubre c\u00f3mo podemos ayudarte a mantener tu producci\u00f3n en su mejor estado.<\/p>\n<\/div><\/div><\/div><\/div><div class=\"wpb_column vc_column_container\"><div class=\"vc_column-inner\"><div class=\"w-btn-wrapper align_none\"><a class=\"w-btn us-btn-style_1\" href=\"https:\/\/www.surtech.es\/es\/contacto\/\"><span class=\"w-btn-label\">Contacto<\/span><\/a><\/div><\/div><\/div><\/div><\/div><\/section>\n","protected":false},"excerpt":{"rendered":"Garantiza el Rendimiento de tus Instalaciones El correcto mantenimiento de una l\u00ednea de tratamiento superficial es clave para asegurar procesos estables, eficientes y rentables a lo largo del tiempo. Nuestro equipo de especialistas ofrece servicios de mantenimiento preventivo, correctivo y de optimizaci\u00f3n, adaptados a las necesidades de cada instalaci\u00f3n para maximizar su productividad y minimizar...","protected":false},"author":1,"featured_media":446,"parent":875,"menu_order":0,"comment_status":"closed","ping_status":"closed","template":"","meta":{"footnotes":""},"class_list":["post-878","page","type-page","status-publish","has-post-thumbnail","hentry"],"_links":{"self":[{"href":"https:\/\/www.surtech.es\/es\/wp-json\/wp\/v2\/pages\/878","targetHints":{"allow":["GET"]}}],"collection":[{"href":"https:\/\/www.surtech.es\/es\/wp-json\/wp\/v2\/pages"}],"about":[{"href":"https:\/\/www.surtech.es\/es\/wp-json\/wp\/v2\/types\/page"}],"author":[{"embeddable":true,"href":"https:\/\/www.surtech.es\/es\/wp-json\/wp\/v2\/users\/1"}],"replies":[{"embeddable":true,"href":"https:\/\/www.surtech.es\/es\/wp-json\/wp\/v2\/comments?post=878"}],"version-history":[{"count":10,"href":"https:\/\/www.surtech.es\/es\/wp-json\/wp\/v2\/pages\/878\/revisions"}],"predecessor-version":[{"id":1307,"href":"https:\/\/www.surtech.es\/es\/wp-json\/wp\/v2\/pages\/878\/revisions\/1307"}],"up":[{"embeddable":true,"href":"https:\/\/www.surtech.es\/es\/wp-json\/wp\/v2\/pages\/875"}],"wp:featuredmedia":[{"embeddable":true,"href":"https:\/\/www.surtech.es\/es\/wp-json\/wp\/v2\/media\/446"}],"wp:attachment":[{"href":"https:\/\/www.surtech.es\/es\/wp-json\/wp\/v2\/media?parent=878"}],"curies":[{"name":"wp","href":"https:\/\/api.w.org\/{rel}","templated":true}]}}