{"id":886,"date":"2025-02-11T15:44:33","date_gmt":"2025-02-11T14:44:33","guid":{"rendered":"https:\/\/www.surtech.es\/?page_id=886"},"modified":"2025-03-27T12:04:07","modified_gmt":"2025-03-27T11:04:07","slug":"expansion-de-instalaciones","status":"publish","type":"page","link":"https:\/\/www.surtech.es\/es\/servicios\/expansion-de-instalaciones\/","title":{"rendered":"Expansi\u00f3n de Instalaciones"},"content":{"rendered":"<section class=\"l-section wpb_row height_medium\"><div class=\"l-section-h i-cf\"><div class=\"g-cols vc_row via_grid cols_1 laptops-cols_inherit tablets-cols_inherit mobiles-cols_1 valign_top type_default stacking_default\"><div class=\"wpb_column vc_column_container\"><div class=\"vc_column-inner\"><div class=\"wpb_text_column\"><div class=\"wpb_wrapper\"><h3 data-start=\"138\" data-end=\"203\"><strong data-start=\"142\" data-end=\"201\">Expande tu Capacidad Productiva<\/strong><\/h3>\n<p data-start=\"205\" data-end=\"574\">El crecimiento industrial requiere instalaciones que se adapten a nuevas demandas de producci\u00f3n, tecnolog\u00edas y normativas. Con nuestra experiencia en <strong data-start=\"355\" data-end=\"421\">ingenier\u00eda y optimizaci\u00f3n de l\u00edneas de tratamiento superficial<\/strong>, dise\u00f1amos e implementamos <strong data-start=\"449\" data-end=\"491\">proyectos de expansi\u00f3n y modernizaci\u00f3n<\/strong> que aumentan la capacidad operativa sin comprometer la eficiencia ni la calidad.<\/p>\n<ul>\n<li data-start=\"629\" data-end=\"788\"><strong data-start=\"632\" data-end=\"670\">Ampliaci\u00f3n de l\u00edneas de producci\u00f3n<\/strong> \u2013 Dise\u00f1o e integraci\u00f3n de nuevas etapas en sistemas existentes para aumentar la capacidad y mejorar el rendimiento.<\/li>\n<li data-start=\"629\" data-end=\"788\"><strong data-start=\"794\" data-end=\"827\">Instalaci\u00f3n de nuevos equipos<\/strong> \u2013 Incorporaci\u00f3n de tecnolog\u00edas avanzadas para optimizar procesos y reducir costos operativos.<\/li>\n<li data-start=\"925\" data-end=\"1081\"><strong data-start=\"928\" data-end=\"963\">Automatizaci\u00f3n y digitalizaci\u00f3n<\/strong> \u2013 Implementaci\u00f3n de sistemas de control y supervisi\u00f3n para mejorar la eficiencia y la trazabilidad de los procesos.<\/li>\n<li data-start=\"1083\" data-end=\"1261\"><strong data-start=\"1086\" data-end=\"1131\">Optimizaci\u00f3n de recursos y sostenibilidad<\/strong> \u2013 Expansiones dise\u00f1adas para minimizar el consumo de agua, energ\u00eda y productos qu\u00edmicos, cumpliendo con normativas ambientales.<\/li>\n<\/ul>\n<\/div><\/div><\/div><\/div><\/div><\/div><\/section><section class=\"l-section wpb_row height_small\"><div class=\"l-section-h i-cf\"><div class=\"g-cols vc_row via_grid cols_2 laptops-cols_inherit tablets-cols_inherit mobiles-cols_1 valign_top type_default stacking_default\"><div class=\"wpb_column vc_column_container\"><div class=\"vc_column-inner\"><div class=\"w-image us_custom_4a593b65 us_animate_this align_none\"><div class=\"w-image-h\"><img loading=\"lazy\" decoding=\"async\" width=\"1024\" height=\"768\" src=\"https:\/\/www.surtech.es\/wp-content\/uploads\/2025\/03\/IMG_1108-1024x768.jpg\" class=\"attachment-large size-large\" alt=\"\" srcset=\"https:\/\/www.surtech.es\/wp-content\/uploads\/2025\/03\/IMG_1108-1024x768.jpg 1024w, https:\/\/www.surtech.es\/wp-content\/uploads\/2025\/03\/IMG_1108-300x225.jpg 300w\" sizes=\"auto, (max-width: 1024px) 100vw, 1024px\" \/><\/div><\/div><\/div><\/div><div class=\"wpb_column vc_column_container\"><div class=\"vc_column-inner\"><div class=\"w-image us_custom_4a593b65 us_animate_this align_none\"><div class=\"w-image-h\"><img loading=\"lazy\" decoding=\"async\" width=\"1024\" height=\"768\" src=\"https:\/\/www.surtech.es\/wp-content\/uploads\/2025\/03\/IMG_20230316_145613-1024x768.jpg\" class=\"attachment-large size-large\" alt=\"\" srcset=\"https:\/\/www.surtech.es\/wp-content\/uploads\/2025\/03\/IMG_20230316_145613-1024x768.jpg 1024w, https:\/\/www.surtech.es\/wp-content\/uploads\/2025\/03\/IMG_20230316_145613-300x225.jpg 300w\" sizes=\"auto, (max-width: 1024px) 100vw, 1024px\" \/><\/div><\/div><\/div><\/div><\/div><\/div><\/section><section class=\"l-section wpb_row height_medium\"><div class=\"l-section-h i-cf\"><div class=\"g-cols vc_row via_grid cols_5-1 laptops-cols_inherit tablets-cols_inherit mobiles-cols_1 valign_top type_default stacking_default\"><div class=\"wpb_column vc_column_container\"><div class=\"vc_column-inner\"><div class=\"wpb_text_column\"><div class=\"wpb_wrapper\"><h3 data-start=\"1263\" data-end=\"1312\"><strong data-start=\"1267\" data-end=\"1310\">Beneficios de una Expansi\u00f3n Estrat\u00e9gica<\/strong><\/h3>\n<p data-start=\"1314\" data-end=\"1367\">\u00a0Dise\u00f1amos proyectos de expansi\u00f3n que garantizan:<\/p>\n<ul>\n<li data-start=\"1369\" data-end=\"1759\"><strong data-start=\"1372\" data-end=\"1405\">Mayor capacidad de producci\u00f3n<\/strong>, con soluciones escalables adaptadas a tu crecimiento.<\/li>\n<li data-start=\"1369\" data-end=\"1759\"><strong data-start=\"1466\" data-end=\"1501\">Eficiencia operativa optimizada<\/strong>, reduciendo tiempos de proceso y mejorando la calidad final.<\/li>\n<li data-start=\"1369\" data-end=\"1759\"><strong data-start=\"1568\" data-end=\"1603\">Reducci\u00f3n del impacto ambiental<\/strong>, con sistemas m\u00e1s sostenibles y eficientes.<\/li>\n<li data-start=\"1369\" data-end=\"1759\"><strong data-start=\"1653\" data-end=\"1687\">Integraci\u00f3n sin interrupciones<\/strong>, asegurando una transici\u00f3n fluida sin afectar la operatividad actual.<\/li>\n<\/ul>\n<\/div><\/div><\/div><\/div><div class=\"wpb_column vc_column_container\"><div class=\"vc_column-inner\"><\/div><\/div><\/div><\/div><\/section><!-- Row Backgrounds --><div class=\"upb_bg_img\" data-ultimate-bg=\"url(https:\/\/www.surtech.es\/wp-content\/uploads\/2024\/01\/fondo-gris.jpg)\" data-image-id=\"id^295|url^https:\/\/www.surtech.es\/wp-content\/uploads\/2024\/01\/fondo-gris.jpg|caption^null|alt^null|title^Fondo Gris|description^null\" data-ultimate-bg-style=\"vcpb-vz-jquery\" data-bg-img-repeat=\"repeat\" data-bg-img-size=\"cover\" data-bg-img-position=\"\" data-parallx_sense=\"30\" data-bg-override=\"0\" data-bg_img_attach=\"scroll\" data-upb-overlay-color=\"\" data-upb-bg-animation=\"\" data-fadeout=\"\" data-bg-animation=\"left-animation\" data-bg-animation-type=\"h\" data-animation-repeat=\"repeat\" data-fadeout-percentage=\"30\" data-parallax-content=\"\" data-parallax-content-sense=\"30\" data-row-effect-mobile-disable=\"true\" data-img-parallax-mobile-disable=\"true\" data-rtl=\"false\"  data-custom-vc-row=\"\"  data-vc=\"7.4\"  data-is_old_vc=\"\"  data-theme-support=\"\"   data-overlay=\"false\" data-overlay-color=\"\" data-overlay-pattern=\"\" data-overlay-pattern-opacity=\"\" data-overlay-pattern-size=\"\"    ><\/div><section class=\"l-section wpb_row height_medium\"><div class=\"l-section-h i-cf\"><div class=\"g-cols vc_row via_grid cols_5-1 laptops-cols_inherit tablets-cols_inherit mobiles-cols_1 valign_top type_default stacking_default\"><div class=\"wpb_column vc_column_container\"><div class=\"vc_column-inner\"><div class=\"wpb_text_column\"><div class=\"wpb_wrapper\"><p><strong data-start=\"1764\" data-end=\"1834\">Haz crecer tu industria con una expansi\u00f3n inteligente y eficiente.<\/strong> Cont\u00e1ctanos y descubre c\u00f3mo podemos ayudarte a llevar tu planta al siguiente nivel.<\/p>\n<\/div><\/div><\/div><\/div><div class=\"wpb_column vc_column_container\"><div class=\"vc_column-inner\"><div class=\"w-btn-wrapper align_none\"><a class=\"w-btn us-btn-style_1\" href=\"https:\/\/www.surtech.es\/es\/contacto\/\"><span class=\"w-btn-label\">Contacto<\/span><\/a><\/div><\/div><\/div><\/div><\/div><\/section>\n","protected":false},"excerpt":{"rendered":"Expande tu Capacidad Productiva El crecimiento industrial requiere instalaciones que se adapten a nuevas demandas de producci\u00f3n, tecnolog\u00edas y normativas. Con nuestra experiencia en ingenier\u00eda y optimizaci\u00f3n de l\u00edneas de tratamiento superficial, dise\u00f1amos e implementamos proyectos de expansi\u00f3n y modernizaci\u00f3n que aumentan la capacidad operativa sin comprometer la eficiencia ni la calidad. Ampliaci\u00f3n de l\u00edneas...","protected":false},"author":1,"featured_media":406,"parent":875,"menu_order":0,"comment_status":"closed","ping_status":"closed","template":"","meta":{"footnotes":""},"class_list":["post-886","page","type-page","status-publish","has-post-thumbnail","hentry"],"_links":{"self":[{"href":"https:\/\/www.surtech.es\/es\/wp-json\/wp\/v2\/pages\/886","targetHints":{"allow":["GET"]}}],"collection":[{"href":"https:\/\/www.surtech.es\/es\/wp-json\/wp\/v2\/pages"}],"about":[{"href":"https:\/\/www.surtech.es\/es\/wp-json\/wp\/v2\/types\/page"}],"author":[{"embeddable":true,"href":"https:\/\/www.surtech.es\/es\/wp-json\/wp\/v2\/users\/1"}],"replies":[{"embeddable":true,"href":"https:\/\/www.surtech.es\/es\/wp-json\/wp\/v2\/comments?post=886"}],"version-history":[{"count":8,"href":"https:\/\/www.surtech.es\/es\/wp-json\/wp\/v2\/pages\/886\/revisions"}],"predecessor-version":[{"id":1436,"href":"https:\/\/www.surtech.es\/es\/wp-json\/wp\/v2\/pages\/886\/revisions\/1436"}],"up":[{"embeddable":true,"href":"https:\/\/www.surtech.es\/es\/wp-json\/wp\/v2\/pages\/875"}],"wp:featuredmedia":[{"embeddable":true,"href":"https:\/\/www.surtech.es\/es\/wp-json\/wp\/v2\/media\/406"}],"wp:attachment":[{"href":"https:\/\/www.surtech.es\/es\/wp-json\/wp\/v2\/media?parent=886"}],"curies":[{"name":"wp","href":"https:\/\/api.w.org\/{rel}","templated":true}]}}