{"id":892,"date":"2025-02-11T15:51:08","date_gmt":"2025-02-11T14:51:08","guid":{"rendered":"https:\/\/www.surtech.es\/?page_id=892"},"modified":"2025-03-27T12:08:42","modified_gmt":"2025-03-27T11:08:42","slug":"relocalizacion-de-instalaciones","status":"publish","type":"page","link":"https:\/\/www.surtech.es\/es\/servicios\/relocalizacion-de-instalaciones\/","title":{"rendered":"Relocalizaci\u00f3n de Instalaciones"},"content":{"rendered":"<section class=\"l-section wpb_row height_medium\"><div class=\"l-section-h i-cf\"><div class=\"g-cols vc_row via_grid cols_2-1 laptops-cols_inherit tablets-cols_inherit mobiles-cols_1 valign_top type_default stacking_default\"><div class=\"wpb_column vc_column_container\"><div class=\"vc_column-inner\"><div class=\"wpb_text_column\"><div class=\"wpb_wrapper\"><h3 style=\"text-align: center;\" data-start=\"122\" data-end=\"204\"><strong data-start=\"126\" data-end=\"202\">Movemos tu Industria de Forma Segura y Eficiente<\/strong><\/h3>\n<p data-start=\"206\" data-end=\"611\">Trasladar una planta industrial o una l\u00ednea de producci\u00f3n es un desaf\u00edo que requiere <strong data-start=\"291\" data-end=\"359\">planificaci\u00f3n precisa, experiencia t\u00e9cnica y ejecuci\u00f3n eficiente<\/strong> para minimizar tiempos de inactividad y garantizar una puesta en marcha sin contratiempos. En nuestra empresa, ofrecemos un servicio integral de <strong data-start=\"505\" data-end=\"540\">relocalizaci\u00f3n de instalaciones<\/strong>, gestionando cada fase del proceso con total seguridad y eficiencia.<\/p>\n<ul>\n<li data-start=\"661\" data-end=\"789\"><strong data-start=\"664\" data-end=\"686\">Desmontaje t\u00e9cnico<\/strong> \u2013 Desinstalaci\u00f3n meticulosa de equipos, garantizando su integridad y preparaci\u00f3n para el transporte.<\/li>\n<li data-start=\"791\" data-end=\"939\"><strong data-start=\"794\" data-end=\"820\">Log\u00edstica y transporte<\/strong> \u2013 Coordinaci\u00f3n eficiente del traslado de equipos, asegurando su llegada en condiciones \u00f3ptimas a la nueva ubicaci\u00f3n.<\/li>\n<li data-start=\"941\" data-end=\"1092\"><strong data-start=\"945\" data-end=\"972\">Reinstalaci\u00f3n y montaje<\/strong> \u2013 Reubicaci\u00f3n e integraci\u00f3n de la l\u00ednea en el nuevo emplazamiento, asegurando alineaci\u00f3n, conexiones y funcionalidad.<\/li>\n<li data-start=\"1094\" data-end=\"1223\"><strong data-start=\"1097\" data-end=\"1131\">Puesta en marcha y calibraci\u00f3n<\/strong> \u2013 Ajuste, pruebas y optimizaci\u00f3n de los sistemas para un arranque inmediato y sin fallos.<\/li>\n<li data-start=\"1225\" data-end=\"1341\"><strong data-start=\"1228\" data-end=\"1261\">Optimizaci\u00f3n post-reubicaci\u00f3n<\/strong> \u2013 An\u00e1lisis de eficiencia para adaptar y mejorar procesos en el nuevo entorno.<\/li>\n<\/ul>\n<\/div><\/div><\/div><\/div><div class=\"wpb_column vc_column_container us_custom_47474b22 us_animate_this\"><div class=\"vc_column-inner\"><div class=\"w-separator size_large\"><\/div><div class=\"w-image us_custom_7e20fa79 us_animate_this align_none\"><div class=\"w-image-h\"><img loading=\"lazy\" decoding=\"async\" width=\"768\" height=\"1024\" src=\"https:\/\/www.surtech.es\/wp-content\/uploads\/2025\/03\/IMG_6968-768x1024.jpg\" class=\"attachment-large size-large\" alt=\"\" srcset=\"https:\/\/www.surtech.es\/wp-content\/uploads\/2025\/03\/IMG_6968-768x1024.jpg 768w, https:\/\/www.surtech.es\/wp-content\/uploads\/2025\/03\/IMG_6968-225x300.jpg 225w, https:\/\/www.surtech.es\/wp-content\/uploads\/2025\/03\/IMG_6968-scaled.jpg 1920w\" sizes=\"auto, (max-width: 768px) 100vw, 768px\" \/><\/div><\/div><\/div><\/div><\/div><\/div><\/section><section class=\"l-section wpb_row height_medium\"><div class=\"l-section-h i-cf\"><div class=\"g-cols vc_row via_grid cols_1 laptops-cols_inherit tablets-cols_inherit mobiles-cols_1 valign_top type_default stacking_default\"><div class=\"wpb_column vc_column_container\"><div class=\"vc_column-inner\"><div class=\"wpb_text_column\"><div class=\"wpb_wrapper\"><h3 data-start=\"1343\" data-end=\"1397\"><strong data-start=\"1347\" data-end=\"1395\">Beneficios de una Relocalizaci\u00f3n Planificada<\/strong><\/h3>\n<p data-start=\"1399\" data-end=\"1451\">Nuestro enfoque integral ofrece ventajas clave:<\/p>\n<ul>\n<li data-start=\"1453\" data-end=\"1912\"><strong data-start=\"1456\" data-end=\"1490\">Tiempo de inactividad reducido<\/strong>, con planificaci\u00f3n estrat\u00e9gica para minimizar interrupciones.<\/li>\n<li data-start=\"1453\" data-end=\"1912\"><strong data-start=\"1558\" data-end=\"1596\">Seguridad y cumplimiento normativo<\/strong>, asegurando que cada etapa del traslado se realice bajo est\u00e1ndares industriales y ambientales.<\/li>\n<li data-start=\"1453\" data-end=\"1912\"><strong data-start=\"1697\" data-end=\"1745\">Preservaci\u00f3n de la integridad de los equipos<\/strong>, con desmontaje, embalaje y transporte especializado.<\/li>\n<li data-start=\"1453\" data-end=\"1912\"><strong data-start=\"1805\" data-end=\"1845\">Optimizaci\u00f3n de la nueva instalaci\u00f3n<\/strong>, adaptando los procesos a un entorno m\u00e1s eficiente y productivo.<\/li>\n<\/ul>\n<\/div><\/div><\/div><\/div><\/div><\/div><\/section><!-- Row Backgrounds --><div class=\"upb_bg_img\" data-ultimate-bg=\"url(https:\/\/www.surtech.es\/wp-content\/uploads\/2024\/01\/fondo-gris.jpg)\" data-image-id=\"id^295|url^https:\/\/www.surtech.es\/wp-content\/uploads\/2024\/01\/fondo-gris.jpg|caption^null|alt^null|title^Fondo Gris|description^null\" data-ultimate-bg-style=\"vcpb-vz-jquery\" data-bg-img-repeat=\"repeat\" data-bg-img-size=\"cover\" data-bg-img-position=\"\" data-parallx_sense=\"30\" data-bg-override=\"0\" data-bg_img_attach=\"scroll\" data-upb-overlay-color=\"\" data-upb-bg-animation=\"\" data-fadeout=\"\" data-bg-animation=\"left-animation\" data-bg-animation-type=\"h\" data-animation-repeat=\"repeat\" data-fadeout-percentage=\"30\" data-parallax-content=\"\" data-parallax-content-sense=\"30\" data-row-effect-mobile-disable=\"true\" data-img-parallax-mobile-disable=\"true\" data-rtl=\"false\"  data-custom-vc-row=\"\"  data-vc=\"7.4\"  data-is_old_vc=\"\"  data-theme-support=\"\"   data-overlay=\"false\" data-overlay-color=\"\" data-overlay-pattern=\"\" data-overlay-pattern-opacity=\"\" data-overlay-pattern-size=\"\"    ><\/div><section class=\"l-section wpb_row height_medium\"><div class=\"l-section-h i-cf\"><div class=\"g-cols vc_row via_grid cols_5-1 laptops-cols_inherit tablets-cols_inherit mobiles-cols_1 valign_top type_default stacking_default\"><div class=\"wpb_column vc_column_container\"><div class=\"vc_column-inner\"><div class=\"wpb_text_column\"><div class=\"wpb_wrapper\"><p><strong data-start=\"1917\" data-end=\"1983\">Lleva tu industria a donde necesite estar, sin complicaciones.<\/strong> Cont\u00e1ctanos y descubre c\u00f3mo podemos garantizar una relocalizaci\u00f3n segura, eficiente y sin imprevistos.<\/p>\n<\/div><\/div><\/div><\/div><div class=\"wpb_column vc_column_container\"><div class=\"vc_column-inner\"><div class=\"w-btn-wrapper align_none\"><a class=\"w-btn us-btn-style_1\" href=\"https:\/\/www.surtech.es\/es\/contacto\/\"><span class=\"w-btn-label\">Contacto<\/span><\/a><\/div><\/div><\/div><\/div><\/div><\/section>\n","protected":false},"excerpt":{"rendered":"Movemos tu Industria de Forma Segura y Eficiente Trasladar una planta industrial o una l\u00ednea de producci\u00f3n es un desaf\u00edo que requiere planificaci\u00f3n precisa, experiencia t\u00e9cnica y ejecuci\u00f3n eficiente para minimizar tiempos de inactividad y garantizar una puesta en marcha sin contratiempos. En nuestra empresa, ofrecemos un servicio integral de relocalizaci\u00f3n de instalaciones, gestionando cada...","protected":false},"author":1,"featured_media":360,"parent":875,"menu_order":0,"comment_status":"closed","ping_status":"closed","template":"","meta":{"footnotes":""},"class_list":["post-892","page","type-page","status-publish","has-post-thumbnail","hentry"],"_links":{"self":[{"href":"https:\/\/www.surtech.es\/es\/wp-json\/wp\/v2\/pages\/892","targetHints":{"allow":["GET"]}}],"collection":[{"href":"https:\/\/www.surtech.es\/es\/wp-json\/wp\/v2\/pages"}],"about":[{"href":"https:\/\/www.surtech.es\/es\/wp-json\/wp\/v2\/types\/page"}],"author":[{"embeddable":true,"href":"https:\/\/www.surtech.es\/es\/wp-json\/wp\/v2\/users\/1"}],"replies":[{"embeddable":true,"href":"https:\/\/www.surtech.es\/es\/wp-json\/wp\/v2\/comments?post=892"}],"version-history":[{"count":9,"href":"https:\/\/www.surtech.es\/es\/wp-json\/wp\/v2\/pages\/892\/revisions"}],"predecessor-version":[{"id":1438,"href":"https:\/\/www.surtech.es\/es\/wp-json\/wp\/v2\/pages\/892\/revisions\/1438"}],"up":[{"embeddable":true,"href":"https:\/\/www.surtech.es\/es\/wp-json\/wp\/v2\/pages\/875"}],"wp:featuredmedia":[{"embeddable":true,"href":"https:\/\/www.surtech.es\/es\/wp-json\/wp\/v2\/media\/360"}],"wp:attachment":[{"href":"https:\/\/www.surtech.es\/es\/wp-json\/wp\/v2\/media?parent=892"}],"curies":[{"name":"wp","href":"https:\/\/api.w.org\/{rel}","templated":true}]}}