{"id":939,"date":"2025-02-11T20:05:27","date_gmt":"2025-02-11T19:05:27","guid":{"rendered":"https:\/\/www.surtech.es\/?page_id=939"},"modified":"2025-03-27T11:01:13","modified_gmt":"2025-03-27T10:01:13","slug":"sobre-nosotros","status":"publish","type":"page","link":"https:\/\/www.surtech.es\/es\/sobre-nosotros\/","title":{"rendered":"SOBRE NOSOTROS"},"content":{"rendered":"<section class=\"l-section wpb_row height_small\"><div class=\"l-section-h i-cf\"><div class=\"g-cols vc_row via_grid cols_1 laptops-cols_inherit tablets-cols_inherit mobiles-cols_1 valign_top type_default stacking_default\"><div class=\"wpb_column vc_column_container\"><div class=\"vc_column-inner\"><div class=\"w-separator size_medium\"><\/div><div class=\"wpb_text_column\"><div class=\"wpb_wrapper\"><h3 style=\"text-align: center;\" data-start=\"127\" data-end=\"187\"><strong data-start=\"129\" data-end=\"185\">Impulsando la Industria con Ingenier\u00eda de Vanguardia<\/strong><\/h3>\n<p data-start=\"189\" data-end=\"535\">Desde nuestros inicios, hemos trabajado con un prop\u00f3sito claro: dise\u00f1ar y desarrollar <strong data-start=\"275\" data-end=\"327\">soluciones innovadoras, eficientes y sostenibles<\/strong> para el tratamiento superficial industrial. Nuestro compromiso con la <strong data-start=\"398\" data-end=\"439\">calidad, la tecnolog\u00eda y las personas<\/strong> nos ha convertido en un referente del sector, ofreciendo proyectos a medida en todo el mundo.<\/p>\n<\/div><\/div><\/div><\/div><\/div><\/div><\/section><section class=\"l-section wpb_row height_small\"><div class=\"l-section-h i-cf\"><div class=\"g-cols vc_row via_grid cols_1 laptops-cols_inherit tablets-cols_inherit mobiles-cols_1 valign_top type_default stacking_default\"><div class=\"wpb_column vc_column_container\"><div class=\"vc_column-inner\"><div class=\"wpb_text_column\"><div class=\"wpb_wrapper\"><h3 style=\"text-align: center;\" data-start=\"542\" data-end=\"567\"><strong data-start=\"545\" data-end=\"565\">Nuestra Historia<\/strong><\/h3>\n<p data-start=\"569\" data-end=\"1204\">\ud83d\udd39 <strong data-start=\"572\" data-end=\"594\">[A\u00f1o de fundaci\u00f3n]<\/strong> \u2013 Nace nuestra empresa con el objetivo de innovar en el dise\u00f1o de plantas de tratamiento superficial.<br data-start=\"696\" data-end=\"699\" \/>\ud83d\udd39 <strong data-start=\"702\" data-end=\"722\">[Hito relevante]<\/strong> \u2013 Expansi\u00f3n de nuestros servicios a nivel internacional, ejecutando proyectos en [regiones clave].<br data-start=\"821\" data-end=\"824\" \/>\ud83d\udd39 <strong data-start=\"827\" data-end=\"847\">[Hito relevante]<\/strong> \u2013 Incorporaci\u00f3n de tecnolog\u00edas de automatizaci\u00f3n e Industria 4.0 en nuestras soluciones.<br data-start=\"936\" data-end=\"939\" \/>\ud83d\udd39 <strong data-start=\"942\" data-end=\"962\">[Hito relevante]<\/strong> \u2013 Desarrollo de procesos sostenibles, reduciendo el impacto ambiental del tratamiento superficial.<br data-start=\"1061\" data-end=\"1064\" \/>\ud83d\udd39 <strong data-start=\"1067\" data-end=\"1083\">[Actualidad]<\/strong> \u2013 Seguimos creciendo con una visi\u00f3n clara: ofrecer <strong data-start=\"1135\" data-end=\"1201\">ingenier\u00eda avanzada para un futuro m\u00e1s eficiente y responsable<\/strong>.<\/p>\n<p data-start=\"1206\" data-end=\"1276\"><strong data-start=\"1209\" data-end=\"1274\">Cada paso que damos nos acerca m\u00e1s a la industria del ma\u00f1ana.<\/strong><\/p>\n<\/div><\/div><\/div><\/div><\/div><\/div><\/section><!-- Row Backgrounds --><div class=\"upb_bg_img\" data-ultimate-bg=\"url(https:\/\/www.surtech.es\/wp-content\/uploads\/2024\/01\/fondo-gris.jpg)\" data-image-id=\"id^295|url^https:\/\/www.surtech.es\/wp-content\/uploads\/2024\/01\/fondo-gris.jpg|caption^null|alt^null|title^Fondo Gris|description^null\" data-ultimate-bg-style=\"vcpb-vz-jquery\" data-bg-img-repeat=\"no-repeat\" data-bg-img-size=\"cover\" data-bg-img-position=\"\" data-parallx_sense=\"30\" data-bg-override=\"0\" data-bg_img_attach=\"scroll\" data-upb-overlay-color=\"\" data-upb-bg-animation=\"\" data-fadeout=\"\" data-bg-animation=\"left-animation\" data-bg-animation-type=\"h\" data-animation-repeat=\"repeat\" data-fadeout-percentage=\"30\" data-parallax-content=\"\" data-parallax-content-sense=\"30\" data-row-effect-mobile-disable=\"true\" data-img-parallax-mobile-disable=\"true\" data-rtl=\"false\"  data-custom-vc-row=\"\"  data-vc=\"7.4\"  data-is_old_vc=\"\"  data-theme-support=\"\"   data-overlay=\"false\" data-overlay-color=\"\" data-overlay-pattern=\"\" data-overlay-pattern-opacity=\"\" data-overlay-pattern-size=\"\"    ><\/div><section class=\"l-section wpb_row height_small\"><div class=\"l-section-h i-cf\"><div class=\"g-cols vc_row via_grid cols_1 laptops-cols_inherit tablets-cols_inherit mobiles-cols_1 valign_top type_default stacking_default\"><div class=\"wpb_column vc_column_container\"><div class=\"vc_column-inner\"><div class=\"wpb_text_column\"><div class=\"wpb_wrapper\"><h3 style=\"text-align: center;\">Nuestro equipo: Ingenier\u00eda y Experiencia<\/h3>\n<\/div><\/div><div class=\"w-separator size_small\"><\/div><div class=\"wpb_text_column\"><div class=\"wpb_wrapper\"><p>Nuestro \u00e9xito se basa en un equipo altamente especializado, donde cada \u00e1rea trabaja en sinergia para dise\u00f1ar, desarrollar y optimizar cada proyecto.<\/p>\n<p>Las especialidades de nuestros trabajadores son diversas de tal forma que se complementan para asegurar el \u00e9xito.<\/p>\n<\/div><\/div><\/div><\/div><\/div><\/div><\/section><section class=\"l-section wpb_row height_auto\"><div class=\"l-section-h i-cf\"><div class=\"g-cols vc_row via_grid cols_2 laptops-cols_inherit tablets-cols_inherit mobiles-cols_1 valign_top type_default stacking_default\"><div class=\"wpb_column vc_column_container\"><div class=\"vc_column-inner\"><div class=\"wpb_text_column\"><div class=\"wpb_wrapper\"><p data-start=\"1496\" data-end=\"1649\"><strong data-start=\"1499\" data-end=\"1522\">Ingenier\u00eda Mec\u00e1nica<\/strong> \u2013 Dise\u00f1o y desarrollo de estructuras, l\u00edneas de producci\u00f3n y sistemas de tratamiento superficial adaptados a cada necesidad.<\/p>\n<p data-start=\"1651\" data-end=\"1805\"><strong data-start=\"1653\" data-end=\"1694\">Ingenier\u00eda El\u00e9ctrica y Automatizaci\u00f3n<\/strong> \u2013 Implementaci\u00f3n de soluciones inteligentes, monitorizaci\u00f3n de procesos y control de calidad en tiempo real.<\/p>\n<p data-start=\"2225\" data-end=\"2341\"><strong data-start=\"2228\" data-end=\"2339\">Nuestro equipo trabaja con un objetivo com\u00fan: ofrecer soluciones que marquen la diferencia en la industria.<\/strong><\/p>\n<\/div><\/div><div class=\"w-separator size_medium\"><\/div><\/div><\/div><div class=\"wpb_column vc_column_container\"><div class=\"vc_column-inner\"><div class=\"wpb_text_column\"><div class=\"wpb_wrapper\"><p data-start=\"1807\" data-end=\"1934\"><strong data-start=\"1810\" data-end=\"1834\">Gesti\u00f3n de Proyectos<\/strong> \u2013 Coordinaci\u00f3n eficiente de cada fase, asegurando cumplimiento de plazos y est\u00e1ndares de calidad.<\/p>\n<p data-start=\"1936\" data-end=\"2069\"><strong data-start=\"1940\" data-end=\"1970\">Montaje y Puesta en Marcha<\/strong> \u2013 Instalaci\u00f3n y optimizaci\u00f3n de equipos, garantizando un rendimiento \u00f3ptimo desde el primer d\u00eda.<\/p>\n<p data-start=\"2071\" data-end=\"2223\"><strong data-start=\"2074\" data-end=\"2106\">Administraci\u00f3n y Operaciones<\/strong> \u2013 Gesti\u00f3n integral para mantener la eficiencia en cada proyecto, asegurando la mejor atenci\u00f3n a nuestros clientes.<\/p>\n<\/div><\/div><div class=\"w-separator size_medium\"><\/div><\/div><\/div><\/div><\/div><\/section><section class=\"l-section wpb_row height_medium\"><div class=\"l-section-h i-cf\"><div class=\"g-cols vc_row via_grid cols_1 laptops-cols_inherit tablets-cols_inherit mobiles-cols_1 valign_top type_default stacking_default\"><div class=\"wpb_column vc_column_container\"><div class=\"vc_column-inner\"><div class=\"wpb_text_column\"><div class=\"wpb_wrapper\"><h3 style=\"text-align: center;\" data-start=\"2348\" data-end=\"2419\"><strong data-start=\"2351\" data-end=\"2417\">Compromiso con la Innovaci\u00f3n, la Sostenibilidad y las Personas<\/strong><\/h3>\n<p data-start=\"2421\" data-end=\"2611\"><strong data-start=\"2424\" data-end=\"2457\">Respeto por el Medio Ambiente<\/strong> \u2013 Apostamos por tecnolog\u00edas que reducen el consumo de agua, energ\u00eda y productos qu\u00edmicos, optimizando los recursos para un menor impacto en el planeta.<\/p>\n<p data-start=\"2613\" data-end=\"2816\"><strong data-start=\"2616\" data-end=\"2656\">Compromiso con Nuestros Trabajadores<\/strong> \u2013 Creemos en el desarrollo profesional, la seguridad y la mejora continua de las condiciones laborales, fomentando un entorno de trabajo equitativo y seguro.<\/p>\n<p data-start=\"2818\" data-end=\"3027\"><strong data-start=\"2821\" data-end=\"2854\">Innovaci\u00f3n y Mejora Constante<\/strong> \u2013 La investigaci\u00f3n y el desarrollo son el n\u00facleo de nuestra evoluci\u00f3n. Colaboramos con universidades y centros tecnol\u00f3gicos para estar siempre a la vanguardia del sector.<\/p>\n<p style=\"text-align: center;\" data-start=\"3029\" data-end=\"3147\"><strong data-start=\"3032\" data-end=\"3145\">Nuestro compromiso va m\u00e1s all\u00e1 de la ingenier\u00eda: trabajamos por un futuro m\u00e1s eficiente, seguro y sostenible.<\/strong><\/p>\n<\/div><\/div><\/div><\/div><\/div><\/div><\/section><!-- Row Backgrounds --><div class=\"upb_bg_img\" data-ultimate-bg=\"url(https:\/\/www.surtech.es\/wp-content\/uploads\/2025\/03\/Fondo.jpg)\" data-image-id=\"id^1409|url^https:\/\/www.surtech.es\/wp-content\/uploads\/2025\/03\/Fondo.jpg|caption^Beautiful meadow field with fresh grass and yellow dandelion flowers in nature against a blurry blue sky with clouds. Summer spring perfect natural landscape.|alt^null|title^Fondo|description^null\" data-ultimate-bg-style=\"vcpb-vz-jquery\" data-bg-img-repeat=\"repeat\" data-bg-img-size=\"cover\" data-bg-img-position=\"\" data-parallx_sense=\"30\" data-bg-override=\"0\" data-bg_img_attach=\"scroll\" data-upb-overlay-color=\"\" data-upb-bg-animation=\"\" data-fadeout=\"fadeout_row_value\" data-bg-animation=\"left-animation\" data-bg-animation-type=\"h\" data-animation-repeat=\"repeat\" data-fadeout-percentage=\"30\" data-parallax-content=\"\" data-parallax-content-sense=\"30\" data-row-effect-mobile-disable=\"true\" data-img-parallax-mobile-disable=\"true\" data-rtl=\"false\"  data-custom-vc-row=\"\"  data-vc=\"7.4\"  data-is_old_vc=\"\"  data-theme-support=\"\"   data-overlay=\"false\" data-overlay-color=\"\" data-overlay-pattern=\"\" data-overlay-pattern-opacity=\"\" data-overlay-pattern-size=\"\"    ><\/div><section class=\"l-section wpb_row height_small\"><div class=\"l-section-h i-cf\"><div class=\"g-cols vc_row via_grid cols_5-1 laptops-cols_inherit tablets-cols_inherit mobiles-cols_1 valign_middle type_default stacking_default\"><div class=\"wpb_column vc_column_container\"><div class=\"vc_column-inner\"><div class=\"wpb_text_column\"><div class=\"wpb_wrapper\"><h3 style=\"text-align: center;\" data-start=\"3154\" data-end=\"3190\"><strong data-start=\"3158\" data-end=\"3188\">\u00bfQuieres conocernos mejor?<\/strong><\/h3>\n<p style=\"text-align: center;\" data-start=\"3191\" data-end=\"3261\">Cont\u00e1ctanos y descubre c\u00f3mo podemos aportar valor a tu industria.<\/p>\n<\/div><\/div><\/div><\/div><div class=\"wpb_column vc_column_container\"><div class=\"vc_column-inner\"><div class=\"w-btn-wrapper align_none\"><a class=\"w-btn us-btn-style_1\" href=\"contacto\"><span class=\"w-btn-label\">Contacto<\/span><\/a><\/div><\/div><\/div><\/div><\/div><\/section>\n","protected":false},"excerpt":{"rendered":"Impulsando la Industria con Ingenier\u00eda de Vanguardia Desde nuestros inicios, hemos trabajado con un prop\u00f3sito claro: dise\u00f1ar y desarrollar soluciones innovadoras, eficientes y sostenibles para el tratamiento superficial industrial. Nuestro compromiso con la calidad, la tecnolog\u00eda y las personas nos ha convertido en un referente del sector, ofreciendo proyectos a medida en todo el mundo....","protected":false},"author":1,"featured_media":1403,"parent":0,"menu_order":0,"comment_status":"closed","ping_status":"closed","template":"","meta":{"footnotes":""},"class_list":["post-939","page","type-page","status-publish","has-post-thumbnail","hentry"],"_links":{"self":[{"href":"https:\/\/www.surtech.es\/es\/wp-json\/wp\/v2\/pages\/939","targetHints":{"allow":["GET"]}}],"collection":[{"href":"https:\/\/www.surtech.es\/es\/wp-json\/wp\/v2\/pages"}],"about":[{"href":"https:\/\/www.surtech.es\/es\/wp-json\/wp\/v2\/types\/page"}],"author":[{"embeddable":true,"href":"https:\/\/www.surtech.es\/es\/wp-json\/wp\/v2\/users\/1"}],"replies":[{"embeddable":true,"href":"https:\/\/www.surtech.es\/es\/wp-json\/wp\/v2\/comments?post=939"}],"version-history":[{"count":15,"href":"https:\/\/www.surtech.es\/es\/wp-json\/wp\/v2\/pages\/939\/revisions"}],"predecessor-version":[{"id":1416,"href":"https:\/\/www.surtech.es\/es\/wp-json\/wp\/v2\/pages\/939\/revisions\/1416"}],"wp:featuredmedia":[{"embeddable":true,"href":"https:\/\/www.surtech.es\/es\/wp-json\/wp\/v2\/media\/1403"}],"wp:attachment":[{"href":"https:\/\/www.surtech.es\/es\/wp-json\/wp\/v2\/media?parent=939"}],"curies":[{"name":"wp","href":"https:\/\/api.w.org\/{rel}","templated":true}]}}